{"id":10,"date":"2020-02-15T19:50:57","date_gmt":"2020-02-15T18:50:57","guid":{"rendered":"http:\/\/www.fipwarriors.eu\/?page_id=10"},"modified":"2021-08-20T08:39:07","modified_gmt":"2021-08-20T06:39:07","slug":"kontakt","status":"publish","type":"page","link":"https:\/\/www.fipwarriors.eu\/en\/kontakt\/","title":{"rendered":"Contact"},"content":{"rendered":"<div class=\"wp-block-columns is-layout-flex wp-container-core-columns-is-layout-9d6595d7 wp-block-columns-is-layout-flex\">\n<div class=\"wp-block-column is-layout-flow wp-block-column-is-layout-flow\">\n<p class=\"lm-round has-background has-small-font-size\" style=\"background-color:#ddf2ff\">Pre dotazy oh&#318;adne lie&#269;by <a class=\"glossaryLink\" aria-describedby=\"tt\" data-cmtooltip=\"&lt;div class=glossaryItemBody&gt;Infek&#269;n&aacute; peritonit&iacute;da ma&#269;iek (angl. Feline infectious peritonitis, zau&#382;&iacute;van&aacute; skratka FIP) je infek&#269;n&eacute; ochorenie ma&#269;iek sp&ocirc;sobuj&uacute;ce smr&#357;. N&aacute;zov je mierne zav&aacute;dzaj&uacute;ci, preto&#382;e nejde o z&aacute;pal pobru&scaron;nice (&#269;i&#382;e peritonea), ale o z&aacute;pal ciev (vaskulit&iacute;da). Klinick&eacute; pr&iacute;znaky FIP sa v&scaron;ak &#269;asto prejavuj&uacute; vo forme z&aacute;palu pobru&scaron;nice. V&iacute;rus FIP nap&aacute;da v&scaron;ak aj pohrudnicu &ndash; z toho d&ocirc;vodu je niekedy choroba ozna&#269;ovan&aacute; tie&#382; ako Infek&#269;n&aacute; ma&#269;acia polyserozit&iacute;da (Feline infectious polyserositis).&lt;\/div&gt;\" href=\"https:\/\/www.fipwarriors.eu\/en\/glossary\/fip\/\" data-mobile-support=\"0\" data-gt-translate-attributes='[{\"attribute\":\"data-cmtooltip\", \"format\":\"html\"}]' tabindex=\"0\" role=\"link\">FIP<\/a> alebo liekov vr&aacute;mci &#268;R\/SR pou&#382;ite facebookov&uacute; skupinu <a href=\"https:\/\/www.facebook.com\/groups\/fipczsk\" target=\"_blank\" rel=\"noreferrer noopener nofollow\">FIP Warriors CZ\/SK<\/a>. &#270;akujeme za pochopenie.<\/p>\n\n\n\n<figure class=\"wp-block-image size-full\"><a href=\"https:\/\/www.fipwarriors.eu\/wp-content\/uploads\/2021\/08\/catletter.jpg\"><img loading=\"lazy\" decoding=\"async\" width=\"1000\" height=\"996\" src=\"https:\/\/www.fipwarriors.eu\/wp-content\/uploads\/2021\/08\/catletter.jpg\" alt=\"\" class=\"wp-image-8324\" srcset=\"https:\/\/www.fipwarriors.eu\/wp-content\/uploads\/2021\/08\/catletter.jpg 1000w, https:\/\/www.fipwarriors.eu\/wp-content\/uploads\/2021\/08\/catletter-300x300.jpg 300w, https:\/\/www.fipwarriors.eu\/wp-content\/uploads\/2021\/08\/catletter-150x150.jpg 150w, https:\/\/www.fipwarriors.eu\/wp-content\/uploads\/2021\/08\/catletter-768x765.jpg 768w, https:\/\/www.fipwarriors.eu\/wp-content\/uploads\/2021\/08\/catletter-12x12.jpg 12w, https:\/\/www.fipwarriors.eu\/wp-content\/uploads\/2021\/08\/catletter-100x100.jpg 100w, https:\/\/www.fipwarriors.eu\/wp-content\/uploads\/2021\/08\/catletter-250x250.jpg 250w, https:\/\/www.fipwarriors.eu\/wp-content\/uploads\/2021\/08\/catletter-350x349.jpg 350w, https:\/\/www.fipwarriors.eu\/wp-content\/uploads\/2021\/08\/catletter-64x64.jpg 64w\" sizes=\"auto, (max-width: 706px) 89vw, (max-width: 767px) 82vw, 740px\"\/><\/a><\/figure>\n<\/div>\n\n\n\n<div class=\"wp-block-column is-layout-flow wp-block-column-is-layout-flow\">\n<div class=\"wpcf7 no-js\" id=\"wpcf7-f8318-o1\" lang=\"sk-SK\" dir=\"ltr\" data-wpcf7-id=\"8318\">\n<div class=\"screen-reader-response\"><p role=\"status\" aria-live=\"polite\" aria-atomic=\"true\"><\/p> <ul><\/ul><\/div>\n<form action=\"\/en\/wp-json\/wp\/v2\/pages\/10#wpcf7-f8318-o1\" method=\"post\" class=\"wpcf7-form init\" aria-label=\"Kontaktn&yacute; formul&aacute;r\" novalidate=\"novalidate\" data-status=\"init\">\n<fieldset class=\"hidden-fields-container\"><input type=\"hidden\" name=\"_wpcf7\" value=\"8318\"><input type=\"hidden\" name=\"_wpcf7_version\" value=\"6.1.5\"><input type=\"hidden\" name=\"_wpcf7_locale\" value=\"sk_SK\"><input type=\"hidden\" name=\"_wpcf7_unit_tag\" value=\"wpcf7-f8318-o1\"><input type=\"hidden\" name=\"_wpcf7_container_post\" value=\"0\"><input type=\"hidden\" name=\"_wpcf7_posted_data_hash\" value=\"\"><input type=\"hidden\" name=\"_wpcf7cf_hidden_group_fields\" value=\"[]\"><input type=\"hidden\" name=\"_wpcf7cf_hidden_groups\" value=\"[]\"><input type=\"hidden\" name=\"_wpcf7cf_visible_groups\" value=\"[]\"><input type=\"hidden\" name=\"_wpcf7cf_repeaters\" value=\"[]\"><input type=\"hidden\" name=\"_wpcf7cf_steps\" value=\"{}\"><input type=\"hidden\" name=\"_wpcf7cf_options\" value='{\"form_id\":8318,\"conditions\":[],\"settings\":{\"animation\":\"yes\",\"animation_intime\":200,\"animation_outtime\":200,\"conditions_ui\":\"normal\",\"notice_dismissed\":false,\"repeater_remove_button\":\"bottom\",\"notice_dismissed_rollback-cf7-5.5.6\":true,\"notice_dismissed_rollback-cf7-5.6.4\":true,\"notice_dismissed_rollback-cf7-5.7.4\":true,\"notice_dismissed_rollback-cf7-5.8.3\":true,\"notice_dismissed_rollback-cf7-5.9.5\":true,\"notice_dismissed_rollback-cf7-6.0\":true}}'><input type=\"hidden\" name=\"_wpcf7_recaptcha_response\" value=\"\">\n<\/fieldset>\n<p><label> Va&scaron;e meno<br>\n<span class=\"wpcf7-form-control-wrap\" data-name=\"your-name\"><input size=\"40\" maxlength=\"400\" class=\"wpcf7-form-control wpcf7-text wpcf7-validates-as-required\" aria-required=\"true\" aria-invalid=\"false\" value=\"\" type=\"text\" name=\"your-name\"><\/span> <\/label>\n<\/p>\n<p><label> V&aacute;&scaron; email<br>\n<span class=\"wpcf7-form-control-wrap\" data-name=\"your-email\"><input size=\"40\" maxlength=\"400\" class=\"wpcf7-form-control wpcf7-email wpcf7-validates-as-required wpcf7-text wpcf7-validates-as-email\" aria-required=\"true\" aria-invalid=\"false\" value=\"\" type=\"email\" name=\"your-email\"><\/span> <\/label>\n<\/p>\n<p><label> Predmet<br>\n<span class=\"wpcf7-form-control-wrap\" data-name=\"your-subject\"><input size=\"40\" maxlength=\"400\" class=\"wpcf7-form-control wpcf7-text wpcf7-validates-as-required\" aria-required=\"true\" aria-invalid=\"false\" value=\"\" type=\"text\" name=\"your-subject\"><\/span> <\/label>\n<\/p>\n<p><label> Va&scaron;a spr&aacute;va<br>\n<span class=\"wpcf7-form-control-wrap\" data-name=\"your-message\"><textarea cols=\"40\" rows=\"10\" maxlength=\"2000\" class=\"wpcf7-form-control wpcf7-textarea wpcf7-validates-as-required\" aria-required=\"true\" aria-invalid=\"false\" name=\"your-message\"><\/textarea><\/span> <\/label>\n<\/p>\n<p><input class=\"wpcf7-form-control wpcf7-submit has-spinner\" type=\"submit\" value=\"Odosla&#357;\">\n<\/p><p style=\"display: none !important;\" class=\"akismet-fields-container\" data-prefix=\"_wpcf7_ak_\"><label>&Delta;<textarea name=\"_wpcf7_ak_hp_textarea\" cols=\"45\" rows=\"8\" maxlength=\"100\"><\/textarea><\/label><input type=\"hidden\" id=\"ak_js_1\" name=\"_wpcf7_ak_js\" value=\"59\"><script>\ndocument.getElementById( \"ak_js_1\" ).setAttribute( \"value\", ( new Date() ).getTime() );\n<\/script>\n<\/p><div class=\"wpcf7-response-output\" aria-hidden=\"true\"><\/div>\n<\/form>\n<\/div>\n\n<\/div>\n<\/div>\n","protected":false},"excerpt":{"rendered":"<p>For questions about FIP treatment or medications within the Czech Republic\/SR, use the Facebook group FIP Warriors CZ\/SK. Thank you for understanding.<\/p>","protected":false},"author":1,"featured_media":34,"parent":0,"menu_order":0,"comment_status":"closed","ping_status":"closed","template":"","meta":{"_uag_custom_page_level_css":"","footnotes":""},"class_list":["post-10","page","type-page","status-publish","has-post-thumbnail","hentry"],"featured_image_urls_v2":{"full":["https:\/\/www.fipwarriors.eu\/wp-content\/uploads\/2020\/02\/cat5-scaled.jpg",2560,1440,false],"thumbnail":["https:\/\/www.fipwarriors.eu\/wp-content\/uploads\/2020\/02\/cat5-150x150.jpg",150,150,true],"medium":["https:\/\/www.fipwarriors.eu\/wp-content\/uploads\/2020\/02\/cat5-300x169.jpg",300,169,true],"medium_large":["https:\/\/www.fipwarriors.eu\/wp-content\/uploads\/2020\/02\/cat5-768x432.jpg",525,295,true],"large":["https:\/\/www.fipwarriors.eu\/wp-content\/uploads\/2020\/02\/cat5-1024x576.jpg",525,295,true],"1536x1536":["https:\/\/www.fipwarriors.eu\/wp-content\/uploads\/2020\/02\/cat5-1536x864.jpg",1536,864,true],"2048x2048":["https:\/\/www.fipwarriors.eu\/wp-content\/uploads\/2020\/02\/cat5-2048x1152.jpg",2048,1152,true],"trp-custom-language-flag":["https:\/\/www.fipwarriors.eu\/wp-content\/uploads\/2020\/02\/cat5-scaled.jpg",18,10,false],"twentyseventeen-featured-image":["https:\/\/www.fipwarriors.eu\/wp-content\/uploads\/2020\/02\/cat5-2000x1200.jpg",2000,1200,true],"twentyseventeen-thumbnail-avatar":["https:\/\/www.fipwarriors.eu\/wp-content\/uploads\/2020\/02\/cat5-100x100.jpg",100,100,true],"woocommerce_thumbnail":["https:\/\/www.fipwarriors.eu\/wp-content\/uploads\/2020\/02\/cat5-scaled-250x250.jpg",250,250,true],"woocommerce_single":["https:\/\/www.fipwarriors.eu\/wp-content\/uploads\/2020\/02\/cat5-scaled-350x197.jpg",350,197,true],"woocommerce_gallery_thumbnail":["https:\/\/www.fipwarriors.eu\/wp-content\/uploads\/2020\/02\/cat5-scaled-100x100.jpg",100,100,true]},"post_excerpt_stackable_v2":"<p>Pre dotazy oh&#318;adne lie&#269;by <a class=\"glossaryLink\" aria-describedby=\"tt\" data-cmtooltip=\"&lt;div class=glossaryItemBody&gt;Infek&#269;n&aacute; peritonit&iacute;da ma&#269;iek (angl. Feline infectious peritonitis, zau&#382;&iacute;van&aacute; skratka FIP) je infek&#269;n&eacute; ochorenie ma&#269;iek sp&ocirc;sobuj&uacute;ce smr&#357;. N&aacute;zov je mierne zav&aacute;dzaj&uacute;ci, preto&#382;e nejde o z&aacute;pal pobru&scaron;nice (&#269;i&#382;e peritonea), ale o z&aacute;pal ciev (vaskulit&iacute;da). Klinick&eacute; pr&iacute;znaky FIP sa v&scaron;ak &#269;asto prejavuj&uacute; vo forme z&aacute;palu pobru&scaron;nice. V&iacute;rus FIP nap&aacute;da v&scaron;ak aj pohrudnicu &ndash; z toho d&ocirc;vodu je niekedy choroba ozna&#269;ovan&aacute; tie&#382; ako Infek&#269;n&aacute; ma&#269;acia polyserozit&iacute;da (Feline infectious polyserositis).&lt;\/div&gt;\" href=\"https:\/\/www.fipwarriors.eu\/en\/glossary\/fip\/\" data-mobile-support=\"0\" data-gt-translate-attributes='[{\"attribute\":\"data-cmtooltip\", \"format\":\"html\"}]' tabindex=\"0\" role=\"link\">FIP<\/a> alebo liekov vr&aacute;mci &#268;R\/SR pou&#382;ite facebookov&uacute; skupinu FIP Warriors CZ\/SK. &#270;akujeme za pochopenie. Va&scaron;e meno V&aacute;&scaron; email Predmet Va&scaron;a spr&aacute;va &Delta;<\/p>\n","category_list_v2":"","author_info_v2":{"name":"LM","url":"https:\/\/www.fipwarriors.eu\/en\/author\/starman\/"},"comments_num_v2":"0 comments","featured_image_src":"https:\/\/www.fipwarriors.eu\/wp-content\/uploads\/2020\/02\/cat5-scaled.jpg","yoast_head":"<!-- This site is optimized with the Yoast SEO plugin v27.5 - https:\/\/yoast.com\/product\/yoast-seo-wordpress\/ -->\n<title>Kontakt - FIP Warriors CZ\/SK \u00ae<\/title>\n<meta name=\"robots\" content=\"index, follow, max-snippet:-1, max-image-preview:large, max-video-preview:-1\" \/>\n<link rel=\"canonical\" href=\"https:\/\/www.fipwarriors.eu\/en\/kontakt\/\" \/>\n<meta property=\"og:locale\" content=\"en_GB\" \/>\n<meta property=\"og:type\" content=\"article\" \/>\n<meta property=\"og:title\" content=\"Kontakt - FIP Warriors CZ\/SK \u00ae\" \/>\n<meta property=\"og:description\" content=\"Pre dotazy oh&#318;adne lie&#269;by FIP alebo liekov vr&aacute;mci &#268;R\/SR pou&#382;ite facebookov&uacute; skupinu FIP Warriors CZ\/SK. &#270;akujeme za pochopenie.\" \/>\n<meta property=\"og:url\" content=\"https:\/\/www.fipwarriors.eu\/en\/kontakt\/\" \/>\n<meta property=\"og:site_name\" content=\"FIP Warriors CZ\/SK \u00ae\" \/>\n<meta property=\"article:publisher\" content=\"https:\/\/www.facebook.com\/groups\/fipczsk\" \/>\n<meta property=\"article:modified_time\" content=\"2021-08-20T06:39:07+00:00\" \/>\n<meta property=\"og:image\" content=\"https:\/\/www.fipwarriors.eu\/wp-content\/uploads\/2020\/02\/cat5-scaled.jpg\" \/>\n\t<meta property=\"og:image:width\" content=\"2560\" \/>\n\t<meta property=\"og:image:height\" content=\"1440\" \/>\n\t<meta property=\"og:image:type\" content=\"image\/jpeg\" \/>\n<meta name=\"twitter:card\" content=\"summary_large_image\" \/>\n<meta name=\"twitter:label1\" content=\"Estimated reading time\" \/>\n\t<meta name=\"twitter:data1\" content=\"1 minute\" \/>\n<script type=\"application\/ld+json\" class=\"yoast-schema-graph\">{\"@context\":\"https:\\\/\\\/schema.org\",\"@graph\":[{\"@type\":\"WebPage\",\"@id\":\"https:\\\/\\\/www.fipwarriors.eu\\\/kontakt\\\/\",\"url\":\"https:\\\/\\\/www.fipwarriors.eu\\\/kontakt\\\/\",\"name\":\"Kontakt - FIP Warriors CZ\\\/SK \u00ae\",\"isPartOf\":{\"@id\":\"https:\\\/\\\/www.fipwarriors.eu\\\/#website\"},\"primaryImageOfPage\":{\"@id\":\"https:\\\/\\\/www.fipwarriors.eu\\\/kontakt\\\/#primaryimage\"},\"image\":{\"@id\":\"https:\\\/\\\/www.fipwarriors.eu\\\/kontakt\\\/#primaryimage\"},\"thumbnailUrl\":\"https:\\\/\\\/www.fipwarriors.eu\\\/wp-content\\\/uploads\\\/2020\\\/02\\\/cat5-scaled.jpg\",\"datePublished\":\"2020-02-15T18:50:57+00:00\",\"dateModified\":\"2021-08-20T06:39:07+00:00\",\"breadcrumb\":{\"@id\":\"https:\\\/\\\/www.fipwarriors.eu\\\/kontakt\\\/#breadcrumb\"},\"inLanguage\":\"en-GB\",\"potentialAction\":[{\"@type\":\"ReadAction\",\"target\":[\"https:\\\/\\\/www.fipwarriors.eu\\\/kontakt\\\/\"]}]},{\"@type\":\"ImageObject\",\"inLanguage\":\"en-GB\",\"@id\":\"https:\\\/\\\/www.fipwarriors.eu\\\/kontakt\\\/#primaryimage\",\"url\":\"https:\\\/\\\/www.fipwarriors.eu\\\/wp-content\\\/uploads\\\/2020\\\/02\\\/cat5-scaled.jpg\",\"contentUrl\":\"https:\\\/\\\/www.fipwarriors.eu\\\/wp-content\\\/uploads\\\/2020\\\/02\\\/cat5-scaled.jpg\",\"width\":2560,\"height\":1440,\"caption\":\"Cute little cat with green eyes lying down\"},{\"@type\":\"BreadcrumbList\",\"@id\":\"https:\\\/\\\/www.fipwarriors.eu\\\/kontakt\\\/#breadcrumb\",\"itemListElement\":[{\"@type\":\"ListItem\",\"position\":1,\"name\":\"Domovsk\u00e1 str\u00e1nka\",\"item\":\"https:\\\/\\\/www.fipwarriors.eu\\\/\"},{\"@type\":\"ListItem\",\"position\":2,\"name\":\"Kontakt\"}]},{\"@type\":\"WebSite\",\"@id\":\"https:\\\/\\\/www.fipwarriors.eu\\\/#website\",\"url\":\"https:\\\/\\\/www.fipwarriors.eu\\\/\",\"name\":\"FIP Warriors CZ\\\/SK \u00ae\",\"description\":\"Pre v\u0161etk\u00fdch FIP bojovn\u00edkov\",\"publisher\":{\"@id\":\"https:\\\/\\\/www.fipwarriors.eu\\\/#organization\"},\"potentialAction\":[{\"@type\":\"SearchAction\",\"target\":{\"@type\":\"EntryPoint\",\"urlTemplate\":\"https:\\\/\\\/www.fipwarriors.eu\\\/?s={search_term_string}\"},\"query-input\":{\"@type\":\"PropertyValueSpecification\",\"valueRequired\":true,\"valueName\":\"search_term_string\"}}],\"inLanguage\":\"en-GB\"},{\"@type\":\"Organization\",\"@id\":\"https:\\\/\\\/www.fipwarriors.eu\\\/#organization\",\"name\":\"FIP Warriors CZ\\\/SK \u00ae\",\"url\":\"https:\\\/\\\/www.fipwarriors.eu\\\/\",\"logo\":{\"@type\":\"ImageObject\",\"inLanguage\":\"en-GB\",\"@id\":\"https:\\\/\\\/www.fipwarriors.eu\\\/#\\\/schema\\\/logo\\\/image\\\/\",\"url\":\"https:\\\/\\\/www.fipwarriors.eu\\\/wp-content\\\/uploads\\\/2021\\\/12\\\/cropped-fip-warriors-logo.png\",\"contentUrl\":\"https:\\\/\\\/www.fipwarriors.eu\\\/wp-content\\\/uploads\\\/2021\\\/12\\\/cropped-fip-warriors-logo.png\",\"width\":315,\"height\":315,\"caption\":\"FIP Warriors CZ\\\/SK \u00ae\"},\"image\":{\"@id\":\"https:\\\/\\\/www.fipwarriors.eu\\\/#\\\/schema\\\/logo\\\/image\\\/\"},\"sameAs\":[\"https:\\\/\\\/www.facebook.com\\\/groups\\\/fipczsk\"]}]}<\/script>\n<!-- \/ Yoast SEO plugin. -->","yoast_head_json":{"title":"Contact - FIP Warriors CZ\/SK \u00ae","robots":{"index":"index","follow":"follow","max-snippet":"max-snippet:-1","max-image-preview":"max-image-preview:large","max-video-preview":"max-video-preview:-1"},"canonical":"https:\/\/www.fipwarriors.eu\/en\/kontakt\/","og_locale":"en_GB","og_type":"article","og_title":"Kontakt - FIP Warriors CZ\/SK \u00ae","og_description":"Pre dotazy oh&#318;adne lie&#269;by FIP alebo liekov vr&aacute;mci &#268;R\/SR pou&#382;ite facebookov&uacute; skupinu FIP Warriors CZ\/SK. &#270;akujeme za pochopenie.","og_url":"https:\/\/www.fipwarriors.eu\/en\/kontakt\/","og_site_name":"FIP Warriors CZ\/SK \u00ae","article_publisher":"https:\/\/www.facebook.com\/groups\/fipczsk","article_modified_time":"2021-08-20T06:39:07+00:00","og_image":[{"width":2560,"height":1440,"url":"https:\/\/www.fipwarriors.eu\/wp-content\/uploads\/2020\/02\/cat5-scaled.jpg","type":"image\/jpeg"}],"twitter_card":"summary_large_image","twitter_misc":{"Estimated reading time":"1 minute"},"schema":{"@context":"https:\/\/schema.org","@graph":[{"@type":"WebPage","@id":"https:\/\/www.fipwarriors.eu\/kontakt\/","url":"https:\/\/www.fipwarriors.eu\/kontakt\/","name":"Contact - FIP Warriors CZ\/SK \u00ae","isPartOf":{"@id":"https:\/\/www.fipwarriors.eu\/#website"},"primaryImageOfPage":{"@id":"https:\/\/www.fipwarriors.eu\/kontakt\/#primaryimage"},"image":{"@id":"https:\/\/www.fipwarriors.eu\/kontakt\/#primaryimage"},"thumbnailUrl":"https:\/\/www.fipwarriors.eu\/wp-content\/uploads\/2020\/02\/cat5-scaled.jpg","datePublished":"2020-02-15T18:50:57+00:00","dateModified":"2021-08-20T06:39:07+00:00","breadcrumb":{"@id":"https:\/\/www.fipwarriors.eu\/kontakt\/#breadcrumb"},"inLanguage":"en-GB","potentialAction":[{"@type":"ReadAction","target":["https:\/\/www.fipwarriors.eu\/kontakt\/"]}]},{"@type":"ImageObject","inLanguage":"en-GB","@id":"https:\/\/www.fipwarriors.eu\/kontakt\/#primaryimage","url":"https:\/\/www.fipwarriors.eu\/wp-content\/uploads\/2020\/02\/cat5-scaled.jpg","contentUrl":"https:\/\/www.fipwarriors.eu\/wp-content\/uploads\/2020\/02\/cat5-scaled.jpg","width":2560,"height":1440,"caption":"Cute little cat with green eyes lying down"},{"@type":"BreadcrumbList","@id":"https:\/\/www.fipwarriors.eu\/kontakt\/#breadcrumb","itemListElement":[{"@type":"ListItem","position":1,"name":"Domovsk\u00e1 str\u00e1nka","item":"https:\/\/www.fipwarriors.eu\/"},{"@type":"ListItem","position":2,"name":"Kontakt"}]},{"@type":"WebSite","@id":"https:\/\/www.fipwarriors.eu\/#website","url":"https:\/\/www.fipwarriors.eu\/","name":"FIP Warriors CZ \/ SK \u00ae","description":"For all FIP warriors","publisher":{"@id":"https:\/\/www.fipwarriors.eu\/#organization"},"potentialAction":[{"@type":"SearchAction","target":{"@type":"EntryPoint","urlTemplate":"https:\/\/www.fipwarriors.eu\/?s={search_term_string}"},"query-input":{"@type":"PropertyValueSpecification","valueRequired":true,"valueName":"search_term_string"}}],"inLanguage":"en-GB"},{"@type":"Organization","@id":"https:\/\/www.fipwarriors.eu\/#organization","name":"FIP Warriors CZ \/ SK \u00ae","url":"https:\/\/www.fipwarriors.eu\/","logo":{"@type":"ImageObject","inLanguage":"en-GB","@id":"https:\/\/www.fipwarriors.eu\/#\/schema\/logo\/image\/","url":"https:\/\/www.fipwarriors.eu\/wp-content\/uploads\/2021\/12\/cropped-fip-warriors-logo.png","contentUrl":"https:\/\/www.fipwarriors.eu\/wp-content\/uploads\/2021\/12\/cropped-fip-warriors-logo.png","width":315,"height":315,"caption":"FIP Warriors CZ\/SK \u00ae"},"image":{"@id":"https:\/\/www.fipwarriors.eu\/#\/schema\/logo\/image\/"},"sameAs":["https:\/\/www.facebook.com\/groups\/fipczsk"]}]}},"uagb_featured_image_src":{"full":["https:\/\/www.fipwarriors.eu\/wp-content\/uploads\/2020\/02\/cat5-scaled.jpg",2560,1440,false],"thumbnail":["https:\/\/www.fipwarriors.eu\/wp-content\/uploads\/2020\/02\/cat5-150x150.jpg",150,150,true],"medium":["https:\/\/www.fipwarriors.eu\/wp-content\/uploads\/2020\/02\/cat5-300x169.jpg",300,169,true],"medium_large":["https:\/\/www.fipwarriors.eu\/wp-content\/uploads\/2020\/02\/cat5-768x432.jpg",525,295,true],"large":["https:\/\/www.fipwarriors.eu\/wp-content\/uploads\/2020\/02\/cat5-1024x576.jpg",525,295,true],"1536x1536":["https:\/\/www.fipwarriors.eu\/wp-content\/uploads\/2020\/02\/cat5-1536x864.jpg",1536,864,true],"2048x2048":["https:\/\/www.fipwarriors.eu\/wp-content\/uploads\/2020\/02\/cat5-2048x1152.jpg",2048,1152,true],"trp-custom-language-flag":["https:\/\/www.fipwarriors.eu\/wp-content\/uploads\/2020\/02\/cat5-scaled.jpg",18,10,false],"twentyseventeen-featured-image":["https:\/\/www.fipwarriors.eu\/wp-content\/uploads\/2020\/02\/cat5-2000x1200.jpg",2000,1200,true],"twentyseventeen-thumbnail-avatar":["https:\/\/www.fipwarriors.eu\/wp-content\/uploads\/2020\/02\/cat5-100x100.jpg",100,100,true],"woocommerce_thumbnail":["https:\/\/www.fipwarriors.eu\/wp-content\/uploads\/2020\/02\/cat5-scaled-250x250.jpg",250,250,true],"woocommerce_single":["https:\/\/www.fipwarriors.eu\/wp-content\/uploads\/2020\/02\/cat5-scaled-350x197.jpg",350,197,true],"woocommerce_gallery_thumbnail":["https:\/\/www.fipwarriors.eu\/wp-content\/uploads\/2020\/02\/cat5-scaled-100x100.jpg",100,100,true]},"uagb_author_info":{"display_name":"L. M.","author_link":"https:\/\/www.fipwarriors.eu\/en\/author\/starman\/"},"uagb_comment_info":0,"uagb_excerpt":"Pre dotazy oh&#318;adne lie&#269;by FIP alebo liekov vr&aacute;mci &#268;R\/SR pou&#382;ite facebookov&uacute; skupinu FIP Warriors CZ\/SK. &#270;akujeme za pochopenie.","_links":{"self":[{"href":"https:\/\/www.fipwarriors.eu\/en\/wp-json\/wp\/v2\/pages\/10","targetHints":{"allow":["GET"]}}],"collection":[{"href":"https:\/\/www.fipwarriors.eu\/en\/wp-json\/wp\/v2\/pages"}],"about":[{"href":"https:\/\/www.fipwarriors.eu\/en\/wp-json\/wp\/v2\/types\/page"}],"author":[{"embeddable":true,"href":"https:\/\/www.fipwarriors.eu\/en\/wp-json\/wp\/v2\/users\/1"}],"replies":[{"embeddable":true,"href":"https:\/\/www.fipwarriors.eu\/en\/wp-json\/wp\/v2\/comments?post=10"}],"version-history":[{"count":0,"href":"https:\/\/www.fipwarriors.eu\/en\/wp-json\/wp\/v2\/pages\/10\/revisions"}],"wp:featuredmedia":[{"embeddable":true,"href":"https:\/\/www.fipwarriors.eu\/en\/wp-json\/wp\/v2\/media\/34"}],"wp:attachment":[{"href":"https:\/\/www.fipwarriors.eu\/en\/wp-json\/wp\/v2\/media?parent=10"}],"curies":[{"name":"wp","href":"https:\/\/api.w.org\/{rel}","templated":true}]}}