{"id":2696,"date":"2020-11-04T22:43:58","date_gmt":"2020-11-04T21:43:58","guid":{"rendered":"https:\/\/www.fipwarriors.eu\/?page_id=2696"},"modified":"2024-09-06T14:55:21","modified_gmt":"2024-09-06T12:55:21","slug":"lieky","status":"publish","type":"page","link":"https:\/\/www.fipwarriors.eu\/en\/lieky\/","title":{"rendered":"Drugs"},"content":{"rendered":"<p>Due to the fact that medicines with content <a href=\"https:\/\/www.fipwarriors.eu\/en\/gs441524\/\">GS-441524<\/a>  are not yet officially approved, practically all production is concentrated in China and a huge number of &quot;brands&quot; have appeared on the market. Most of them reach people through groups on social networks. However, some brands also have their own websites and allow people to order directly. We would like to point out that this is not an e-shop, we are not sellers of medicines. The overview is purely informative.<\/p>\n\n\n\n<div class=\"woocommerce columns-4\"><ul class=\"products columns-4\">\n<li class=\"product-category product first\">\n\t<a aria-label=\"Visit product category GS441524 - Injek\u010dn\u00e9 roztoky\" href=\"https:\/\/www.fipwarriors.eu\/en\/product-category\/injections\/\" data-no-translation-aria-label=\"\"><img loading=\"lazy\" decoding=\"async\" src=\"https:\/\/www.fipwarriors.eu\/wp-content\/uploads\/2020\/11\/vials640-250x250.jpg\" alt=\"GS441524 - Injek&#269;n&eacute; roztoky\" width=\"250\" height=\"250\" srcset=\"https:\/\/www.fipwarriors.eu\/wp-content\/uploads\/2020\/11\/vials640-250x250.jpg 250w, https:\/\/www.fipwarriors.eu\/wp-content\/uploads\/2020\/11\/vials640-300x300.jpg 300w, https:\/\/www.fipwarriors.eu\/wp-content\/uploads\/2020\/11\/vials640-150x150.jpg 150w, https:\/\/www.fipwarriors.eu\/wp-content\/uploads\/2020\/11\/vials640-600x600.jpg 600w, https:\/\/www.fipwarriors.eu\/wp-content\/uploads\/2020\/11\/vials640-12x12.jpg 12w, https:\/\/www.fipwarriors.eu\/wp-content\/uploads\/2020\/11\/vials640-100x100.jpg 100w, https:\/\/www.fipwarriors.eu\/wp-content\/uploads\/2020\/11\/vials640-350x350.jpg 350w, https:\/\/www.fipwarriors.eu\/wp-content\/uploads\/2020\/11\/vials640-64x64.jpg 64w, https:\/\/www.fipwarriors.eu\/wp-content\/uploads\/2020\/11\/vials640.jpg 640w\" sizes=\"auto, (max-width: 250px) 100vw, 250px\"\/>\t\t<h2 class=\"woocommerce-loop-category__title\">\n\t\t\tGS441524 - Injection solutions <mark class=\"count\">(19)<\/mark>\t\t<\/h2>\n\t\t<\/a><\/li>\n<li class=\"product-category product\">\n\t<a aria-label=\"Visit product category GS441524 - Tablety\" href=\"https:\/\/www.fipwarriors.eu\/en\/product-category\/pills\/\" data-no-translation-aria-label=\"\"><img loading=\"lazy\" decoding=\"async\" src=\"https:\/\/www.fipwarriors.eu\/wp-content\/uploads\/2020\/11\/pills-250x250.jpg\" alt=\"GS441524 - Tablety\" width=\"250\" height=\"250\" srcset=\"https:\/\/www.fipwarriors.eu\/wp-content\/uploads\/2020\/11\/pills-250x250.jpg 250w, https:\/\/www.fipwarriors.eu\/wp-content\/uploads\/2020\/11\/pills-150x150.jpg 150w, https:\/\/www.fipwarriors.eu\/wp-content\/uploads\/2020\/11\/pills-100x100.jpg 100w, https:\/\/www.fipwarriors.eu\/wp-content\/uploads\/2020\/11\/pills-300x300.jpg 300w\" sizes=\"auto, (max-width: 250px) 100vw, 250px\"\/>\t\t<h2 class=\"woocommerce-loop-category__title\">\n\t\t\tGS441524 - Tablets <mark class=\"count\">(12)<\/mark>\t\t<\/h2>\n\t\t<\/a><\/li>\n<li class=\"product-category product\">\n\t<a aria-label=\"Visit product category Molnupiravir - Tablety\" href=\"https:\/\/www.fipwarriors.eu\/en\/product-category\/molnupiravir\/\" data-no-translation-aria-label=\"\"><img loading=\"lazy\" decoding=\"async\" src=\"https:\/\/www.fipwarriors.eu\/wp-content\/uploads\/2021\/10\/Molnupiravir2-FHD-250x250.jpg\" alt=\"Molnupiravir - Tablety\" width=\"250\" height=\"250\" srcset=\"https:\/\/www.fipwarriors.eu\/wp-content\/uploads\/2021\/10\/Molnupiravir2-FHD-250x250.jpg 250w, https:\/\/www.fipwarriors.eu\/wp-content\/uploads\/2021\/10\/Molnupiravir2-FHD-150x150.jpg 150w, https:\/\/www.fipwarriors.eu\/wp-content\/uploads\/2021\/10\/Molnupiravir2-FHD-100x100.jpg 100w\" sizes=\"auto, (max-width: 250px) 100vw, 250px\"\/>\t\t<h2 class=\"woocommerce-loop-category__title\">\n\t\t\tMolnupiravir - Tablets <mark class=\"count\">(5)<\/mark>\t\t<\/h2>\n\t\t<\/a><\/li>\n<li class=\"product-category product last\">\n\t<a aria-label=\"Visit product category Remdesivir - Injek\u010dn\u00e9 roztoky\" href=\"https:\/\/www.fipwarriors.eu\/en\/product-category\/remdesivir-injekcne-roztoky\/\" data-no-translation-aria-label=\"\"><img loading=\"lazy\" decoding=\"async\" src=\"https:\/\/www.fipwarriors.eu\/wp-content\/uploads\/2023\/03\/remdesivir-general-crop-250x250.jpg\" alt=\"Remdesivir - Injek&#269;n&eacute; roztoky\" width=\"250\" height=\"250\" srcset=\"https:\/\/www.fipwarriors.eu\/wp-content\/uploads\/2023\/03\/remdesivir-general-crop-250x250.jpg 250w, https:\/\/www.fipwarriors.eu\/wp-content\/uploads\/2023\/03\/remdesivir-general-crop-300x300.jpg 300w, https:\/\/www.fipwarriors.eu\/wp-content\/uploads\/2023\/03\/remdesivir-general-crop-150x150.jpg 150w, https:\/\/www.fipwarriors.eu\/wp-content\/uploads\/2023\/03\/remdesivir-general-crop-12x12.jpg 12w, https:\/\/www.fipwarriors.eu\/wp-content\/uploads\/2023\/03\/remdesivir-general-crop-100x100.jpg 100w, https:\/\/www.fipwarriors.eu\/wp-content\/uploads\/2023\/03\/remdesivir-general-crop-350x350.jpg 350w, https:\/\/www.fipwarriors.eu\/wp-content\/uploads\/2023\/03\/remdesivir-general-crop-64x64.jpg 64w, https:\/\/www.fipwarriors.eu\/wp-content\/uploads\/2023\/03\/remdesivir-general-crop.jpg 500w\" sizes=\"auto, (max-width: 250px) 100vw, 250px\"\/>\t\t<h2 class=\"woocommerce-loop-category__title\">\n\t\t\tRemdesivir - Injection solutions <mark class=\"count\">(2)<\/mark>\t\t<\/h2>\n\t\t<\/a><\/li>\n<li class=\"product-category product first\">\n\t<a aria-label=\"Visit product category Doplnky\" href=\"https:\/\/www.fipwarriors.eu\/en\/product-category\/doplnky\/\" data-no-translation-aria-label=\"\"><img loading=\"lazy\" decoding=\"async\" src=\"https:\/\/www.fipwarriors.eu\/wp-content\/uploads\/2020\/11\/doplnky-square-250x250.jpg\" alt=\"Doplnky\" width=\"250\" height=\"250\" srcset=\"https:\/\/www.fipwarriors.eu\/wp-content\/uploads\/2020\/11\/doplnky-square-250x250.jpg 250w, https:\/\/www.fipwarriors.eu\/wp-content\/uploads\/2020\/11\/doplnky-square-300x300.jpg 300w, https:\/\/www.fipwarriors.eu\/wp-content\/uploads\/2020\/11\/doplnky-square-150x150.jpg 150w, https:\/\/www.fipwarriors.eu\/wp-content\/uploads\/2020\/11\/doplnky-square-600x600.jpg 600w, https:\/\/www.fipwarriors.eu\/wp-content\/uploads\/2020\/11\/doplnky-square-12x12.jpg 12w, https:\/\/www.fipwarriors.eu\/wp-content\/uploads\/2020\/11\/doplnky-square-100x100.jpg 100w, https:\/\/www.fipwarriors.eu\/wp-content\/uploads\/2020\/11\/doplnky-square-350x350.jpg 350w, https:\/\/www.fipwarriors.eu\/wp-content\/uploads\/2020\/11\/doplnky-square-64x64.jpg 64w, https:\/\/www.fipwarriors.eu\/wp-content\/uploads\/2020\/11\/doplnky-square.jpg 748w\" sizes=\"auto, (max-width: 250px) 100vw, 250px\"\/>\t\t<h2 class=\"woocommerce-loop-category__title\">\n\t\t\tSupplements <mark class=\"count\">(36)<\/mark>\t\t<\/h2>\n\t\t<\/a><\/li>\n<li class=\"product-category product\">\n\t<a aria-label=\"Visit product category Ostatn\u00fd sortiment\" href=\"https:\/\/www.fipwarriors.eu\/en\/product-category\/ostatny-sortiment\/\" data-no-translation-aria-label=\"\"><img loading=\"lazy\" decoding=\"async\" src=\"https:\/\/www.fipwarriors.eu\/wp-content\/uploads\/2020\/11\/striekacky-crop-250x250.jpg\" alt=\"Ostatn&yacute; sortiment\" width=\"250\" height=\"250\" srcset=\"https:\/\/www.fipwarriors.eu\/wp-content\/uploads\/2020\/11\/striekacky-crop-250x250.jpg 250w, https:\/\/www.fipwarriors.eu\/wp-content\/uploads\/2020\/11\/striekacky-crop-300x300.jpg 300w, https:\/\/www.fipwarriors.eu\/wp-content\/uploads\/2020\/11\/striekacky-crop-150x150.jpg 150w, https:\/\/www.fipwarriors.eu\/wp-content\/uploads\/2020\/11\/striekacky-crop-12x12.jpg 12w, https:\/\/www.fipwarriors.eu\/wp-content\/uploads\/2020\/11\/striekacky-crop-100x100.jpg 100w, https:\/\/www.fipwarriors.eu\/wp-content\/uploads\/2020\/11\/striekacky-crop-350x350.jpg 350w, https:\/\/www.fipwarriors.eu\/wp-content\/uploads\/2020\/11\/striekacky-crop-64x64.jpg 64w, https:\/\/www.fipwarriors.eu\/wp-content\/uploads\/2020\/11\/striekacky-crop.jpg 562w\" sizes=\"auto, (max-width: 250px) 100vw, 250px\"\/>\t\t<h2 class=\"woocommerce-loop-category__title\">\n\t\t\tOther assortment <mark class=\"count\">(7)<\/mark>\t\t<\/h2>\n\t\t<\/a><\/li>\n<\/ul>\n<\/div>","protected":false},"excerpt":{"rendered":"<p>Since drugs containing GS-441524 are not yet officially approved, virtually all production is concentrated in China, and a huge number of &quot;brands&quot; have appeared on the market. Most of them reach people through groups on social networks. However, some brands also have their own websites and allow people to order directly. I like \u2026 <\/p>\n<p class=\"link-more\"><a href=\"https:\/\/www.fipwarriors.eu\/en\/lieky\/\" class=\"more-link\">Continue reading<span class=\"screen-reader-text\"> &quot;Medications&quot;<\/span><\/a><\/p>","protected":false},"author":1,"featured_media":78,"parent":0,"menu_order":0,"comment_status":"closed","ping_status":"closed","template":"","meta":{"_uag_custom_page_level_css":"","footnotes":""},"categories":[279],"tags":[],"class_list":["post-2696","page","type-page","status-publish","has-post-thumbnail","hentry","category-main_page"],"featured_image_urls_v2":{"full":["https:\/\/www.fipwarriors.eu\/wp-content\/uploads\/2020\/02\/vials-scaled.jpeg",2560,1422,false],"thumbnail":["https:\/\/www.fipwarriors.eu\/wp-content\/uploads\/2020\/02\/vials-150x150.jpeg",150,150,true],"medium":["https:\/\/www.fipwarriors.eu\/wp-content\/uploads\/2020\/02\/vials-300x167.jpeg",300,167,true],"medium_large":["https:\/\/www.fipwarriors.eu\/wp-content\/uploads\/2020\/02\/vials-768x427.jpeg",525,292,true],"large":["https:\/\/www.fipwarriors.eu\/wp-content\/uploads\/2020\/02\/vials-1024x569.jpeg",525,292,true],"1536x1536":["https:\/\/www.fipwarriors.eu\/wp-content\/uploads\/2020\/02\/vials-1536x853.jpeg",1536,853,true],"2048x2048":["https:\/\/www.fipwarriors.eu\/wp-content\/uploads\/2020\/02\/vials-2048x1137.jpeg",2048,1137,true],"trp-custom-language-flag":["https:\/\/www.fipwarriors.eu\/wp-content\/uploads\/2020\/02\/vials-scaled.jpeg",18,10,false],"twentyseventeen-featured-image":["https:\/\/www.fipwarriors.eu\/wp-content\/uploads\/2020\/02\/vials-2000x1200.jpeg",2000,1200,true],"twentyseventeen-thumbnail-avatar":["https:\/\/www.fipwarriors.eu\/wp-content\/uploads\/2020\/02\/vials-100x100.jpeg",100,100,true],"woocommerce_thumbnail":["https:\/\/www.fipwarriors.eu\/wp-content\/uploads\/2020\/02\/vials-scaled-250x250.jpeg",250,250,true],"woocommerce_single":["https:\/\/www.fipwarriors.eu\/wp-content\/uploads\/2020\/02\/vials-scaled-350x194.jpeg",350,194,true],"woocommerce_gallery_thumbnail":["https:\/\/www.fipwarriors.eu\/wp-content\/uploads\/2020\/02\/vials-scaled-100x100.jpeg",100,100,true]},"post_excerpt_stackable_v2":"<p>Vzh&#318;adom na to, &#382;e lieky s obsahom GS-441524 e&scaron;te nie s&uacute; ofici&aacute;lne schv&aacute;len&eacute;, prakticky cel&aacute; produkcia je s&uacute;streden&aacute; v &#268;&iacute;ne a na trhu sa objavilo obrovsk&eacute; mno&#382;stvo &bdquo;zna&#269;iek&ldquo;. Va&#269;&scaron;ina z nich sa medzi &#318;ud&iacute; dost&aacute;va prostredn&iacute;ctvom skup&iacute;n na soci&aacute;lnych sie&#357;ach. Niektor&eacute; zna&#269;ky maj&uacute; ale aj svoje vlastn&eacute; str&aacute;nky a umo&#382;&#328;uj&uacute; &#318;udom aj priame objednanie. Radi by sme upozornili, &#382;e toto nie je e-shop, nie sme predajcami liekov. Preh&#318;ad je len &#269;isto informat&iacute;vny. GS441524 &ndash; Injek&#269;n&eacute; roztoky (19) GS441524 &ndash; Tablety (12) Molnupiravir &ndash; Tablety (5) Remdesivir &ndash; Injek&#269;n&eacute; roztoky (2) Doplnky (36) Ostatn&yacute; sortiment (7)<\/p>\n","category_list_v2":"<a href=\"https:\/\/www.fipwarriors.eu\/en\/category\/main_page\/\" rel=\"category tag\">Main Page<\/a>","author_info_v2":{"name":"LM","url":"https:\/\/www.fipwarriors.eu\/en\/author\/starman\/"},"comments_num_v2":"0 comments","featured_image_src":"https:\/\/www.fipwarriors.eu\/wp-content\/uploads\/2020\/02\/vials-scaled.jpeg","yoast_head":"<!-- This site is optimized with the Yoast SEO plugin v27.2 - https:\/\/yoast.com\/product\/yoast-seo-wordpress\/ -->\n<title>Lieky - FIP Warriors CZ\/SK \u00ae<\/title>\n<meta name=\"robots\" content=\"noindex, follow\" \/>\n<meta property=\"og:locale\" content=\"en_GB\" \/>\n<meta property=\"og:type\" content=\"article\" \/>\n<meta property=\"og:title\" content=\"Lieky - FIP Warriors CZ\/SK \u00ae\" \/>\n<meta property=\"og:description\" content=\"Vzh&#318;adom na to, &#382;e lieky s obsahom GS-441524 e&scaron;te nie s&uacute; ofici&aacute;lne schv&aacute;len&eacute;, prakticky cel&aacute; produkcia je s&uacute;streden&aacute; v &#268;&iacute;ne a na trhu sa objavilo obrovsk&eacute; mno&#382;stvo &bdquo;zna&#269;iek&ldquo;. Va&#269;&scaron;ina z nich sa medzi &#318;ud&iacute; dost&aacute;va prostredn&iacute;ctvom skup&iacute;n na soci&aacute;lnych sie&#357;ach. Niektor&eacute; zna&#269;ky maj&uacute; ale aj svoje vlastn&eacute; str&aacute;nky a umo&#382;&#328;uj&uacute; &#318;udom aj priame objednanie. Radi &hellip; Continue reading &quot;Lieky&quot;\" \/>\n<meta property=\"og:url\" content=\"https:\/\/www.fipwarriors.eu\/en\/lieky\/\" \/>\n<meta property=\"og:site_name\" content=\"FIP Warriors CZ\/SK \u00ae\" \/>\n<meta property=\"article:publisher\" content=\"https:\/\/www.facebook.com\/groups\/fipczsk\" \/>\n<meta property=\"article:modified_time\" content=\"2024-09-06T12:55:21+00:00\" \/>\n<meta property=\"og:image\" content=\"https:\/\/www.fipwarriors.eu\/wp-content\/uploads\/2020\/02\/vials-scaled.jpeg\" \/>\n\t<meta property=\"og:image:width\" content=\"2560\" \/>\n\t<meta property=\"og:image:height\" content=\"1422\" \/>\n\t<meta property=\"og:image:type\" content=\"image\/jpeg\" \/>\n<meta name=\"twitter:card\" content=\"summary_large_image\" \/>\n<meta name=\"twitter:label1\" content=\"Estimated reading time\" \/>\n\t<meta name=\"twitter:data1\" content=\"1 minute\" \/>\n<script type=\"application\/ld+json\" class=\"yoast-schema-graph\">{\"@context\":\"https:\/\/schema.org\",\"@graph\":[{\"@type\":\"WebPage\",\"@id\":\"https:\/\/www.fipwarriors.eu\/lieky\/\",\"url\":\"https:\/\/www.fipwarriors.eu\/lieky\/\",\"name\":\"Lieky - FIP Warriors CZ\/SK \u00ae\",\"isPartOf\":{\"@id\":\"https:\/\/www.fipwarriors.eu\/#website\"},\"primaryImageOfPage\":{\"@id\":\"https:\/\/www.fipwarriors.eu\/lieky\/#primaryimage\"},\"image\":{\"@id\":\"https:\/\/www.fipwarriors.eu\/lieky\/#primaryimage\"},\"thumbnailUrl\":\"https:\/\/www.fipwarriors.eu\/wp-content\/uploads\/2020\/02\/vials-scaled.jpeg\",\"datePublished\":\"2020-11-04T21:43:58+00:00\",\"dateModified\":\"2024-09-06T12:55:21+00:00\",\"breadcrumb\":{\"@id\":\"https:\/\/www.fipwarriors.eu\/lieky\/#breadcrumb\"},\"inLanguage\":\"en-GB\",\"potentialAction\":[{\"@type\":\"ReadAction\",\"target\":[\"https:\/\/www.fipwarriors.eu\/lieky\/\"]}]},{\"@type\":\"ImageObject\",\"inLanguage\":\"en-GB\",\"@id\":\"https:\/\/www.fipwarriors.eu\/lieky\/#primaryimage\",\"url\":\"https:\/\/www.fipwarriors.eu\/wp-content\/uploads\/2020\/02\/vials-scaled.jpeg\",\"contentUrl\":\"https:\/\/www.fipwarriors.eu\/wp-content\/uploads\/2020\/02\/vials-scaled.jpeg\",\"width\":2560,\"height\":1422,\"caption\":\"Glass vials for liquid samples. Laboratory equipment for dispensing fluid samples. Shallow depth of field.\"},{\"@type\":\"BreadcrumbList\",\"@id\":\"https:\/\/www.fipwarriors.eu\/lieky\/#breadcrumb\",\"itemListElement\":[{\"@type\":\"ListItem\",\"position\":1,\"name\":\"Domovsk\u00e1 str\u00e1nka\",\"item\":\"https:\/\/www.fipwarriors.eu\/\"},{\"@type\":\"ListItem\",\"position\":2,\"name\":\"Lieky\"}]},{\"@type\":\"WebSite\",\"@id\":\"https:\/\/www.fipwarriors.eu\/#website\",\"url\":\"https:\/\/www.fipwarriors.eu\/\",\"name\":\"FIP Warriors CZ\/SK \u00ae\",\"description\":\"Pre v\u0161etk\u00fdch FIP bojovn\u00edkov\",\"publisher\":{\"@id\":\"https:\/\/www.fipwarriors.eu\/#organization\"},\"potentialAction\":[{\"@type\":\"SearchAction\",\"target\":{\"@type\":\"EntryPoint\",\"urlTemplate\":\"https:\/\/www.fipwarriors.eu\/?s={search_term_string}\"},\"query-input\":{\"@type\":\"PropertyValueSpecification\",\"valueRequired\":true,\"valueName\":\"search_term_string\"}}],\"inLanguage\":\"en-GB\"},{\"@type\":\"Organization\",\"@id\":\"https:\/\/www.fipwarriors.eu\/#organization\",\"name\":\"FIP Warriors CZ\/SK \u00ae\",\"url\":\"https:\/\/www.fipwarriors.eu\/\",\"logo\":{\"@type\":\"ImageObject\",\"inLanguage\":\"en-GB\",\"@id\":\"https:\/\/www.fipwarriors.eu\/#\/schema\/logo\/image\/\",\"url\":\"https:\/\/www.fipwarriors.eu\/wp-content\/uploads\/2021\/12\/cropped-fip-warriors-logo.png\",\"contentUrl\":\"https:\/\/www.fipwarriors.eu\/wp-content\/uploads\/2021\/12\/cropped-fip-warriors-logo.png\",\"width\":315,\"height\":315,\"caption\":\"FIP Warriors CZ\/SK \u00ae\"},\"image\":{\"@id\":\"https:\/\/www.fipwarriors.eu\/#\/schema\/logo\/image\/\"},\"sameAs\":[\"https:\/\/www.facebook.com\/groups\/fipczsk\"]}]}<\/script>\n<!-- \/ Yoast SEO plugin. -->","yoast_head_json":{"title":"Medications - FIP Warriors CZ\/SK \u00ae","robots":{"index":"noindex","follow":"follow"},"og_locale":"en_GB","og_type":"article","og_title":"Lieky - FIP Warriors CZ\/SK \u00ae","og_description":"Vzh&#318;adom na to, &#382;e lieky s obsahom GS-441524 e&scaron;te nie s&uacute; ofici&aacute;lne schv&aacute;len&eacute;, prakticky cel&aacute; produkcia je s&uacute;streden&aacute; v &#268;&iacute;ne a na trhu sa objavilo obrovsk&eacute; mno&#382;stvo &bdquo;zna&#269;iek&ldquo;. Va&#269;&scaron;ina z nich sa medzi &#318;ud&iacute; dost&aacute;va prostredn&iacute;ctvom skup&iacute;n na soci&aacute;lnych sie&#357;ach. Niektor&eacute; zna&#269;ky maj&uacute; ale aj svoje vlastn&eacute; str&aacute;nky a umo&#382;&#328;uj&uacute; &#318;udom aj priame objednanie. Radi &hellip; Continue reading &quot;Lieky&quot;","og_url":"https:\/\/www.fipwarriors.eu\/en\/lieky\/","og_site_name":"FIP Warriors CZ\/SK \u00ae","article_publisher":"https:\/\/www.facebook.com\/groups\/fipczsk","article_modified_time":"2024-09-06T12:55:21+00:00","og_image":[{"width":2560,"height":1422,"url":"https:\/\/www.fipwarriors.eu\/wp-content\/uploads\/2020\/02\/vials-scaled.jpeg","type":"image\/jpeg"}],"twitter_card":"summary_large_image","twitter_misc":{"Estimated reading time":"1 minute"},"schema":{"@context":"https:\/\/schema.org","@graph":[{"@type":"WebPage","@id":"https:\/\/www.fipwarriors.eu\/lieky\/","url":"https:\/\/www.fipwarriors.eu\/lieky\/","name":"Medications - FIP Warriors CZ\/SK \u00ae","isPartOf":{"@id":"https:\/\/www.fipwarriors.eu\/#website"},"primaryImageOfPage":{"@id":"https:\/\/www.fipwarriors.eu\/lieky\/#primaryimage"},"image":{"@id":"https:\/\/www.fipwarriors.eu\/lieky\/#primaryimage"},"thumbnailUrl":"https:\/\/www.fipwarriors.eu\/wp-content\/uploads\/2020\/02\/vials-scaled.jpeg","datePublished":"2020-11-04T21:43:58+00:00","dateModified":"2024-09-06T12:55:21+00:00","breadcrumb":{"@id":"https:\/\/www.fipwarriors.eu\/lieky\/#breadcrumb"},"inLanguage":"en-GB","potentialAction":[{"@type":"ReadAction","target":["https:\/\/www.fipwarriors.eu\/lieky\/"]}]},{"@type":"ImageObject","inLanguage":"en-GB","@id":"https:\/\/www.fipwarriors.eu\/lieky\/#primaryimage","url":"https:\/\/www.fipwarriors.eu\/wp-content\/uploads\/2020\/02\/vials-scaled.jpeg","contentUrl":"https:\/\/www.fipwarriors.eu\/wp-content\/uploads\/2020\/02\/vials-scaled.jpeg","width":2560,"height":1422,"caption":"Glass vials for liquid samples. Laboratory equipment for dispensing fluid samples. Shallow depth of field."},{"@type":"BreadcrumbList","@id":"https:\/\/www.fipwarriors.eu\/lieky\/#breadcrumb","itemListElement":[{"@type":"ListItem","position":1,"name":"Domovsk\u00e1 str\u00e1nka","item":"https:\/\/www.fipwarriors.eu\/"},{"@type":"ListItem","position":2,"name":"Lieky"}]},{"@type":"WebSite","@id":"https:\/\/www.fipwarriors.eu\/#website","url":"https:\/\/www.fipwarriors.eu\/","name":"FIP Warriors CZ \/ SK \u00ae","description":"For all FIP warriors","publisher":{"@id":"https:\/\/www.fipwarriors.eu\/#organization"},"potentialAction":[{"@type":"SearchAction","target":{"@type":"EntryPoint","urlTemplate":"https:\/\/www.fipwarriors.eu\/?s={search_term_string}"},"query-input":{"@type":"PropertyValueSpecification","valueRequired":true,"valueName":"search_term_string"}}],"inLanguage":"en-GB"},{"@type":"Organization","@id":"https:\/\/www.fipwarriors.eu\/#organization","name":"FIP Warriors CZ \/ SK \u00ae","url":"https:\/\/www.fipwarriors.eu\/","logo":{"@type":"ImageObject","inLanguage":"en-GB","@id":"https:\/\/www.fipwarriors.eu\/#\/schema\/logo\/image\/","url":"https:\/\/www.fipwarriors.eu\/wp-content\/uploads\/2021\/12\/cropped-fip-warriors-logo.png","contentUrl":"https:\/\/www.fipwarriors.eu\/wp-content\/uploads\/2021\/12\/cropped-fip-warriors-logo.png","width":315,"height":315,"caption":"FIP Warriors CZ\/SK \u00ae"},"image":{"@id":"https:\/\/www.fipwarriors.eu\/#\/schema\/logo\/image\/"},"sameAs":["https:\/\/www.facebook.com\/groups\/fipczsk"]}]}},"uagb_featured_image_src":{"full":["https:\/\/www.fipwarriors.eu\/wp-content\/uploads\/2020\/02\/vials-scaled.jpeg",2560,1422,false],"thumbnail":["https:\/\/www.fipwarriors.eu\/wp-content\/uploads\/2020\/02\/vials-150x150.jpeg",150,150,true],"medium":["https:\/\/www.fipwarriors.eu\/wp-content\/uploads\/2020\/02\/vials-300x167.jpeg",300,167,true],"medium_large":["https:\/\/www.fipwarriors.eu\/wp-content\/uploads\/2020\/02\/vials-768x427.jpeg",525,292,true],"large":["https:\/\/www.fipwarriors.eu\/wp-content\/uploads\/2020\/02\/vials-1024x569.jpeg",525,292,true],"1536x1536":["https:\/\/www.fipwarriors.eu\/wp-content\/uploads\/2020\/02\/vials-1536x853.jpeg",1536,853,true],"2048x2048":["https:\/\/www.fipwarriors.eu\/wp-content\/uploads\/2020\/02\/vials-2048x1137.jpeg",2048,1137,true],"trp-custom-language-flag":["https:\/\/www.fipwarriors.eu\/wp-content\/uploads\/2020\/02\/vials-scaled.jpeg",18,10,false],"twentyseventeen-featured-image":["https:\/\/www.fipwarriors.eu\/wp-content\/uploads\/2020\/02\/vials-2000x1200.jpeg",2000,1200,true],"twentyseventeen-thumbnail-avatar":["https:\/\/www.fipwarriors.eu\/wp-content\/uploads\/2020\/02\/vials-100x100.jpeg",100,100,true],"woocommerce_thumbnail":["https:\/\/www.fipwarriors.eu\/wp-content\/uploads\/2020\/02\/vials-scaled-250x250.jpeg",250,250,true],"woocommerce_single":["https:\/\/www.fipwarriors.eu\/wp-content\/uploads\/2020\/02\/vials-scaled-350x194.jpeg",350,194,true],"woocommerce_gallery_thumbnail":["https:\/\/www.fipwarriors.eu\/wp-content\/uploads\/2020\/02\/vials-scaled-100x100.jpeg",100,100,true]},"uagb_author_info":{"display_name":"L. M.","author_link":"https:\/\/www.fipwarriors.eu\/en\/author\/starman\/"},"uagb_comment_info":0,"uagb_excerpt":"Vzh&#318;adom na to, &#382;e lieky s obsahom GS-441524 e&scaron;te nie s&uacute; ofici&aacute;lne schv&aacute;len&eacute;, prakticky cel&aacute; produkcia je s&uacute;streden&aacute; v &#268;&iacute;ne a na trhu sa objavilo obrovsk&eacute; mno&#382;stvo &bdquo;zna&#269;iek&ldquo;. Va&#269;&scaron;ina z nich sa medzi &#318;ud&iacute; dost&aacute;va prostredn&iacute;ctvom skup&iacute;n na soci&aacute;lnych sie&#357;ach. Niektor&eacute; zna&#269;ky maj&uacute; ale aj svoje vlastn&eacute; str&aacute;nky a umo&#382;&#328;uj&uacute; &#318;udom aj priame objednanie. Radi&hellip;","_links":{"self":[{"href":"https:\/\/www.fipwarriors.eu\/en\/wp-json\/wp\/v2\/pages\/2696","targetHints":{"allow":["GET"]}}],"collection":[{"href":"https:\/\/www.fipwarriors.eu\/en\/wp-json\/wp\/v2\/pages"}],"about":[{"href":"https:\/\/www.fipwarriors.eu\/en\/wp-json\/wp\/v2\/types\/page"}],"author":[{"embeddable":true,"href":"https:\/\/www.fipwarriors.eu\/en\/wp-json\/wp\/v2\/users\/1"}],"replies":[{"embeddable":true,"href":"https:\/\/www.fipwarriors.eu\/en\/wp-json\/wp\/v2\/comments?post=2696"}],"version-history":[{"count":1,"href":"https:\/\/www.fipwarriors.eu\/en\/wp-json\/wp\/v2\/pages\/2696\/revisions"}],"predecessor-version":[{"id":12508,"href":"https:\/\/www.fipwarriors.eu\/en\/wp-json\/wp\/v2\/pages\/2696\/revisions\/12508"}],"wp:featuredmedia":[{"embeddable":true,"href":"https:\/\/www.fipwarriors.eu\/en\/wp-json\/wp\/v2\/media\/78"}],"wp:attachment":[{"href":"https:\/\/www.fipwarriors.eu\/en\/wp-json\/wp\/v2\/media?parent=2696"}],"wp:term":[{"taxonomy":"category","embeddable":true,"href":"https:\/\/www.fipwarriors.eu\/en\/wp-json\/wp\/v2\/categories?post=2696"},{"taxonomy":"post_tag","embeddable":true,"href":"https:\/\/www.fipwarriors.eu\/en\/wp-json\/wp\/v2\/tags?post=2696"}],"curies":[{"name":"wp","href":"https:\/\/api.w.org\/{rel}","templated":true}]}}