{"id":3872,"date":"2021-01-07T23:40:09","date_gmt":"2021-01-07T22:40:09","guid":{"rendered":"https:\/\/www.fipwarriors.eu\/video-category\/"},"modified":"2021-01-07T23:40:09","modified_gmt":"2021-01-07T22:40:09","slug":"video-category","status":"publish","type":"page","link":"https:\/\/www.fipwarriors.eu\/en\/video-category\/","title":{"rendered":"Video Category"},"content":{"rendered":"<p class=\"aiovg-breadcrumbs\"><span><a href=\"https:\/\/www.fipwarriors.eu\/en\">Home<\/a><\/span> &raquo; <span>Video Category<\/span><\/p>\r\n<div id=\"aiovg-69f70de4837b11\" class=\"aiovg aiovg-categories aiovg-categories-template-grid\">\r\n        \r\n    <div class=\"aiovg-section-categories aiovg-grid aiovg-row\">\r\n                    \r\n            <div class=\"aiovg-item-category aiovg-item-category-163 aiovg-col aiovg-col-3 aiovg-col-xs-2\" data-id=\"163\">\t\t\r\n                \n<div class=\"aiovg-thumbnail\">\n    <a href=\"https:\/\/www.fipwarriors.eu\/en\/video-category\/aplikacia-liekov\/\" class=\"aiovg-responsive-container\" style=\"padding-bottom: 56.25%;\"><img decoding=\"async\" src=\"https:\/\/www.fipwarriors.eu\/wp-content\/uploads\/2021\/01\/aid35968-v4-728px-Give-a-Cat-an-Injection-Step-7-Version-2-300x215.jpg\" alt=\"Aplik&aacute;cia liekov\" class=\"aiovg-responsive-element\"\/><\/a>    \n    <div class=\"aiovg-caption\">\n        <div class=\"aiovg-title\">\n            <a href=\"https:\/\/www.fipwarriors.eu\/en\/video-category\/aplikacia-liekov\/\" class=\"aiovg-link-title\">\n                Aplik&aacute;cia liekov            <\/a>\n        <\/div>        \n\n                    <div class=\"aiovg-count aiovg-flex aiovg-gap-1 aiovg-items-center aiovg-text-muted aiovg-text-small\">\n                <svg xmlns=\"http:\/\/www.w3.org\/2000\/svg\" fill=\"none\" width=\"16\" height=\"16\" viewbox=\"0 0 24 24\" stroke-width=\"1.5\" stroke=\"currentColor\" class=\"aiovg-flex-shrink-0\">\n                    <path stroke-linecap=\"round\" stroke-linejoin=\"round\" d=\"M21 12a9 9 0 1 1-18 0 9 9 0 0 1 18 0Z\"><\/path>\n                    <path stroke-linecap=\"round\" stroke-linejoin=\"round\" d=\"M15.91 11.672a.375.375 0 0 1 0 .656l-5.603 3.113a.375.375 0 0 1-.557-.328V8.887c0-.286.307-.466.557-.327l5.603 3.112Z\"><\/path>\n                <\/svg>\n                6 videos            <\/div>\n         \n        \n            <\/div>            \t\t\t\n<\/div>\t\t\r\n            <\/div> \r\n                    \r\n            <div class=\"aiovg-item-category aiovg-item-category-162 aiovg-col aiovg-col-3 aiovg-col-xs-2\" data-id=\"162\">\t\t\r\n                \n<div class=\"aiovg-thumbnail\">\n    <a href=\"https:\/\/www.fipwarriors.eu\/en\/video-category\/fip-general\/\" class=\"aiovg-responsive-container\" style=\"padding-bottom: 56.25%;\"><img decoding=\"async\" src=\"https:\/\/www.fipwarriors.eu\/wp-content\/uploads\/2021\/01\/fcov-300x200.jpg\" alt=\"FIP General\" class=\"aiovg-responsive-element\"\/><\/a>    \n    <div class=\"aiovg-caption\">\n        <div class=\"aiovg-title\">\n            <a href=\"https:\/\/www.fipwarriors.eu\/en\/video-category\/fip-general\/\" class=\"aiovg-link-title\">\n                <\/a><a class=\"glossaryLink\" aria-describedby=\"tt\" data-cmtooltip=\"&lt;div class=glossaryItemBody&gt;Infek&#269;n&aacute; peritonit&iacute;da ma&#269;iek (angl. Feline infectious peritonitis, zau&#382;&iacute;van&aacute; skratka FIP) je infek&#269;n&eacute; ochorenie ma&#269;iek sp&ocirc;sobuj&uacute;ce smr&#357;. N&aacute;zov je mierne zav&aacute;dzaj&uacute;ci, preto&#382;e nejde o z&aacute;pal pobru&scaron;nice (&#269;i&#382;e peritonea), ale o z&aacute;pal ciev (vaskulit&iacute;da). Klinick&eacute; pr&iacute;znaky FIP sa v&scaron;ak &#269;asto prejavuj&uacute; vo forme z&aacute;palu pobru&scaron;nice. V&iacute;rus FIP nap&aacute;da v&scaron;ak aj pohrudnicu &ndash; z toho d&ocirc;vodu je niekedy choroba ozna&#269;ovan&aacute; tie&#382; ako Infek&#269;n&aacute; ma&#269;acia polyserozit&iacute;da (Feline infectious polyserositis).&lt;\/div&gt;\" href=\"https:\/\/www.fipwarriors.eu\/en\/glossary\/fip\/\" data-mobile-support=\"0\" data-gt-translate-attributes='[{\"attribute\":\"data-cmtooltip\", \"format\":\"html\"}]' tabindex=\"0\" role=\"link\">FIP<\/a> General            \n        <\/div>        \n\n                    <div class=\"aiovg-count aiovg-flex aiovg-gap-1 aiovg-items-center aiovg-text-muted aiovg-text-small\">\n                <svg xmlns=\"http:\/\/www.w3.org\/2000\/svg\" fill=\"none\" width=\"16\" height=\"16\" viewbox=\"0 0 24 24\" stroke-width=\"1.5\" stroke=\"currentColor\" class=\"aiovg-flex-shrink-0\">\n                    <path stroke-linecap=\"round\" stroke-linejoin=\"round\" d=\"M21 12a9 9 0 1 1-18 0 9 9 0 0 1 18 0Z\"><\/path>\n                    <path stroke-linecap=\"round\" stroke-linejoin=\"round\" d=\"M15.91 11.672a.375.375 0 0 1 0 .656l-5.603 3.113a.375.375 0 0 1-.557-.328V8.887c0-.286.307-.466.557-.327l5.603 3.112Z\"><\/path>\n                <\/svg>\n                16 videos            <\/div>\n         \n        \n            <\/div>            \t\t\t\n<\/div>\t\t\r\n            <\/div> \r\n            <\/div>\r\n\r\n    <\/div>\n","protected":false},"excerpt":{"rendered":"","protected":false},"author":1,"featured_media":0,"parent":0,"menu_order":0,"comment_status":"closed","ping_status":"closed","template":"","meta":{"_uag_custom_page_level_css":"","footnotes":""},"categories":[],"tags":[],"class_list":["post-3872","page","type-page","status-publish","hentry"],"featured_image_urls_v2":{"full":"","thumbnail":"","medium":"","medium_large":"","large":"","1536x1536":"","2048x2048":"","trp-custom-language-flag":"","twentyseventeen-featured-image":"","twentyseventeen-thumbnail-avatar":"","woocommerce_thumbnail":"","woocommerce_single":"","woocommerce_gallery_thumbnail":""},"post_excerpt_stackable_v2":"<p>Home &raquo; Video Category Aplik&aacute;cia liekov 6 videos FIP General 16 videos<\/p>\n","category_list_v2":"Uncategorised","author_info_v2":{"name":"LM","url":"https:\/\/www.fipwarriors.eu\/en\/author\/starman\/"},"comments_num_v2":"0 comments","featured_image_src":null,"yoast_head":"<!-- This site is optimized with the Yoast SEO plugin v27.5 - https:\/\/yoast.com\/product\/yoast-seo-wordpress\/ -->\n<title>Video Category - FIP Warriors CZ\/SK \u00ae<\/title>\n<meta name=\"robots\" content=\"index, follow, max-snippet:-1, max-image-preview:large, max-video-preview:-1\" \/>\n<link rel=\"canonical\" href=\"https:\/\/www.fipwarriors.eu\/en\/video-category\/\" \/>\n<meta property=\"og:locale\" content=\"en_GB\" \/>\n<meta property=\"og:type\" content=\"article\" \/>\n<meta property=\"og:title\" content=\"Video Category - FIP Warriors CZ\/SK \u00ae\" \/>\n<meta property=\"og:url\" content=\"https:\/\/www.fipwarriors.eu\/en\/video-category\/\" \/>\n<meta property=\"og:site_name\" content=\"FIP Warriors CZ\/SK \u00ae\" \/>\n<meta property=\"article:publisher\" content=\"https:\/\/www.facebook.com\/groups\/fipczsk\" \/>\n<meta name=\"twitter:card\" content=\"summary_large_image\" \/>\n<script type=\"application\/ld+json\" class=\"yoast-schema-graph\">{\"@context\":\"https:\\\/\\\/schema.org\",\"@graph\":[{\"@type\":\"WebPage\",\"@id\":\"https:\\\/\\\/www.fipwarriors.eu\\\/video-category\\\/\",\"url\":\"https:\\\/\\\/www.fipwarriors.eu\\\/video-category\\\/\",\"name\":\"Video Category - FIP Warriors CZ\\\/SK \u00ae\",\"isPartOf\":{\"@id\":\"https:\\\/\\\/www.fipwarriors.eu\\\/#website\"},\"datePublished\":\"2021-01-07T22:40:09+00:00\",\"breadcrumb\":{\"@id\":\"https:\\\/\\\/www.fipwarriors.eu\\\/video-category\\\/#breadcrumb\"},\"inLanguage\":\"en-GB\",\"potentialAction\":[{\"@type\":\"ReadAction\",\"target\":[\"https:\\\/\\\/www.fipwarriors.eu\\\/video-category\\\/\"]}]},{\"@type\":\"BreadcrumbList\",\"@id\":\"https:\\\/\\\/www.fipwarriors.eu\\\/video-category\\\/#breadcrumb\",\"itemListElement\":[{\"@type\":\"ListItem\",\"position\":1,\"name\":\"Domovsk\u00e1 str\u00e1nka\",\"item\":\"https:\\\/\\\/www.fipwarriors.eu\\\/\"},{\"@type\":\"ListItem\",\"position\":2,\"name\":\"Video Category\"}]},{\"@type\":\"WebSite\",\"@id\":\"https:\\\/\\\/www.fipwarriors.eu\\\/#website\",\"url\":\"https:\\\/\\\/www.fipwarriors.eu\\\/\",\"name\":\"FIP Warriors CZ\\\/SK \u00ae\",\"description\":\"Pre v\u0161etk\u00fdch FIP bojovn\u00edkov\",\"publisher\":{\"@id\":\"https:\\\/\\\/www.fipwarriors.eu\\\/#organization\"},\"potentialAction\":[{\"@type\":\"SearchAction\",\"target\":{\"@type\":\"EntryPoint\",\"urlTemplate\":\"https:\\\/\\\/www.fipwarriors.eu\\\/?s={search_term_string}\"},\"query-input\":{\"@type\":\"PropertyValueSpecification\",\"valueRequired\":true,\"valueName\":\"search_term_string\"}}],\"inLanguage\":\"en-GB\"},{\"@type\":\"Organization\",\"@id\":\"https:\\\/\\\/www.fipwarriors.eu\\\/#organization\",\"name\":\"FIP Warriors CZ\\\/SK \u00ae\",\"url\":\"https:\\\/\\\/www.fipwarriors.eu\\\/\",\"logo\":{\"@type\":\"ImageObject\",\"inLanguage\":\"en-GB\",\"@id\":\"https:\\\/\\\/www.fipwarriors.eu\\\/#\\\/schema\\\/logo\\\/image\\\/\",\"url\":\"https:\\\/\\\/www.fipwarriors.eu\\\/wp-content\\\/uploads\\\/2021\\\/12\\\/cropped-fip-warriors-logo.png\",\"contentUrl\":\"https:\\\/\\\/www.fipwarriors.eu\\\/wp-content\\\/uploads\\\/2021\\\/12\\\/cropped-fip-warriors-logo.png\",\"width\":315,\"height\":315,\"caption\":\"FIP Warriors CZ\\\/SK \u00ae\"},\"image\":{\"@id\":\"https:\\\/\\\/www.fipwarriors.eu\\\/#\\\/schema\\\/logo\\\/image\\\/\"},\"sameAs\":[\"https:\\\/\\\/www.facebook.com\\\/groups\\\/fipczsk\"]}]}<\/script>\n<!-- \/ Yoast SEO plugin. -->","yoast_head_json":{"title":"Video Category - FIP Warriors CZ\/SK \u00ae","robots":{"index":"index","follow":"follow","max-snippet":"max-snippet:-1","max-image-preview":"max-image-preview:large","max-video-preview":"max-video-preview:-1"},"canonical":"https:\/\/www.fipwarriors.eu\/en\/video-category\/","og_locale":"en_GB","og_type":"article","og_title":"Video Category - FIP Warriors CZ\/SK \u00ae","og_url":"https:\/\/www.fipwarriors.eu\/en\/video-category\/","og_site_name":"FIP Warriors CZ\/SK \u00ae","article_publisher":"https:\/\/www.facebook.com\/groups\/fipczsk","twitter_card":"summary_large_image","schema":{"@context":"https:\/\/schema.org","@graph":[{"@type":"WebPage","@id":"https:\/\/www.fipwarriors.eu\/video-category\/","url":"https:\/\/www.fipwarriors.eu\/video-category\/","name":"Video Category - FIP Warriors CZ\/SK \u00ae","isPartOf":{"@id":"https:\/\/www.fipwarriors.eu\/#website"},"datePublished":"2021-01-07T22:40:09+00:00","breadcrumb":{"@id":"https:\/\/www.fipwarriors.eu\/video-category\/#breadcrumb"},"inLanguage":"en-GB","potentialAction":[{"@type":"ReadAction","target":["https:\/\/www.fipwarriors.eu\/video-category\/"]}]},{"@type":"BreadcrumbList","@id":"https:\/\/www.fipwarriors.eu\/video-category\/#breadcrumb","itemListElement":[{"@type":"ListItem","position":1,"name":"Domovsk\u00e1 str\u00e1nka","item":"https:\/\/www.fipwarriors.eu\/"},{"@type":"ListItem","position":2,"name":"Video Category"}]},{"@type":"WebSite","@id":"https:\/\/www.fipwarriors.eu\/#website","url":"https:\/\/www.fipwarriors.eu\/","name":"FIP Warriors CZ \/ SK \u00ae","description":"For all FIP warriors","publisher":{"@id":"https:\/\/www.fipwarriors.eu\/#organization"},"potentialAction":[{"@type":"SearchAction","target":{"@type":"EntryPoint","urlTemplate":"https:\/\/www.fipwarriors.eu\/?s={search_term_string}"},"query-input":{"@type":"PropertyValueSpecification","valueRequired":true,"valueName":"search_term_string"}}],"inLanguage":"en-GB"},{"@type":"Organization","@id":"https:\/\/www.fipwarriors.eu\/#organization","name":"FIP Warriors CZ \/ SK \u00ae","url":"https:\/\/www.fipwarriors.eu\/","logo":{"@type":"ImageObject","inLanguage":"en-GB","@id":"https:\/\/www.fipwarriors.eu\/#\/schema\/logo\/image\/","url":"https:\/\/www.fipwarriors.eu\/wp-content\/uploads\/2021\/12\/cropped-fip-warriors-logo.png","contentUrl":"https:\/\/www.fipwarriors.eu\/wp-content\/uploads\/2021\/12\/cropped-fip-warriors-logo.png","width":315,"height":315,"caption":"FIP Warriors CZ\/SK \u00ae"},"image":{"@id":"https:\/\/www.fipwarriors.eu\/#\/schema\/logo\/image\/"},"sameAs":["https:\/\/www.facebook.com\/groups\/fipczsk"]}]}},"uagb_featured_image_src":{"full":false,"thumbnail":false,"medium":false,"medium_large":false,"large":false,"1536x1536":false,"2048x2048":false,"trp-custom-language-flag":false,"twentyseventeen-featured-image":false,"twentyseventeen-thumbnail-avatar":false,"woocommerce_thumbnail":false,"woocommerce_single":false,"woocommerce_gallery_thumbnail":false},"uagb_author_info":{"display_name":"L. M.","author_link":"https:\/\/www.fipwarriors.eu\/en\/author\/starman\/"},"uagb_comment_info":0,"uagb_excerpt":null,"_links":{"self":[{"href":"https:\/\/www.fipwarriors.eu\/en\/wp-json\/wp\/v2\/pages\/3872","targetHints":{"allow":["GET"]}}],"collection":[{"href":"https:\/\/www.fipwarriors.eu\/en\/wp-json\/wp\/v2\/pages"}],"about":[{"href":"https:\/\/www.fipwarriors.eu\/en\/wp-json\/wp\/v2\/types\/page"}],"author":[{"embeddable":true,"href":"https:\/\/www.fipwarriors.eu\/en\/wp-json\/wp\/v2\/users\/1"}],"replies":[{"embeddable":true,"href":"https:\/\/www.fipwarriors.eu\/en\/wp-json\/wp\/v2\/comments?post=3872"}],"version-history":[{"count":0,"href":"https:\/\/www.fipwarriors.eu\/en\/wp-json\/wp\/v2\/pages\/3872\/revisions"}],"wp:attachment":[{"href":"https:\/\/www.fipwarriors.eu\/en\/wp-json\/wp\/v2\/media?parent=3872"}],"wp:term":[{"taxonomy":"category","embeddable":true,"href":"https:\/\/www.fipwarriors.eu\/en\/wp-json\/wp\/v2\/categories?post=3872"},{"taxonomy":"post_tag","embeddable":true,"href":"https:\/\/www.fipwarriors.eu\/en\/wp-json\/wp\/v2\/tags?post=3872"}],"curies":[{"name":"wp","href":"https:\/\/api.w.org\/{rel}","templated":true}]}}