{"id":5843,"date":"2021-02-13T13:22:44","date_gmt":"2021-02-13T12:22:44","guid":{"rendered":"https:\/\/www.fipwarriors.eu\/?page_id=5843"},"modified":"2024-09-06T14:30:56","modified_gmt":"2024-09-06T12:30:56","slug":"stats","status":"publish","type":"page","link":"https:\/\/www.fipwarriors.eu\/en\/stats\/","title":{"rendered":"Statistics on FIP treatment in the Czech &amp; Slovak Republic"},"content":{"rendered":"<p>Permanentne prebieha projekt, ktor&eacute;ho cie&#318;om je preh&#318;ad o lie&#269;be <a class=\"glossaryLink\" aria-describedby=\"tt\" data-cmtooltip=\"&lt;div class=glossaryItemBody&gt;Infek&#269;n&aacute; peritonit&iacute;da ma&#269;iek (angl. Feline infectious peritonitis, zau&#382;&iacute;van&aacute; skratka FIP) je infek&#269;n&eacute; ochorenie ma&#269;iek sp&ocirc;sobuj&uacute;ce smr&#357;. N&aacute;zov je mierne zav&aacute;dzaj&uacute;ci, preto&#382;e nejde o z&aacute;pal pobru&scaron;nice (&#269;i&#382;e peritonea), ale o z&aacute;pal ciev (vaskulit&iacute;da). Klinick&eacute; pr&iacute;znaky FIP sa v&scaron;ak &#269;asto prejavuj&uacute; vo forme z&aacute;palu pobru&scaron;nice. V&iacute;rus FIP nap&aacute;da v&scaron;ak aj pohrudnicu &ndash; z toho d&ocirc;vodu je niekedy choroba ozna&#269;ovan&aacute; tie&#382; ako Infek&#269;n&aacute; ma&#269;acia polyserozit&iacute;da (Feline infectious polyserositis).&lt;\/div&gt;\" href=\"https:\/\/www.fipwarriors.eu\/en\/glossary\/fip\/\" data-mobile-support=\"0\" data-gt-translate-attributes='[{\"attribute\":\"data-cmtooltip\", \"format\":\"html\"}]' tabindex=\"0\" role=\"link\">FIP<\/a> v &#268;R\/SR. Vstupn&eacute; d&aacute;ta sa z&iacute;skavaj&uacute; prostred&iacute;ctvom dotazn&iacute;ka, ktor&yacute; vam skuto&#269;ne nezaberie ve&#318;a &#269;asu. V&auml;&#269;&scaron;inu odpoved&iacute; sta&#269;&iacute; len vyklika&#357;.<\/p>\n\n\n\n<p>Dotazn&iacute;k je dobr&eacute; vyplni&#357; &#269;o najsk&ocirc;r po zah&aacute;jen&iacute; lie&#269;by, preto&#382;e jednak m&aacute;te v &#269;erstvej pam&auml;ti d&ocirc;le&#382;it&eacute; inform&aacute;cie, na ktor&eacute; by ste si mo&#382;no po ukon&#269;en&iacute; lie&#269;by nespomenuli, a z&aacute;rove&#328; to umo&#382;&#328;uje udr&#382;iava&#357; preh&#318;ad o aktu&aacute;lne lie&#269;en&yacute;ch ma&#269;k&aacute;ch. <\/p>\n\n\n<div class=\"wp-block-image\">\n<figure class=\"alignright size-medium\"><a href=\"https:\/\/www.fipwarriors.eu\/wp-content\/uploads\/2021\/02\/dotaznik-self-copy.jpg\"><img loading=\"lazy\" decoding=\"async\" width=\"300\" height=\"202\" src=\"https:\/\/www.fipwarriors.eu\/wp-content\/uploads\/2021\/02\/dotaznik-self-copy-300x202.jpg\" alt=\"\" class=\"wp-image-6058\" srcset=\"https:\/\/www.fipwarriors.eu\/wp-content\/uploads\/2021\/02\/dotaznik-self-copy-300x202.jpg 300w, https:\/\/www.fipwarriors.eu\/wp-content\/uploads\/2021\/02\/dotaznik-self-copy-768x518.jpg 768w, https:\/\/www.fipwarriors.eu\/wp-content\/uploads\/2021\/02\/dotaznik-self-copy-800x539.jpg 800w, https:\/\/www.fipwarriors.eu\/wp-content\/uploads\/2021\/02\/dotaznik-self-copy-16x12.jpg 16w, https:\/\/www.fipwarriors.eu\/wp-content\/uploads\/2021\/02\/dotaznik-self-copy-350x236.jpg 350w, https:\/\/www.fipwarriors.eu\/wp-content\/uploads\/2021\/02\/dotaznik-self-copy-64x43.jpg 64w, https:\/\/www.fipwarriors.eu\/wp-content\/uploads\/2021\/02\/dotaznik-self-copy.jpg 823w\" sizes=\"auto, (max-width: 300px) 100vw, 300px\"\/><\/a><figcaption class=\"wp-element-caption\">Ak chcete v bud&uacute;cnosti aktualizova&#357; svoje odpovede, vyberte si zaslanie k&oacute;pie na v&aacute;&scaron; mail.<\/figcaption><\/figure>\n<\/div>\n\n\n<p>V&yacute;sledkom s&uacute; &uacute;plne anonymizovan&eacute; &scaron;tatistiky. Kontaktn&eacute; &uacute;daje nie s&uacute; verejn&eacute; a sl&uacute;&#382;ia iba pre jednozna&#269;n&uacute; identifik&aacute;ciu jednotliv&yacute;ch pr&iacute;padov pre &uacute;&#269;ely pr&iacute;padn&eacute;ho kontaktu kv&ocirc;li verifik&aacute;cii a aktualiz&aacute;cii d&aacute;t. Va&scaron;e odpovede sa v &scaron;tatistik&aacute;ch prejavia automaticky do 5 min&uacute;t.<\/p>\n\n\n\n<p>Dotazn&iacute;k m&ocirc;&#382;ete kedyko&#318;vek aktualizova&#357;, ak si na poslednej str&aacute;nke pred jeho odoslan&iacute;m zvol&iacute;te zaslanie odpoved&iacute; mailom. <\/p>\n\n\n\n<p class=\"has-vivid-red-color has-text-color\"><strong>Pokia&#318; ste u&#382; dotazn&iacute;k niekedy vyplnili, ale neviete, ako odpovede aktualizova&#357;, nap&iacute;&scaron;te mi spr&aacute;vu z <a href=\"https:\/\/www.fipwarriors.eu\/kontakt\/\">kontaktn&eacute;ho formul&aacute;ra<\/a> alebo mi nap&iacute;&scaron;te na Facebooku. Ur&#269;ite ale dotazn&iacute;k nevyp&#314;&#328;ajte cel&yacute; znovu!!! Doleuveden&yacute; odkaz je len pre nov&eacute; vyplnenie dotazn&iacute;ka. <\/strong><\/p>\n\n\n\n<p>Ot&aacute;zky v dotazn&iacute;ku s&uacute; s&iacute;ce len v slovenskom jazyku, ale v&yacute;sledn&eacute; &scaron;tatistiky s&uacute; spracovan&eacute; v sloven&#269;ine aj v angli&#269;tine.<\/p>\n\n\n<div style=\"gap: 20px;\" class=\"align-button-center ub-buttons orientation-button-row ub-flex-wrap lm-button wp-block-ub-button\" id=\"ub-button-335cdc21-89d3-483a-a7fd-1a54fba5dd52\"><div class=\"ub-button-container\">\n\t\t\t<a href=\"https:\/\/docs.google.com\/forms\/d\/e\/1FAIpQLSfWkfIkbaGrKQHmIY0JAxpTjuG7aB9prtxEQUqdv-DQ7vIu6g\/viewform\" target=\"_blank\" rel=\"noopener noreferrer nofollow\" class=\"ub-button-block-main  \" role=\"button\" style=\"--ub-button-background-color: #cf2e2e; --ub-button-color: #ffffff; --ub-button-border: none; --ub-button-hover-background-color: #ff6900; --ub-button-hover-color: #ffffff; --ub-button-hover-border: none; padding-top: 10px; padding-right: 10px; padding-bottom: 10px; padding-left: 10px; \">\n\t\t\t\t<div class=\"ub-button-content-holder\" style=\"flex-direction: row\">\n\t\t\t\t\t<span class=\"ub-button-icon-holder\">\n\t\t\t\t<svg xmlns=\"http:\/\/www.w3.org\/2000\/svg\" height=\"30\" width=\"30\" viewbox=\"0 0 384 512\">\n\t\t\t\t\t<path fill=\"currentColor\" d=\"M192 0c-41.8 0-77.4 26.7-90.5 64H64C28.7 64 0 92.7 0 128V448c0 35.3 28.7 64 64 64H320c35.3 0 64-28.7 64-64V128c0-35.3-28.7-64-64-64H282.5C269.4 26.7 233.8 0 192 0zm0 64a32 32 0 1 1 0 64 32 32 0 1 1 0-64zM72 272a24 24 0 1 1 48 0 24 24 0 1 1 -48 0zm104-16H304c8.8 0 16 7.2 16 16s-7.2 16-16 16H176c-8.8 0-16-7.2-16-16s7.2-16 16-16zM72 368a24 24 0 1 1 48 0 24 24 0 1 1 -48 0zm88 0c0-8.8 7.2-16 16-16H304c8.8 0 16 7.2 16 16s-7.2 16-16 16H176c-8.8 0-16-7.2-16-16z\">\n\t\t\t\t<\/path><\/svg>\n\t\t\t<\/span><span class=\"ub-button-block-btn\">Dotazn&iacute;k o lie&#269;be FIP<\/span>\n\t\t\t\t<\/div>\n\t\t\t<\/a>\n\t\t<\/div><div class=\"ub-button-container\">\n\t\t\t<a href=\"https:\/\/docs.google.com\/spreadsheets\/d\/e\/2PACX-1vRAnj_FV_fteWIW1HXsROLuJ7YY1-i_Sf81BCmM9JT9LbCT2mcnwD1rL9IBsLCTB1U59CcnalOGjFqq\/pubhtml?gid=1937250726&amp;single=true\" target=\"_blank\" rel=\"noopener noreferrer nofollow\" class=\"ub-button-block-main  \" role=\"button\" style=\"--ub-button-background-color: #0693e3; --ub-button-color: #ffffff; --ub-button-border: none; --ub-button-hover-background-color: #00d084; --ub-button-hover-color: #ffffff; --ub-button-hover-border: none; padding-top: 10px; padding-right: 10px; padding-bottom: 10px; padding-left: 10px; \">\n\t\t\t\t<div class=\"ub-button-content-holder\" style=\"flex-direction: row\">\n\t\t\t\t\t<span class=\"ub-button-icon-holder\">\n\t\t\t\t<svg xmlns=\"http:\/\/www.w3.org\/2000\/svg\" height=\"30\" width=\"30\" viewbox=\"0 0 512 512\">\n\t\t\t\t\t<path fill=\"currentColor\" d=\"M32 32c17.7 0 32 14.3 32 32V400c0 8.8 7.2 16 16 16H480c17.7 0 32 14.3 32 32s-14.3 32-32 32H80c-44.2 0-80-35.8-80-80V64C0 46.3 14.3 32 32 32zm96 96c0-17.7 14.3-32 32-32l192 0c17.7 0 32 14.3 32 32s-14.3 32-32 32l-192 0c-17.7 0-32-14.3-32-32zm32 64H288c17.7 0 32 14.3 32 32s-14.3 32-32 32H160c-17.7 0-32-14.3-32-32s14.3-32 32-32zm0 96H416c17.7 0 32 14.3 32 32s-14.3 32-32 32H160c-17.7 0-32-14.3-32-32s14.3-32 32-32z\">\n\t\t\t\t<\/path><\/svg>\n\t\t\t<\/span><span class=\"ub-button-block-btn\">&Scaron;tatistiky<\/span>\n\t\t\t\t<\/div>\n\t\t\t<\/a>\n\t\t<\/div><\/div>\n\n\n<p><\/p>\n","protected":false},"excerpt":{"rendered":"<p>There is a permanent ongoing project, the aim of which is an overview of the treatment of FIP in the Czech Republic\/SR. Input data is obtained through a questionnaire, which really does not take much time. Most of the answers just need to be clicked out. It is a good idea to fill in the questionnaire as soon as possible after starting the treatment, because on the one hand you have important information fresh in your memory, which you might need after the end of the treatment... <\/p>\n<p class=\"link-more\"><a href=\"https:\/\/www.fipwarriors.eu\/en\/stats\/\" class=\"more-link\">Continue reading<span class=\"screen-reader-text\"> &quot;Statistics on the treatment of FIP in the Czech Republic\/SR&quot;<\/span><\/a><\/p>","protected":false},"author":1,"featured_media":5848,"parent":0,"menu_order":0,"comment_status":"closed","ping_status":"closed","template":"","meta":{"_uag_custom_page_level_css":"","footnotes":""},"categories":[279],"tags":[],"class_list":["post-5843","page","type-page","status-publish","has-post-thumbnail","hentry","category-main_page"],"featured_image_urls_v2":{"full":["https:\/\/www.fipwarriors.eu\/wp-content\/uploads\/2021\/02\/stats.jpg",1920,1080,false],"thumbnail":["https:\/\/www.fipwarriors.eu\/wp-content\/uploads\/2021\/02\/stats-150x150.jpg",150,150,true],"medium":["https:\/\/www.fipwarriors.eu\/wp-content\/uploads\/2021\/02\/stats-300x169.jpg",300,169,true],"medium_large":["https:\/\/www.fipwarriors.eu\/wp-content\/uploads\/2021\/02\/stats-768x432.jpg",525,295,true],"large":["https:\/\/www.fipwarriors.eu\/wp-content\/uploads\/2021\/02\/stats-1024x576.jpg",525,295,true],"1536x1536":["https:\/\/www.fipwarriors.eu\/wp-content\/uploads\/2021\/02\/stats-1536x864.jpg",1536,864,true],"2048x2048":["https:\/\/www.fipwarriors.eu\/wp-content\/uploads\/2021\/02\/stats.jpg",1920,1080,false],"trp-custom-language-flag":["https:\/\/www.fipwarriors.eu\/wp-content\/uploads\/2021\/02\/stats-16x9.jpg",16,9,true],"twentyseventeen-featured-image":["https:\/\/www.fipwarriors.eu\/wp-content\/uploads\/2021\/02\/stats.jpg",1920,1080,false],"twentyseventeen-thumbnail-avatar":["https:\/\/www.fipwarriors.eu\/wp-content\/uploads\/2021\/02\/stats-100x100.jpg",100,100,true],"woocommerce_thumbnail":["https:\/\/www.fipwarriors.eu\/wp-content\/uploads\/2021\/02\/stats-250x250.jpg",250,250,true],"woocommerce_single":["https:\/\/www.fipwarriors.eu\/wp-content\/uploads\/2021\/02\/stats-350x197.jpg",350,197,true],"woocommerce_gallery_thumbnail":["https:\/\/www.fipwarriors.eu\/wp-content\/uploads\/2021\/02\/stats-100x100.jpg",100,100,true]},"post_excerpt_stackable_v2":"<p>Permanentne prebieha projekt, ktor&eacute;ho cie&#318;om je preh&#318;ad o lie&#269;be <a class=\"glossaryLink\" aria-describedby=\"tt\" data-cmtooltip=\"&lt;div class=glossaryItemBody&gt;Infek&#269;n&aacute; peritonit&iacute;da ma&#269;iek (angl. Feline infectious peritonitis, zau&#382;&iacute;van&aacute; skratka FIP) je infek&#269;n&eacute; ochorenie ma&#269;iek sp&ocirc;sobuj&uacute;ce smr&#357;. N&aacute;zov je mierne zav&aacute;dzaj&uacute;ci, preto&#382;e nejde o z&aacute;pal pobru&scaron;nice (&#269;i&#382;e peritonea), ale o z&aacute;pal ciev (vaskulit&iacute;da). Klinick&eacute; pr&iacute;znaky FIP sa v&scaron;ak &#269;asto prejavuj&uacute; vo forme z&aacute;palu pobru&scaron;nice. V&iacute;rus FIP nap&aacute;da v&scaron;ak aj pohrudnicu &ndash; z toho d&ocirc;vodu je niekedy choroba ozna&#269;ovan&aacute; tie&#382; ako Infek&#269;n&aacute; ma&#269;acia polyserozit&iacute;da (Feline infectious polyserositis).&lt;\/div&gt;\" href=\"https:\/\/www.fipwarriors.eu\/en\/glossary\/fip\/\" data-mobile-support=\"0\" data-gt-translate-attributes='[{\"attribute\":\"data-cmtooltip\", \"format\":\"html\"}]' tabindex=\"0\" role=\"link\">FIP<\/a> v &#268;R\/SR. Vstupn&eacute; d&aacute;ta sa z&iacute;skavaj&uacute; prostred&iacute;ctvom dotazn&iacute;ka, ktor&yacute; vam skuto&#269;ne nezaberie ve&#318;a &#269;asu. V&auml;&#269;&scaron;inu odpoved&iacute; sta&#269;&iacute; len vyklika&#357;. Dotazn&iacute;k je dobr&eacute; vyplni&#357; &#269;o najsk&ocirc;r po zah&aacute;jen&iacute; lie&#269;by, preto&#382;e jednak m&aacute;te v &#269;erstvej pam&auml;ti d&ocirc;le&#382;it&eacute; inform&aacute;cie, na ktor&eacute; by ste si mo&#382;no po ukon&#269;en&iacute; lie&#269;by nespomenuli, a z&aacute;rove&#328; to umo&#382;&#328;uje udr&#382;iava&#357; preh&#318;ad o aktu&aacute;lne lie&#269;en&yacute;ch ma&#269;k&aacute;ch. Ak chcete v bud&uacute;cnosti aktualizova&#357; svoje odpovede, vyberte si zaslanie k&oacute;pie na v&aacute;&scaron; mail. V&yacute;sledkom s&uacute; &uacute;plne anonymizovan&eacute; &scaron;tatistiky. Kontaktn&eacute; &uacute;daje nie s&uacute; verejn&eacute; a sl&uacute;&#382;ia iba pre jednozna&#269;n&uacute; identifik&aacute;ciu jednotliv&yacute;ch pr&iacute;padov pre &uacute;&#269;ely&hellip;<\/p>\n","category_list_v2":"<a href=\"https:\/\/www.fipwarriors.eu\/en\/category\/main_page\/\" rel=\"category tag\">Main Page<\/a>","author_info_v2":{"name":"LM","url":"https:\/\/www.fipwarriors.eu\/en\/author\/starman\/"},"comments_num_v2":"0 comments","featured_image_src":"https:\/\/www.fipwarriors.eu\/wp-content\/uploads\/2021\/02\/stats.jpg","yoast_head":"<!-- This site is optimized with the Yoast SEO plugin v27.5 - https:\/\/yoast.com\/product\/yoast-seo-wordpress\/ -->\n<title>\u0160tatistiky o lie\u010dbe FIP v \u010cR\/SR - FIP Warriors CZ\/SK \u00ae<\/title>\n<meta name=\"robots\" content=\"index, follow, max-snippet:-1, max-image-preview:large, max-video-preview:-1\" \/>\n<link rel=\"canonical\" href=\"https:\/\/www.fipwarriors.eu\/en\/stats\/\" \/>\n<meta property=\"og:locale\" content=\"en_GB\" \/>\n<meta property=\"og:type\" content=\"article\" \/>\n<meta property=\"og:title\" content=\"\u0160tatistiky o lie\u010dbe FIP v \u010cR\/SR - FIP Warriors CZ\/SK \u00ae\" \/>\n<meta property=\"og:description\" content=\"Permanentne prebieha projekt, ktor&eacute;ho cie&#318;om je preh&#318;ad o lie&#269;be FIP v &#268;R\/SR. Vstupn&eacute; d&aacute;ta sa z&iacute;skavaj&uacute; prostred&iacute;ctvom dotazn&iacute;ka, ktor&yacute; vam skuto&#269;ne nezaberie ve&#318;a &#269;asu. V&auml;&#269;&scaron;inu odpoved&iacute; sta&#269;&iacute; len vyklika&#357;. Dotazn&iacute;k je dobr&eacute; vyplni&#357; &#269;o najsk&ocirc;r po zah&aacute;jen&iacute; lie&#269;by, preto&#382;e jednak m&aacute;te v &#269;erstvej pam&auml;ti d&ocirc;le&#382;it&eacute; inform&aacute;cie, na ktor&eacute; by ste si mo&#382;no po ukon&#269;en&iacute; lie&#269;by &hellip; Continue reading &quot;&Scaron;tatistiky o lie&#269;be FIP v &#268;R\/SR&quot;\" \/>\n<meta property=\"og:url\" content=\"https:\/\/www.fipwarriors.eu\/en\/stats\/\" \/>\n<meta property=\"og:site_name\" content=\"FIP Warriors CZ\/SK \u00ae\" \/>\n<meta property=\"article:publisher\" content=\"https:\/\/www.facebook.com\/groups\/fipczsk\" \/>\n<meta property=\"article:modified_time\" content=\"2024-09-06T12:30:56+00:00\" \/>\n<meta property=\"og:image\" content=\"https:\/\/www.fipwarriors.eu\/wp-content\/uploads\/2021\/02\/stats.jpg\" \/>\n\t<meta property=\"og:image:width\" content=\"1920\" \/>\n\t<meta property=\"og:image:height\" content=\"1080\" \/>\n\t<meta property=\"og:image:type\" content=\"image\/jpeg\" \/>\n<meta name=\"twitter:card\" content=\"summary_large_image\" \/>\n<meta name=\"twitter:label1\" content=\"Estimated reading time\" \/>\n\t<meta name=\"twitter:data1\" content=\"2 minutes\" \/>\n<script type=\"application\/ld+json\" class=\"yoast-schema-graph\">{\"@context\":\"https:\\\/\\\/schema.org\",\"@graph\":[{\"@type\":\"WebPage\",\"@id\":\"https:\\\/\\\/www.fipwarriors.eu\\\/stats\\\/\",\"url\":\"https:\\\/\\\/www.fipwarriors.eu\\\/stats\\\/\",\"name\":\"\u0160tatistiky o lie\u010dbe FIP v \u010cR\\\/SR - FIP Warriors CZ\\\/SK \u00ae\",\"isPartOf\":{\"@id\":\"https:\\\/\\\/www.fipwarriors.eu\\\/#website\"},\"primaryImageOfPage\":{\"@id\":\"https:\\\/\\\/www.fipwarriors.eu\\\/stats\\\/#primaryimage\"},\"image\":{\"@id\":\"https:\\\/\\\/www.fipwarriors.eu\\\/stats\\\/#primaryimage\"},\"thumbnailUrl\":\"https:\\\/\\\/www.fipwarriors.eu\\\/wp-content\\\/uploads\\\/2021\\\/02\\\/stats.jpg\",\"datePublished\":\"2021-02-13T12:22:44+00:00\",\"dateModified\":\"2024-09-06T12:30:56+00:00\",\"breadcrumb\":{\"@id\":\"https:\\\/\\\/www.fipwarriors.eu\\\/stats\\\/#breadcrumb\"},\"inLanguage\":\"en-GB\",\"potentialAction\":[{\"@type\":\"ReadAction\",\"target\":[\"https:\\\/\\\/www.fipwarriors.eu\\\/stats\\\/\"]}]},{\"@type\":\"ImageObject\",\"inLanguage\":\"en-GB\",\"@id\":\"https:\\\/\\\/www.fipwarriors.eu\\\/stats\\\/#primaryimage\",\"url\":\"https:\\\/\\\/www.fipwarriors.eu\\\/wp-content\\\/uploads\\\/2021\\\/02\\\/stats.jpg\",\"contentUrl\":\"https:\\\/\\\/www.fipwarriors.eu\\\/wp-content\\\/uploads\\\/2021\\\/02\\\/stats.jpg\",\"width\":1920,\"height\":1080},{\"@type\":\"BreadcrumbList\",\"@id\":\"https:\\\/\\\/www.fipwarriors.eu\\\/stats\\\/#breadcrumb\",\"itemListElement\":[{\"@type\":\"ListItem\",\"position\":1,\"name\":\"Domovsk\u00e1 str\u00e1nka\",\"item\":\"https:\\\/\\\/www.fipwarriors.eu\\\/\"},{\"@type\":\"ListItem\",\"position\":2,\"name\":\"\u0160tatistiky o lie\u010dbe FIP v \u010cR\\\/SR\"}]},{\"@type\":\"WebSite\",\"@id\":\"https:\\\/\\\/www.fipwarriors.eu\\\/#website\",\"url\":\"https:\\\/\\\/www.fipwarriors.eu\\\/\",\"name\":\"FIP Warriors CZ\\\/SK \u00ae\",\"description\":\"Pre v\u0161etk\u00fdch FIP bojovn\u00edkov\",\"publisher\":{\"@id\":\"https:\\\/\\\/www.fipwarriors.eu\\\/#organization\"},\"potentialAction\":[{\"@type\":\"SearchAction\",\"target\":{\"@type\":\"EntryPoint\",\"urlTemplate\":\"https:\\\/\\\/www.fipwarriors.eu\\\/?s={search_term_string}\"},\"query-input\":{\"@type\":\"PropertyValueSpecification\",\"valueRequired\":true,\"valueName\":\"search_term_string\"}}],\"inLanguage\":\"en-GB\"},{\"@type\":\"Organization\",\"@id\":\"https:\\\/\\\/www.fipwarriors.eu\\\/#organization\",\"name\":\"FIP Warriors CZ\\\/SK \u00ae\",\"url\":\"https:\\\/\\\/www.fipwarriors.eu\\\/\",\"logo\":{\"@type\":\"ImageObject\",\"inLanguage\":\"en-GB\",\"@id\":\"https:\\\/\\\/www.fipwarriors.eu\\\/#\\\/schema\\\/logo\\\/image\\\/\",\"url\":\"https:\\\/\\\/www.fipwarriors.eu\\\/wp-content\\\/uploads\\\/2021\\\/12\\\/cropped-fip-warriors-logo.png\",\"contentUrl\":\"https:\\\/\\\/www.fipwarriors.eu\\\/wp-content\\\/uploads\\\/2021\\\/12\\\/cropped-fip-warriors-logo.png\",\"width\":315,\"height\":315,\"caption\":\"FIP Warriors CZ\\\/SK \u00ae\"},\"image\":{\"@id\":\"https:\\\/\\\/www.fipwarriors.eu\\\/#\\\/schema\\\/logo\\\/image\\\/\"},\"sameAs\":[\"https:\\\/\\\/www.facebook.com\\\/groups\\\/fipczsk\"]}]}<\/script>\n<!-- \/ Yoast SEO plugin. -->","yoast_head_json":{"title":"Statistics on FIP treatment in the Czech Republic\/Slovakia - FIP Warriors CZ\/SK \u00ae","robots":{"index":"index","follow":"follow","max-snippet":"max-snippet:-1","max-image-preview":"max-image-preview:large","max-video-preview":"max-video-preview:-1"},"canonical":"https:\/\/www.fipwarriors.eu\/en\/stats\/","og_locale":"en_GB","og_type":"article","og_title":"\u0160tatistiky o lie\u010dbe FIP v \u010cR\/SR - FIP Warriors CZ\/SK \u00ae","og_description":"Permanentne prebieha projekt, ktor&eacute;ho cie&#318;om je preh&#318;ad o lie&#269;be FIP v &#268;R\/SR. Vstupn&eacute; d&aacute;ta sa z&iacute;skavaj&uacute; prostred&iacute;ctvom dotazn&iacute;ka, ktor&yacute; vam skuto&#269;ne nezaberie ve&#318;a &#269;asu. V&auml;&#269;&scaron;inu odpoved&iacute; sta&#269;&iacute; len vyklika&#357;. Dotazn&iacute;k je dobr&eacute; vyplni&#357; &#269;o najsk&ocirc;r po zah&aacute;jen&iacute; lie&#269;by, preto&#382;e jednak m&aacute;te v &#269;erstvej pam&auml;ti d&ocirc;le&#382;it&eacute; inform&aacute;cie, na ktor&eacute; by ste si mo&#382;no po ukon&#269;en&iacute; lie&#269;by &hellip; Continue reading &quot;&Scaron;tatistiky o lie&#269;be FIP v &#268;R\/SR&quot;","og_url":"https:\/\/www.fipwarriors.eu\/en\/stats\/","og_site_name":"FIP Warriors CZ\/SK \u00ae","article_publisher":"https:\/\/www.facebook.com\/groups\/fipczsk","article_modified_time":"2024-09-06T12:30:56+00:00","og_image":[{"width":1920,"height":1080,"url":"https:\/\/www.fipwarriors.eu\/wp-content\/uploads\/2021\/02\/stats.jpg","type":"image\/jpeg"}],"twitter_card":"summary_large_image","twitter_misc":{"Estimated reading time":"2 minutes"},"schema":{"@context":"https:\/\/schema.org","@graph":[{"@type":"WebPage","@id":"https:\/\/www.fipwarriors.eu\/stats\/","url":"https:\/\/www.fipwarriors.eu\/stats\/","name":"Statistics on FIP treatment in the Czech Republic\/Slovakia - FIP Warriors CZ\/SK \u00ae","isPartOf":{"@id":"https:\/\/www.fipwarriors.eu\/#website"},"primaryImageOfPage":{"@id":"https:\/\/www.fipwarriors.eu\/stats\/#primaryimage"},"image":{"@id":"https:\/\/www.fipwarriors.eu\/stats\/#primaryimage"},"thumbnailUrl":"https:\/\/www.fipwarriors.eu\/wp-content\/uploads\/2021\/02\/stats.jpg","datePublished":"2021-02-13T12:22:44+00:00","dateModified":"2024-09-06T12:30:56+00:00","breadcrumb":{"@id":"https:\/\/www.fipwarriors.eu\/stats\/#breadcrumb"},"inLanguage":"en-GB","potentialAction":[{"@type":"ReadAction","target":["https:\/\/www.fipwarriors.eu\/stats\/"]}]},{"@type":"ImageObject","inLanguage":"en-GB","@id":"https:\/\/www.fipwarriors.eu\/stats\/#primaryimage","url":"https:\/\/www.fipwarriors.eu\/wp-content\/uploads\/2021\/02\/stats.jpg","contentUrl":"https:\/\/www.fipwarriors.eu\/wp-content\/uploads\/2021\/02\/stats.jpg","width":1920,"height":1080},{"@type":"BreadcrumbList","@id":"https:\/\/www.fipwarriors.eu\/stats\/#breadcrumb","itemListElement":[{"@type":"ListItem","position":1,"name":"Domovsk\u00e1 str\u00e1nka","item":"https:\/\/www.fipwarriors.eu\/"},{"@type":"ListItem","position":2,"name":"\u0160tatistiky o lie\u010dbe FIP v \u010cR\/SR"}]},{"@type":"WebSite","@id":"https:\/\/www.fipwarriors.eu\/#website","url":"https:\/\/www.fipwarriors.eu\/","name":"FIP Warriors CZ \/ SK \u00ae","description":"For all FIP warriors","publisher":{"@id":"https:\/\/www.fipwarriors.eu\/#organization"},"potentialAction":[{"@type":"SearchAction","target":{"@type":"EntryPoint","urlTemplate":"https:\/\/www.fipwarriors.eu\/?s={search_term_string}"},"query-input":{"@type":"PropertyValueSpecification","valueRequired":true,"valueName":"search_term_string"}}],"inLanguage":"en-GB"},{"@type":"Organization","@id":"https:\/\/www.fipwarriors.eu\/#organization","name":"FIP Warriors CZ \/ SK \u00ae","url":"https:\/\/www.fipwarriors.eu\/","logo":{"@type":"ImageObject","inLanguage":"en-GB","@id":"https:\/\/www.fipwarriors.eu\/#\/schema\/logo\/image\/","url":"https:\/\/www.fipwarriors.eu\/wp-content\/uploads\/2021\/12\/cropped-fip-warriors-logo.png","contentUrl":"https:\/\/www.fipwarriors.eu\/wp-content\/uploads\/2021\/12\/cropped-fip-warriors-logo.png","width":315,"height":315,"caption":"FIP Warriors CZ\/SK \u00ae"},"image":{"@id":"https:\/\/www.fipwarriors.eu\/#\/schema\/logo\/image\/"},"sameAs":["https:\/\/www.facebook.com\/groups\/fipczsk"]}]}},"uagb_featured_image_src":{"full":["https:\/\/www.fipwarriors.eu\/wp-content\/uploads\/2021\/02\/stats.jpg",1920,1080,false],"thumbnail":["https:\/\/www.fipwarriors.eu\/wp-content\/uploads\/2021\/02\/stats-150x150.jpg",150,150,true],"medium":["https:\/\/www.fipwarriors.eu\/wp-content\/uploads\/2021\/02\/stats-300x169.jpg",300,169,true],"medium_large":["https:\/\/www.fipwarriors.eu\/wp-content\/uploads\/2021\/02\/stats-768x432.jpg",525,295,true],"large":["https:\/\/www.fipwarriors.eu\/wp-content\/uploads\/2021\/02\/stats-1024x576.jpg",525,295,true],"1536x1536":["https:\/\/www.fipwarriors.eu\/wp-content\/uploads\/2021\/02\/stats-1536x864.jpg",1536,864,true],"2048x2048":["https:\/\/www.fipwarriors.eu\/wp-content\/uploads\/2021\/02\/stats.jpg",1920,1080,false],"trp-custom-language-flag":["https:\/\/www.fipwarriors.eu\/wp-content\/uploads\/2021\/02\/stats-16x9.jpg",16,9,true],"twentyseventeen-featured-image":["https:\/\/www.fipwarriors.eu\/wp-content\/uploads\/2021\/02\/stats.jpg",1920,1080,false],"twentyseventeen-thumbnail-avatar":["https:\/\/www.fipwarriors.eu\/wp-content\/uploads\/2021\/02\/stats-100x100.jpg",100,100,true],"woocommerce_thumbnail":["https:\/\/www.fipwarriors.eu\/wp-content\/uploads\/2021\/02\/stats-250x250.jpg",250,250,true],"woocommerce_single":["https:\/\/www.fipwarriors.eu\/wp-content\/uploads\/2021\/02\/stats-350x197.jpg",350,197,true],"woocommerce_gallery_thumbnail":["https:\/\/www.fipwarriors.eu\/wp-content\/uploads\/2021\/02\/stats-100x100.jpg",100,100,true]},"uagb_author_info":{"display_name":"L. M.","author_link":"https:\/\/www.fipwarriors.eu\/en\/author\/starman\/"},"uagb_comment_info":0,"uagb_excerpt":"Permanentne prebieha projekt, ktor&eacute;ho cie&#318;om je preh&#318;ad o lie&#269;be FIP v &#268;R\/SR. Vstupn&eacute; d&aacute;ta sa z&iacute;skavaj&uacute; prostred&iacute;ctvom dotazn&iacute;ka, ktor&yacute; vam skuto&#269;ne nezaberie ve&#318;a &#269;asu. V&auml;&#269;&scaron;inu odpoved&iacute; sta&#269;&iacute; len vyklika&#357;. Dotazn&iacute;k je dobr&eacute; vyplni&#357; &#269;o najsk&ocirc;r po zah&aacute;jen&iacute; lie&#269;by, preto&#382;e jednak m&aacute;te v &#269;erstvej pam&auml;ti d&ocirc;le&#382;it&eacute; inform&aacute;cie, na ktor&eacute; by ste si mo&#382;no po ukon&#269;en&iacute; lie&#269;by&hellip;","_links":{"self":[{"href":"https:\/\/www.fipwarriors.eu\/en\/wp-json\/wp\/v2\/pages\/5843","targetHints":{"allow":["GET"]}}],"collection":[{"href":"https:\/\/www.fipwarriors.eu\/en\/wp-json\/wp\/v2\/pages"}],"about":[{"href":"https:\/\/www.fipwarriors.eu\/en\/wp-json\/wp\/v2\/types\/page"}],"author":[{"embeddable":true,"href":"https:\/\/www.fipwarriors.eu\/en\/wp-json\/wp\/v2\/users\/1"}],"replies":[{"embeddable":true,"href":"https:\/\/www.fipwarriors.eu\/en\/wp-json\/wp\/v2\/comments?post=5843"}],"version-history":[{"count":1,"href":"https:\/\/www.fipwarriors.eu\/en\/wp-json\/wp\/v2\/pages\/5843\/revisions"}],"predecessor-version":[{"id":12504,"href":"https:\/\/www.fipwarriors.eu\/en\/wp-json\/wp\/v2\/pages\/5843\/revisions\/12504"}],"wp:featuredmedia":[{"embeddable":true,"href":"https:\/\/www.fipwarriors.eu\/en\/wp-json\/wp\/v2\/media\/5848"}],"wp:attachment":[{"href":"https:\/\/www.fipwarriors.eu\/en\/wp-json\/wp\/v2\/media?parent=5843"}],"wp:term":[{"taxonomy":"category","embeddable":true,"href":"https:\/\/www.fipwarriors.eu\/en\/wp-json\/wp\/v2\/categories?post=5843"},{"taxonomy":"post_tag","embeddable":true,"href":"https:\/\/www.fipwarriors.eu\/en\/wp-json\/wp\/v2\/tags?post=5843"}],"curies":[{"name":"wp","href":"https:\/\/api.w.org\/{rel}","templated":true}]}}