{"id":6792,"date":"2021-04-17T11:51:24","date_gmt":"2021-04-17T09:51:24","guid":{"rendered":"https:\/\/www.fipwarriors.eu\/?page_id=6792"},"modified":"2024-09-06T12:11:39","modified_gmt":"2024-09-06T10:11:39","slug":"articles","status":"publish","type":"page","link":"https:\/\/www.fipwarriors.eu\/en\/articles\/","title":{"rendered":"Articles"},"content":{"rendered":"<p>Here you will find translations of articles published in foreign media. I have also included several original Slovak or Czech contributions. To this day, it is <strong><span class=\"sbs-count-posts\">119<\/span><\/strong> articles. I wish you a pleasant reading.<\/p>\n\n\n<div id=\"caf-post-layout-container\" class=\"caf-post-layout-container      filter-layout1 post-layout1      data-target-div1\" data-post-type=\"post\" data-tax=\"category\" data-terms=\"category___189,category___191,category___193,category___187,category___192,category___188,category___190,category___230\" data-per-page=\"12\" data-selected-terms=\"category___189,category___191,category___193,category___187,category___192,category___188,category___190,category___230\" data-filter-id=\"6748\" data-post-layout=\"post-layout1\" data-filter-layout=\"filter-layout1\" data-target-div=\"data-target-div1\" data-relation=\"IN\" data-default-term=\"all\" data-scroll=\"desktop\" data-scroll-desk=\"-100\" data-scroll-mob=\"-100\" current-post-id=\"6792\" data-order-by=\"date\" data-order-type=\"desc\" active-filters=\"on\" active-filters-style=\"without_tax\"><div id=\"caf-filter-layout1\" class=\"caf-filter-layout data-target-div1\">\r\n    <ul class=\"caf-filter-container caf-filter-layout1\">\r\n        <li class=\"caf-mb-4\"><a href=\"#\" data-id=\"category___189,category___191,category___193,category___187,category___192,category___188,category___190,category___230\" data-main-id=\"flt\" class=\"abc active\" data-target-div=\"data-target-div1\">All of them<\/a><\/li><li class=\"caf-mb-4\"><a href=\"#\" data-id=\"category___189\" data-main-id=\"flt\" data-target-div=\"data-target-div1\" class=\"\"><i class=\"caf-front-ic\"><\/i>Abstracts<\/a><\/li><li class=\"caf-mb-4\"><a href=\"#\" data-id=\"category___191\" data-main-id=\"flt\" data-target-div=\"data-target-div1\" class=\"\"><i class=\"caf-front-ic\"><\/i>Dr. Pedersen<\/a><\/li><li class=\"caf-mb-4\"><a href=\"#\" data-id=\"category___193\" data-main-id=\"flt\" data-target-div=\"data-target-div1\" class=\"\"><i class=\"caf-front-ic\"><\/i>Clinical studies<\/a><\/li><li class=\"caf-mb-4\"><a href=\"#\" data-id=\"category___187\" data-main-id=\"flt\" data-target-div=\"data-target-div1\" class=\"\"><i class=\"caf-front-ic\"><\/i>Professional<\/a><\/li><li class=\"caf-mb-4\"><a href=\"#\" data-id=\"category___192\" data-main-id=\"flt\" data-target-div=\"data-target-div1\" class=\"\"><i class=\"caf-front-ic\"><\/i>Original CZ \/ SK<\/a><\/li><li class=\"caf-mb-4\"><a href=\"#\" data-id=\"category___188\" data-main-id=\"flt\" data-target-div=\"data-target-div1\" class=\"\"><i class=\"caf-front-ic\"><\/i>For the public<\/a><\/li><li class=\"caf-mb-4\"><a href=\"#\" data-id=\"category___190\" data-main-id=\"flt\" data-target-div=\"data-target-div1\" class=\"\"><i class=\"caf-front-ic\"><\/i>Translations<\/a><\/li><li class=\"caf-mb-4\"><a href=\"#\" data-id=\"category___230\" data-main-id=\"flt\" data-target-div=\"data-target-div1\" class=\"\"><i class=\"caf-front-ic\"><\/i>Projects<\/a><\/li>    <\/ul>\r\n<\/div><div class=\"caf-active-filters\"><ul><\/ul><\/div><div id=\"manage-ajax-response\" class=\"caf-row\"><div class=\"status\"><i class=\"fa fa-spinner\" aria-hidden=\"true\"><\/i><\/div><div class=\"content\"><\/div><\/div><\/div>","protected":false},"excerpt":{"rendered":"<p>Here you will find translations of articles published in foreign media. I also included several original Slovak or Czech contributions. To date, there are articles. I wish you a pleasant reading.<\/p>","protected":false},"author":1,"featured_media":3405,"parent":0,"menu_order":0,"comment_status":"closed","ping_status":"closed","template":"","meta":{"_uag_custom_page_level_css":"","footnotes":""},"categories":[279],"tags":[],"class_list":["post-6792","page","type-page","status-publish","has-post-thumbnail","hentry","category-main_page"],"featured_image_urls_v2":{"full":["https:\/\/www.fipwarriors.eu\/wp-content\/uploads\/2020\/11\/catnewspaperfhd.jpg",1920,1080,false],"thumbnail":["https:\/\/www.fipwarriors.eu\/wp-content\/uploads\/2020\/11\/catnewspaperfhd-150x150.jpg",150,150,true],"medium":["https:\/\/www.fipwarriors.eu\/wp-content\/uploads\/2020\/11\/catnewspaperfhd-300x169.jpg",300,169,true],"medium_large":["https:\/\/www.fipwarriors.eu\/wp-content\/uploads\/2020\/11\/catnewspaperfhd-768x432.jpg",525,295,true],"large":["https:\/\/www.fipwarriors.eu\/wp-content\/uploads\/2020\/11\/catnewspaperfhd-1024x576.jpg",525,295,true],"1536x1536":["https:\/\/www.fipwarriors.eu\/wp-content\/uploads\/2020\/11\/catnewspaperfhd-1536x864.jpg",1536,864,true],"2048x2048":["https:\/\/www.fipwarriors.eu\/wp-content\/uploads\/2020\/11\/catnewspaperfhd.jpg",1920,1080,false],"trp-custom-language-flag":["https:\/\/www.fipwarriors.eu\/wp-content\/uploads\/2020\/11\/catnewspaperfhd-16x9.jpg",16,9,true],"twentyseventeen-featured-image":["https:\/\/www.fipwarriors.eu\/wp-content\/uploads\/2020\/11\/catnewspaperfhd.jpg",1920,1080,false],"twentyseventeen-thumbnail-avatar":["https:\/\/www.fipwarriors.eu\/wp-content\/uploads\/2020\/11\/catnewspaperfhd-100x100.jpg",100,100,true],"woocommerce_thumbnail":["https:\/\/www.fipwarriors.eu\/wp-content\/uploads\/2020\/11\/catnewspaperfhd-250x250.jpg",250,250,true],"woocommerce_single":["https:\/\/www.fipwarriors.eu\/wp-content\/uploads\/2020\/11\/catnewspaperfhd-350x197.jpg",350,197,true],"woocommerce_gallery_thumbnail":["https:\/\/www.fipwarriors.eu\/wp-content\/uploads\/2020\/11\/catnewspaperfhd-100x100.jpg",100,100,true]},"post_excerpt_stackable_v2":"<p>Na tomto mieste n&aacute;jdete preklady &#269;l&aacute;nkov publikovan&yacute;ch v zahrani&#269;n&yacute;ch m&eacute;di&aacute;ch. Zaradil som aj nieko&#318;ko p&ocirc;vodn&yacute;ch slovensk&yacute;ch alebo &#269;esk&yacute;ch pr&iacute;spevkov. K dne&scaron;n&eacute;mu d&#328;u je to 119 &#269;l&aacute;nkov. Prajem v&aacute;m pr&iacute;jemn&eacute; &#269;&iacute;tanie. V&scaron;etkyAbstraktyDr. PedersenKlinick&eacute; &scaron;t&uacute;dieOdborn&eacute;P&ocirc;vodn&eacute; CZ\/SKPre verejnos&#357;PrekladyProjekty<\/p>\n","category_list_v2":"<a href=\"https:\/\/www.fipwarriors.eu\/en\/category\/main_page\/\" rel=\"category tag\">Main Page<\/a>","author_info_v2":{"name":"LM","url":"https:\/\/www.fipwarriors.eu\/en\/author\/starman\/"},"comments_num_v2":"0 comments","featured_image_src":"https:\/\/www.fipwarriors.eu\/wp-content\/uploads\/2020\/11\/catnewspaperfhd.jpg","yoast_head":"<!-- This site is optimized with the Yoast SEO plugin v27.5 - https:\/\/yoast.com\/product\/yoast-seo-wordpress\/ -->\n<title>\u010cl\u00e1nky - FIP Warriors CZ\/SK \u00ae<\/title>\n<meta name=\"robots\" content=\"index, follow, max-snippet:-1, max-image-preview:large, max-video-preview:-1\" \/>\n<link rel=\"canonical\" href=\"https:\/\/www.fipwarriors.eu\/en\/articles\/\" \/>\n<meta property=\"og:locale\" content=\"en_GB\" \/>\n<meta property=\"og:type\" content=\"article\" \/>\n<meta property=\"og:title\" content=\"\u010cl\u00e1nky - FIP Warriors CZ\/SK \u00ae\" \/>\n<meta property=\"og:description\" content=\"Na tomto mieste n&aacute;jdete preklady &#269;l&aacute;nkov publikovan&yacute;ch v zahrani&#269;n&yacute;ch m&eacute;di&aacute;ch. Zaradil som aj nieko&#318;ko p&ocirc;vodn&yacute;ch slovensk&yacute;ch alebo &#269;esk&yacute;ch pr&iacute;spevkov. K dne&scaron;n&eacute;mu d&#328;u je to &#269;l&aacute;nkov. Prajem v&aacute;m pr&iacute;jemn&eacute; &#269;&iacute;tanie.\" \/>\n<meta property=\"og:url\" content=\"https:\/\/www.fipwarriors.eu\/en\/articles\/\" \/>\n<meta property=\"og:site_name\" content=\"FIP Warriors CZ\/SK \u00ae\" \/>\n<meta property=\"article:publisher\" content=\"https:\/\/www.facebook.com\/groups\/fipczsk\" \/>\n<meta property=\"article:modified_time\" content=\"2024-09-06T10:11:39+00:00\" \/>\n<meta property=\"og:image\" content=\"https:\/\/www.fipwarriors.eu\/wp-content\/uploads\/2020\/11\/catnewspaperfhd.jpg\" \/>\n\t<meta property=\"og:image:width\" content=\"1920\" \/>\n\t<meta property=\"og:image:height\" content=\"1080\" \/>\n\t<meta property=\"og:image:type\" content=\"image\/jpeg\" \/>\n<meta name=\"twitter:card\" content=\"summary_large_image\" \/>\n<meta name=\"twitter:label1\" content=\"Estimated reading time\" \/>\n\t<meta name=\"twitter:data1\" content=\"1 minute\" \/>\n<script type=\"application\/ld+json\" class=\"yoast-schema-graph\">{\"@context\":\"https:\\\/\\\/schema.org\",\"@graph\":[{\"@type\":\"WebPage\",\"@id\":\"https:\\\/\\\/www.fipwarriors.eu\\\/articles\\\/\",\"url\":\"https:\\\/\\\/www.fipwarriors.eu\\\/articles\\\/\",\"name\":\"\u010cl\u00e1nky - FIP Warriors CZ\\\/SK \u00ae\",\"isPartOf\":{\"@id\":\"https:\\\/\\\/www.fipwarriors.eu\\\/#website\"},\"primaryImageOfPage\":{\"@id\":\"https:\\\/\\\/www.fipwarriors.eu\\\/articles\\\/#primaryimage\"},\"image\":{\"@id\":\"https:\\\/\\\/www.fipwarriors.eu\\\/articles\\\/#primaryimage\"},\"thumbnailUrl\":\"https:\\\/\\\/www.fipwarriors.eu\\\/wp-content\\\/uploads\\\/2020\\\/11\\\/catnewspaperfhd.jpg\",\"datePublished\":\"2021-04-17T09:51:24+00:00\",\"dateModified\":\"2024-09-06T10:11:39+00:00\",\"breadcrumb\":{\"@id\":\"https:\\\/\\\/www.fipwarriors.eu\\\/articles\\\/#breadcrumb\"},\"inLanguage\":\"en-GB\",\"potentialAction\":[{\"@type\":\"ReadAction\",\"target\":[\"https:\\\/\\\/www.fipwarriors.eu\\\/articles\\\/\"]}]},{\"@type\":\"ImageObject\",\"inLanguage\":\"en-GB\",\"@id\":\"https:\\\/\\\/www.fipwarriors.eu\\\/articles\\\/#primaryimage\",\"url\":\"https:\\\/\\\/www.fipwarriors.eu\\\/wp-content\\\/uploads\\\/2020\\\/11\\\/catnewspaperfhd.jpg\",\"contentUrl\":\"https:\\\/\\\/www.fipwarriors.eu\\\/wp-content\\\/uploads\\\/2020\\\/11\\\/catnewspaperfhd.jpg\",\"width\":1920,\"height\":1080},{\"@type\":\"BreadcrumbList\",\"@id\":\"https:\\\/\\\/www.fipwarriors.eu\\\/articles\\\/#breadcrumb\",\"itemListElement\":[{\"@type\":\"ListItem\",\"position\":1,\"name\":\"Domovsk\u00e1 str\u00e1nka\",\"item\":\"https:\\\/\\\/www.fipwarriors.eu\\\/\"},{\"@type\":\"ListItem\",\"position\":2,\"name\":\"\u010cl\u00e1nky\"}]},{\"@type\":\"WebSite\",\"@id\":\"https:\\\/\\\/www.fipwarriors.eu\\\/#website\",\"url\":\"https:\\\/\\\/www.fipwarriors.eu\\\/\",\"name\":\"FIP Warriors CZ\\\/SK \u00ae\",\"description\":\"Pre v\u0161etk\u00fdch FIP bojovn\u00edkov\",\"publisher\":{\"@id\":\"https:\\\/\\\/www.fipwarriors.eu\\\/#organization\"},\"potentialAction\":[{\"@type\":\"SearchAction\",\"target\":{\"@type\":\"EntryPoint\",\"urlTemplate\":\"https:\\\/\\\/www.fipwarriors.eu\\\/?s={search_term_string}\"},\"query-input\":{\"@type\":\"PropertyValueSpecification\",\"valueRequired\":true,\"valueName\":\"search_term_string\"}}],\"inLanguage\":\"en-GB\"},{\"@type\":\"Organization\",\"@id\":\"https:\\\/\\\/www.fipwarriors.eu\\\/#organization\",\"name\":\"FIP Warriors CZ\\\/SK \u00ae\",\"url\":\"https:\\\/\\\/www.fipwarriors.eu\\\/\",\"logo\":{\"@type\":\"ImageObject\",\"inLanguage\":\"en-GB\",\"@id\":\"https:\\\/\\\/www.fipwarriors.eu\\\/#\\\/schema\\\/logo\\\/image\\\/\",\"url\":\"https:\\\/\\\/www.fipwarriors.eu\\\/wp-content\\\/uploads\\\/2021\\\/12\\\/cropped-fip-warriors-logo.png\",\"contentUrl\":\"https:\\\/\\\/www.fipwarriors.eu\\\/wp-content\\\/uploads\\\/2021\\\/12\\\/cropped-fip-warriors-logo.png\",\"width\":315,\"height\":315,\"caption\":\"FIP Warriors CZ\\\/SK \u00ae\"},\"image\":{\"@id\":\"https:\\\/\\\/www.fipwarriors.eu\\\/#\\\/schema\\\/logo\\\/image\\\/\"},\"sameAs\":[\"https:\\\/\\\/www.facebook.com\\\/groups\\\/fipczsk\"]}]}<\/script>\n<!-- \/ Yoast SEO plugin. -->","yoast_head_json":{"title":"Articles - FIP Warriors CZ\/SK \u00ae","robots":{"index":"index","follow":"follow","max-snippet":"max-snippet:-1","max-image-preview":"max-image-preview:large","max-video-preview":"max-video-preview:-1"},"canonical":"https:\/\/www.fipwarriors.eu\/en\/articles\/","og_locale":"en_GB","og_type":"article","og_title":"\u010cl\u00e1nky - FIP Warriors CZ\/SK \u00ae","og_description":"Na tomto mieste n&aacute;jdete preklady &#269;l&aacute;nkov publikovan&yacute;ch v zahrani&#269;n&yacute;ch m&eacute;di&aacute;ch. Zaradil som aj nieko&#318;ko p&ocirc;vodn&yacute;ch slovensk&yacute;ch alebo &#269;esk&yacute;ch pr&iacute;spevkov. K dne&scaron;n&eacute;mu d&#328;u je to &#269;l&aacute;nkov. Prajem v&aacute;m pr&iacute;jemn&eacute; &#269;&iacute;tanie.","og_url":"https:\/\/www.fipwarriors.eu\/en\/articles\/","og_site_name":"FIP Warriors CZ\/SK \u00ae","article_publisher":"https:\/\/www.facebook.com\/groups\/fipczsk","article_modified_time":"2024-09-06T10:11:39+00:00","og_image":[{"width":1920,"height":1080,"url":"https:\/\/www.fipwarriors.eu\/wp-content\/uploads\/2020\/11\/catnewspaperfhd.jpg","type":"image\/jpeg"}],"twitter_card":"summary_large_image","twitter_misc":{"Estimated reading time":"1 minute"},"schema":{"@context":"https:\/\/schema.org","@graph":[{"@type":"WebPage","@id":"https:\/\/www.fipwarriors.eu\/articles\/","url":"https:\/\/www.fipwarriors.eu\/articles\/","name":"Articles - FIP Warriors CZ\/SK \u00ae","isPartOf":{"@id":"https:\/\/www.fipwarriors.eu\/#website"},"primaryImageOfPage":{"@id":"https:\/\/www.fipwarriors.eu\/articles\/#primaryimage"},"image":{"@id":"https:\/\/www.fipwarriors.eu\/articles\/#primaryimage"},"thumbnailUrl":"https:\/\/www.fipwarriors.eu\/wp-content\/uploads\/2020\/11\/catnewspaperfhd.jpg","datePublished":"2021-04-17T09:51:24+00:00","dateModified":"2024-09-06T10:11:39+00:00","breadcrumb":{"@id":"https:\/\/www.fipwarriors.eu\/articles\/#breadcrumb"},"inLanguage":"en-GB","potentialAction":[{"@type":"ReadAction","target":["https:\/\/www.fipwarriors.eu\/articles\/"]}]},{"@type":"ImageObject","inLanguage":"en-GB","@id":"https:\/\/www.fipwarriors.eu\/articles\/#primaryimage","url":"https:\/\/www.fipwarriors.eu\/wp-content\/uploads\/2020\/11\/catnewspaperfhd.jpg","contentUrl":"https:\/\/www.fipwarriors.eu\/wp-content\/uploads\/2020\/11\/catnewspaperfhd.jpg","width":1920,"height":1080},{"@type":"BreadcrumbList","@id":"https:\/\/www.fipwarriors.eu\/articles\/#breadcrumb","itemListElement":[{"@type":"ListItem","position":1,"name":"Domovsk\u00e1 str\u00e1nka","item":"https:\/\/www.fipwarriors.eu\/"},{"@type":"ListItem","position":2,"name":"\u010cl\u00e1nky"}]},{"@type":"WebSite","@id":"https:\/\/www.fipwarriors.eu\/#website","url":"https:\/\/www.fipwarriors.eu\/","name":"FIP Warriors CZ \/ SK \u00ae","description":"For all FIP warriors","publisher":{"@id":"https:\/\/www.fipwarriors.eu\/#organization"},"potentialAction":[{"@type":"SearchAction","target":{"@type":"EntryPoint","urlTemplate":"https:\/\/www.fipwarriors.eu\/?s={search_term_string}"},"query-input":{"@type":"PropertyValueSpecification","valueRequired":true,"valueName":"search_term_string"}}],"inLanguage":"en-GB"},{"@type":"Organization","@id":"https:\/\/www.fipwarriors.eu\/#organization","name":"FIP Warriors CZ \/ SK \u00ae","url":"https:\/\/www.fipwarriors.eu\/","logo":{"@type":"ImageObject","inLanguage":"en-GB","@id":"https:\/\/www.fipwarriors.eu\/#\/schema\/logo\/image\/","url":"https:\/\/www.fipwarriors.eu\/wp-content\/uploads\/2021\/12\/cropped-fip-warriors-logo.png","contentUrl":"https:\/\/www.fipwarriors.eu\/wp-content\/uploads\/2021\/12\/cropped-fip-warriors-logo.png","width":315,"height":315,"caption":"FIP Warriors CZ\/SK \u00ae"},"image":{"@id":"https:\/\/www.fipwarriors.eu\/#\/schema\/logo\/image\/"},"sameAs":["https:\/\/www.facebook.com\/groups\/fipczsk"]}]}},"uagb_featured_image_src":{"full":["https:\/\/www.fipwarriors.eu\/wp-content\/uploads\/2020\/11\/catnewspaperfhd.jpg",1920,1080,false],"thumbnail":["https:\/\/www.fipwarriors.eu\/wp-content\/uploads\/2020\/11\/catnewspaperfhd-150x150.jpg",150,150,true],"medium":["https:\/\/www.fipwarriors.eu\/wp-content\/uploads\/2020\/11\/catnewspaperfhd-300x169.jpg",300,169,true],"medium_large":["https:\/\/www.fipwarriors.eu\/wp-content\/uploads\/2020\/11\/catnewspaperfhd-768x432.jpg",525,295,true],"large":["https:\/\/www.fipwarriors.eu\/wp-content\/uploads\/2020\/11\/catnewspaperfhd-1024x576.jpg",525,295,true],"1536x1536":["https:\/\/www.fipwarriors.eu\/wp-content\/uploads\/2020\/11\/catnewspaperfhd-1536x864.jpg",1536,864,true],"2048x2048":["https:\/\/www.fipwarriors.eu\/wp-content\/uploads\/2020\/11\/catnewspaperfhd.jpg",1920,1080,false],"trp-custom-language-flag":["https:\/\/www.fipwarriors.eu\/wp-content\/uploads\/2020\/11\/catnewspaperfhd-16x9.jpg",16,9,true],"twentyseventeen-featured-image":["https:\/\/www.fipwarriors.eu\/wp-content\/uploads\/2020\/11\/catnewspaperfhd.jpg",1920,1080,false],"twentyseventeen-thumbnail-avatar":["https:\/\/www.fipwarriors.eu\/wp-content\/uploads\/2020\/11\/catnewspaperfhd-100x100.jpg",100,100,true],"woocommerce_thumbnail":["https:\/\/www.fipwarriors.eu\/wp-content\/uploads\/2020\/11\/catnewspaperfhd-250x250.jpg",250,250,true],"woocommerce_single":["https:\/\/www.fipwarriors.eu\/wp-content\/uploads\/2020\/11\/catnewspaperfhd-350x197.jpg",350,197,true],"woocommerce_gallery_thumbnail":["https:\/\/www.fipwarriors.eu\/wp-content\/uploads\/2020\/11\/catnewspaperfhd-100x100.jpg",100,100,true]},"uagb_author_info":{"display_name":"L. M.","author_link":"https:\/\/www.fipwarriors.eu\/en\/author\/starman\/"},"uagb_comment_info":0,"uagb_excerpt":"Na tomto mieste n&aacute;jdete preklady &#269;l&aacute;nkov publikovan&yacute;ch v zahrani&#269;n&yacute;ch m&eacute;di&aacute;ch. Zaradil som aj nieko&#318;ko p&ocirc;vodn&yacute;ch slovensk&yacute;ch alebo &#269;esk&yacute;ch pr&iacute;spevkov. K dne&scaron;n&eacute;mu d&#328;u je to &#269;l&aacute;nkov. Prajem v&aacute;m pr&iacute;jemn&eacute; &#269;&iacute;tanie.","_links":{"self":[{"href":"https:\/\/www.fipwarriors.eu\/en\/wp-json\/wp\/v2\/pages\/6792","targetHints":{"allow":["GET"]}}],"collection":[{"href":"https:\/\/www.fipwarriors.eu\/en\/wp-json\/wp\/v2\/pages"}],"about":[{"href":"https:\/\/www.fipwarriors.eu\/en\/wp-json\/wp\/v2\/types\/page"}],"author":[{"embeddable":true,"href":"https:\/\/www.fipwarriors.eu\/en\/wp-json\/wp\/v2\/users\/1"}],"replies":[{"embeddable":true,"href":"https:\/\/www.fipwarriors.eu\/en\/wp-json\/wp\/v2\/comments?post=6792"}],"version-history":[{"count":2,"href":"https:\/\/www.fipwarriors.eu\/en\/wp-json\/wp\/v2\/pages\/6792\/revisions"}],"predecessor-version":[{"id":12503,"href":"https:\/\/www.fipwarriors.eu\/en\/wp-json\/wp\/v2\/pages\/6792\/revisions\/12503"}],"wp:featuredmedia":[{"embeddable":true,"href":"https:\/\/www.fipwarriors.eu\/en\/wp-json\/wp\/v2\/media\/3405"}],"wp:attachment":[{"href":"https:\/\/www.fipwarriors.eu\/en\/wp-json\/wp\/v2\/media?parent=6792"}],"wp:term":[{"taxonomy":"category","embeddable":true,"href":"https:\/\/www.fipwarriors.eu\/en\/wp-json\/wp\/v2\/categories?post=6792"},{"taxonomy":"post_tag","embeddable":true,"href":"https:\/\/www.fipwarriors.eu\/en\/wp-json\/wp\/v2\/tags?post=6792"}],"curies":[{"name":"wp","href":"https:\/\/api.w.org\/{rel}","templated":true}]}}