{"id":11565,"date":"2023-03-07T15:20:56","date_gmt":"2023-03-07T14:20:56","guid":{"rendered":"https:\/\/www.fipwarriors.eu\/?post_type=product&#038;p=11565"},"modified":"2023-04-12T21:54:24","modified_gmt":"2023-04-12T19:54:24","slug":"bova-2","status":"publish","type":"product","link":"https:\/\/www.fipwarriors.eu\/en\/product\/bova-2\/","title":{"rendered":"Bova"},"content":{"rendered":"","protected":false},"excerpt":{"rendered":"<p>Leg\u00e1lne vyr\u00e1ban\u00fd <a href=\"https:\/\/www.fipwarriors.eu\/remdesivir\/\">remdesivir<\/a> od\u00a0 spolo\u010dnosti Bova. V \u010cR mo\u017en\u00e9 z\u00edska\u0165 u niektor\u00fdch veterin\u00e1rov. Nev\u00fdhodou je extr\u00e9mne vysok\u00e1 cena. Aplikuje sa SC alebo IV.<\/p>\n<ul>\n<li>Koncentr\u00e1cia: <span style=\"color: #993366;\">10 mg\/ml<\/span><\/li>\n<li>Objem: <span style=\"color: #ff0000;\">10 ml<\/span><\/li>\n<li>[sc name=\"fipwarriors_query\" ]<\/li>\n<li>V\u00fdrobca: <a href=\"https:\/\/bova.co.uk\/\">Bova UK<\/a><\/li>\n<\/ul>\n[sc name=\"dos_gsr_pills\" gspillcontent=\"1_1\"]\n","protected":false},"featured_media":11570,"comment_status":"open","ping_status":"closed","template":"","meta":{"_uag_custom_page_level_css":""},"product_brand":[],"product_cat":[266],"product_tag":[265],"class_list":{"0":"post-11565","1":"product","2":"type-product","3":"status-publish","4":"has-post-thumbnail","6":"product_cat-remdesivir-injekcne-roztoky","7":"product_tag-bova","9":"first","10":"instock","11":"shipping-taxable","12":"product-type-simple"},"featured_image_urls_v2":{"full":["https:\/\/www.fipwarriors.eu\/wp-content\/uploads\/2023\/03\/bova-remdesivir-crop-800.jpg",800,800,false],"thumbnail":["https:\/\/www.fipwarriors.eu\/wp-content\/uploads\/2023\/03\/bova-remdesivir-crop-800-150x150.jpg",150,150,true],"medium":["https:\/\/www.fipwarriors.eu\/wp-content\/uploads\/2023\/03\/bova-remdesivir-crop-800-300x300.jpg",300,300,true],"medium_large":["https:\/\/www.fipwarriors.eu\/wp-content\/uploads\/2023\/03\/bova-remdesivir-crop-800-768x768.jpg",525,525,true],"large":["https:\/\/www.fipwarriors.eu\/wp-content\/uploads\/2023\/03\/bova-remdesivir-crop-800.jpg",525,525,false],"1536x1536":["https:\/\/www.fipwarriors.eu\/wp-content\/uploads\/2023\/03\/bova-remdesivir-crop-800.jpg",800,800,false],"2048x2048":["https:\/\/www.fipwarriors.eu\/wp-content\/uploads\/2023\/03\/bova-remdesivir-crop-800.jpg",800,800,false],"trp-custom-language-flag":["https:\/\/www.fipwarriors.eu\/wp-content\/uploads\/2023\/03\/bova-remdesivir-crop-800-12x12.jpg",12,12,true],"twentyseventeen-featured-image":["https:\/\/www.fipwarriors.eu\/wp-content\/uploads\/2023\/03\/bova-remdesivir-crop-800.jpg",800,800,false],"twentyseventeen-thumbnail-avatar":["https:\/\/www.fipwarriors.eu\/wp-content\/uploads\/2023\/03\/bova-remdesivir-crop-800-100x100.jpg",100,100,true],"woocommerce_thumbnail":["https:\/\/www.fipwarriors.eu\/wp-content\/uploads\/2023\/03\/bova-remdesivir-crop-800-250x250.jpg",250,250,true],"woocommerce_single":["https:\/\/www.fipwarriors.eu\/wp-content\/uploads\/2023\/03\/bova-remdesivir-crop-800-350x350.jpg",350,350,true],"woocommerce_gallery_thumbnail":["https:\/\/www.fipwarriors.eu\/wp-content\/uploads\/2023\/03\/bova-remdesivir-crop-800-100x100.jpg",100,100,true]},"post_excerpt_stackable_v2":"<p>Leg\u00e1lne vyr\u00e1ban\u00fd <a href=\"https:\/\/www.fipwarriors.eu\/remdesivir\/\">remdesivir<\/a> od\u00a0 spolo\u010dnosti Bova. V \u010cR mo\u017en\u00e9 z\u00edska\u0165 u niektor\u00fdch veterin\u00e1rov. Nev\u00fdhodou je extr\u00e9mne vysok\u00e1 cena. Aplikuje sa SC alebo IV.<\/p>\n<ul>\n<li>Koncentr\u00e1cia: <span style=\"color: #993366;\">10 mg\/ml<\/span><\/li>\n<li>Objem: <span style=\"color: #ff0000;\">10 ml<\/span><\/li>\n<li>[sc name=\"fipwarriors_query\" ]<\/li>\n<li>V\u00fdrobca: <a href=\"https:\/\/bova.co.uk\/\">Bova UK<\/a><\/li>\n<\/ul>\n[sc name=\"dos_gsr_pills\" gspillcontent=\"1_1\"]\n","category_list_v2":"","author_info_v2":{"name":"","url":""},"comments_num_v2":"0 comments","yoast_head":"<!-- This site is optimized with the Yoast SEO plugin v27.5 - https:\/\/yoast.com\/product\/yoast-seo-wordpress\/ -->\n<title>Bova - FIP Warriors CZ\/SK \u00ae<\/title>\n<meta name=\"robots\" content=\"noindex, follow\" \/>\n<meta property=\"og:locale\" content=\"en_GB\" \/>\n<meta property=\"og:type\" content=\"article\" \/>\n<meta property=\"og:title\" content=\"Bova - FIP Warriors CZ\/SK \u00ae\" \/>\n<meta property=\"og:description\" content=\"Leg\u00e1lne vyr\u00e1ban\u00fd remdesivir od\u00a0 spolo\u010dnosti Bova. V \u010cR mo\u017en\u00e9 z\u00edska\u0165 u niektor\u00fdch veterin\u00e1rov. Nev\u00fdhodou je extr\u00e9mne vysok\u00e1 cena. Aplikuje sa SC alebo IV.   Koncentr\u00e1cia: 10 mg\/ml  Objem: 10 ml    V\u00fdrobca: Bova UK\" \/>\n<meta property=\"og:url\" content=\"https:\/\/www.fipwarriors.eu\/en\/product\/bova-2\/\" \/>\n<meta property=\"og:site_name\" content=\"FIP Warriors CZ\/SK \u00ae\" \/>\n<meta property=\"article:publisher\" content=\"https:\/\/www.facebook.com\/groups\/fipczsk\" \/>\n<meta property=\"article:modified_time\" content=\"2023-04-12T19:54:24+00:00\" \/>\n<meta property=\"og:image\" content=\"https:\/\/www.fipwarriors.eu\/wp-content\/uploads\/2023\/03\/bova-remdesivir-crop-800.jpg\" \/>\n\t<meta property=\"og:image:width\" content=\"800\" \/>\n\t<meta property=\"og:image:height\" content=\"800\" \/>\n\t<meta property=\"og:image:type\" content=\"image\/jpeg\" \/>\n<meta name=\"twitter:card\" content=\"summary_large_image\" \/>\n<script type=\"application\/ld+json\" class=\"yoast-schema-graph\">{\"@context\":\"https:\\\/\\\/schema.org\",\"@graph\":[{\"@type\":\"WebPage\",\"@id\":\"https:\\\/\\\/www.fipwarriors.eu\\\/produkt\\\/bova-2\\\/\",\"url\":\"https:\\\/\\\/www.fipwarriors.eu\\\/produkt\\\/bova-2\\\/\",\"name\":\"Bova - FIP Warriors CZ\\\/SK \u00ae\",\"isPartOf\":{\"@id\":\"https:\\\/\\\/www.fipwarriors.eu\\\/#website\"},\"primaryImageOfPage\":{\"@id\":\"https:\\\/\\\/www.fipwarriors.eu\\\/produkt\\\/bova-2\\\/#primaryimage\"},\"image\":{\"@id\":\"https:\\\/\\\/www.fipwarriors.eu\\\/produkt\\\/bova-2\\\/#primaryimage\"},\"thumbnailUrl\":\"https:\\\/\\\/www.fipwarriors.eu\\\/wp-content\\\/uploads\\\/2023\\\/03\\\/bova-remdesivir-crop-800.jpg\",\"datePublished\":\"2023-03-07T14:20:56+00:00\",\"dateModified\":\"2023-04-12T19:54:24+00:00\",\"breadcrumb\":{\"@id\":\"https:\\\/\\\/www.fipwarriors.eu\\\/produkt\\\/bova-2\\\/#breadcrumb\"},\"inLanguage\":\"en-GB\",\"potentialAction\":[{\"@type\":\"ReadAction\",\"target\":[\"https:\\\/\\\/www.fipwarriors.eu\\\/produkt\\\/bova-2\\\/\"]}]},{\"@type\":\"ImageObject\",\"inLanguage\":\"en-GB\",\"@id\":\"https:\\\/\\\/www.fipwarriors.eu\\\/produkt\\\/bova-2\\\/#primaryimage\",\"url\":\"https:\\\/\\\/www.fipwarriors.eu\\\/wp-content\\\/uploads\\\/2023\\\/03\\\/bova-remdesivir-crop-800.jpg\",\"contentUrl\":\"https:\\\/\\\/www.fipwarriors.eu\\\/wp-content\\\/uploads\\\/2023\\\/03\\\/bova-remdesivir-crop-800.jpg\",\"width\":800,\"height\":800},{\"@type\":\"BreadcrumbList\",\"@id\":\"https:\\\/\\\/www.fipwarriors.eu\\\/produkt\\\/bova-2\\\/#breadcrumb\",\"itemListElement\":[{\"@type\":\"ListItem\",\"position\":1,\"name\":\"Domovsk\u00e1 str\u00e1nka\",\"item\":\"https:\\\/\\\/www.fipwarriors.eu\\\/\"},{\"@type\":\"ListItem\",\"position\":2,\"name\":\"Obchod\",\"item\":\"https:\\\/\\\/www.fipwarriors.eu\\\/obchod\\\/\"},{\"@type\":\"ListItem\",\"position\":3,\"name\":\"Bova\"}]},{\"@type\":\"WebSite\",\"@id\":\"https:\\\/\\\/www.fipwarriors.eu\\\/#website\",\"url\":\"https:\\\/\\\/www.fipwarriors.eu\\\/\",\"name\":\"FIP Warriors CZ\\\/SK \u00ae\",\"description\":\"Pre v\u0161etk\u00fdch FIP bojovn\u00edkov\",\"publisher\":{\"@id\":\"https:\\\/\\\/www.fipwarriors.eu\\\/#organization\"},\"potentialAction\":[{\"@type\":\"SearchAction\",\"target\":{\"@type\":\"EntryPoint\",\"urlTemplate\":\"https:\\\/\\\/www.fipwarriors.eu\\\/?s={search_term_string}\"},\"query-input\":{\"@type\":\"PropertyValueSpecification\",\"valueRequired\":true,\"valueName\":\"search_term_string\"}}],\"inLanguage\":\"en-GB\"},{\"@type\":\"Organization\",\"@id\":\"https:\\\/\\\/www.fipwarriors.eu\\\/#organization\",\"name\":\"FIP Warriors CZ\\\/SK \u00ae\",\"url\":\"https:\\\/\\\/www.fipwarriors.eu\\\/\",\"logo\":{\"@type\":\"ImageObject\",\"inLanguage\":\"en-GB\",\"@id\":\"https:\\\/\\\/www.fipwarriors.eu\\\/#\\\/schema\\\/logo\\\/image\\\/\",\"url\":\"https:\\\/\\\/www.fipwarriors.eu\\\/wp-content\\\/uploads\\\/2021\\\/12\\\/cropped-fip-warriors-logo.png\",\"contentUrl\":\"https:\\\/\\\/www.fipwarriors.eu\\\/wp-content\\\/uploads\\\/2021\\\/12\\\/cropped-fip-warriors-logo.png\",\"width\":315,\"height\":315,\"caption\":\"FIP Warriors CZ\\\/SK \u00ae\"},\"image\":{\"@id\":\"https:\\\/\\\/www.fipwarriors.eu\\\/#\\\/schema\\\/logo\\\/image\\\/\"},\"sameAs\":[\"https:\\\/\\\/www.facebook.com\\\/groups\\\/fipczsk\"]}]}<\/script>\n<!-- \/ Yoast SEO plugin. -->","yoast_head_json":{"title":"Bova - FIP Warriors CZ\/SK \u00ae","robots":{"index":"noindex","follow":"follow"},"og_locale":"en_GB","og_type":"article","og_title":"Bova - FIP Warriors CZ\/SK \u00ae","og_description":"Leg\u00e1lne vyr\u00e1ban\u00fd remdesivir od\u00a0 spolo\u010dnosti Bova. V \u010cR mo\u017en\u00e9 z\u00edska\u0165 u niektor\u00fdch veterin\u00e1rov. Nev\u00fdhodou je extr\u00e9mne vysok\u00e1 cena. Aplikuje sa SC alebo IV.   Koncentr\u00e1cia: 10 mg\/ml  Objem: 10 ml    V\u00fdrobca: Bova UK","og_url":"https:\/\/www.fipwarriors.eu\/en\/product\/bova-2\/","og_site_name":"FIP Warriors CZ\/SK \u00ae","article_publisher":"https:\/\/www.facebook.com\/groups\/fipczsk","article_modified_time":"2023-04-12T19:54:24+00:00","og_image":[{"width":800,"height":800,"url":"https:\/\/www.fipwarriors.eu\/wp-content\/uploads\/2023\/03\/bova-remdesivir-crop-800.jpg","type":"image\/jpeg"}],"twitter_card":"summary_large_image","schema":{"@context":"https:\/\/schema.org","@graph":[{"@type":"WebPage","@id":"https:\/\/www.fipwarriors.eu\/produkt\/bova-2\/","url":"https:\/\/www.fipwarriors.eu\/produkt\/bova-2\/","name":"Bova - FIP Warriors CZ\/SK \u00ae","isPartOf":{"@id":"https:\/\/www.fipwarriors.eu\/#website"},"primaryImageOfPage":{"@id":"https:\/\/www.fipwarriors.eu\/produkt\/bova-2\/#primaryimage"},"image":{"@id":"https:\/\/www.fipwarriors.eu\/produkt\/bova-2\/#primaryimage"},"thumbnailUrl":"https:\/\/www.fipwarriors.eu\/wp-content\/uploads\/2023\/03\/bova-remdesivir-crop-800.jpg","datePublished":"2023-03-07T14:20:56+00:00","dateModified":"2023-04-12T19:54:24+00:00","breadcrumb":{"@id":"https:\/\/www.fipwarriors.eu\/produkt\/bova-2\/#breadcrumb"},"inLanguage":"en-GB","potentialAction":[{"@type":"ReadAction","target":["https:\/\/www.fipwarriors.eu\/produkt\/bova-2\/"]}]},{"@type":"ImageObject","inLanguage":"en-GB","@id":"https:\/\/www.fipwarriors.eu\/produkt\/bova-2\/#primaryimage","url":"https:\/\/www.fipwarriors.eu\/wp-content\/uploads\/2023\/03\/bova-remdesivir-crop-800.jpg","contentUrl":"https:\/\/www.fipwarriors.eu\/wp-content\/uploads\/2023\/03\/bova-remdesivir-crop-800.jpg","width":800,"height":800},{"@type":"BreadcrumbList","@id":"https:\/\/www.fipwarriors.eu\/produkt\/bova-2\/#breadcrumb","itemListElement":[{"@type":"ListItem","position":1,"name":"Domovsk\u00e1 str\u00e1nka","item":"https:\/\/www.fipwarriors.eu\/"},{"@type":"ListItem","position":2,"name":"Obchod","item":"https:\/\/www.fipwarriors.eu\/obchod\/"},{"@type":"ListItem","position":3,"name":"Bova"}]},{"@type":"WebSite","@id":"https:\/\/www.fipwarriors.eu\/#website","url":"https:\/\/www.fipwarriors.eu\/","name":"FIP Warriors CZ \/ SK \u00ae","description":"For all FIP warriors","publisher":{"@id":"https:\/\/www.fipwarriors.eu\/#organization"},"potentialAction":[{"@type":"SearchAction","target":{"@type":"EntryPoint","urlTemplate":"https:\/\/www.fipwarriors.eu\/?s={search_term_string}"},"query-input":{"@type":"PropertyValueSpecification","valueRequired":true,"valueName":"search_term_string"}}],"inLanguage":"en-GB"},{"@type":"Organization","@id":"https:\/\/www.fipwarriors.eu\/#organization","name":"FIP Warriors CZ \/ SK \u00ae","url":"https:\/\/www.fipwarriors.eu\/","logo":{"@type":"ImageObject","inLanguage":"en-GB","@id":"https:\/\/www.fipwarriors.eu\/#\/schema\/logo\/image\/","url":"https:\/\/www.fipwarriors.eu\/wp-content\/uploads\/2021\/12\/cropped-fip-warriors-logo.png","contentUrl":"https:\/\/www.fipwarriors.eu\/wp-content\/uploads\/2021\/12\/cropped-fip-warriors-logo.png","width":315,"height":315,"caption":"FIP Warriors CZ\/SK \u00ae"},"image":{"@id":"https:\/\/www.fipwarriors.eu\/#\/schema\/logo\/image\/"},"sameAs":["https:\/\/www.facebook.com\/groups\/fipczsk"]}]}},"uagb_featured_image_src":{"full":["https:\/\/www.fipwarriors.eu\/wp-content\/uploads\/2023\/03\/bova-remdesivir-crop-800.jpg",800,800,false],"thumbnail":["https:\/\/www.fipwarriors.eu\/wp-content\/uploads\/2023\/03\/bova-remdesivir-crop-800-150x150.jpg",150,150,true],"medium":["https:\/\/www.fipwarriors.eu\/wp-content\/uploads\/2023\/03\/bova-remdesivir-crop-800-300x300.jpg",300,300,true],"medium_large":["https:\/\/www.fipwarriors.eu\/wp-content\/uploads\/2023\/03\/bova-remdesivir-crop-800-768x768.jpg",525,525,true],"large":["https:\/\/www.fipwarriors.eu\/wp-content\/uploads\/2023\/03\/bova-remdesivir-crop-800.jpg",525,525,false],"1536x1536":["https:\/\/www.fipwarriors.eu\/wp-content\/uploads\/2023\/03\/bova-remdesivir-crop-800.jpg",800,800,false],"2048x2048":["https:\/\/www.fipwarriors.eu\/wp-content\/uploads\/2023\/03\/bova-remdesivir-crop-800.jpg",800,800,false],"trp-custom-language-flag":["https:\/\/www.fipwarriors.eu\/wp-content\/uploads\/2023\/03\/bova-remdesivir-crop-800-12x12.jpg",12,12,true],"twentyseventeen-featured-image":["https:\/\/www.fipwarriors.eu\/wp-content\/uploads\/2023\/03\/bova-remdesivir-crop-800.jpg",800,800,false],"twentyseventeen-thumbnail-avatar":["https:\/\/www.fipwarriors.eu\/wp-content\/uploads\/2023\/03\/bova-remdesivir-crop-800-100x100.jpg",100,100,true],"woocommerce_thumbnail":["https:\/\/www.fipwarriors.eu\/wp-content\/uploads\/2023\/03\/bova-remdesivir-crop-800-250x250.jpg",250,250,true],"woocommerce_single":["https:\/\/www.fipwarriors.eu\/wp-content\/uploads\/2023\/03\/bova-remdesivir-crop-800-350x350.jpg",350,350,true],"woocommerce_gallery_thumbnail":["https:\/\/www.fipwarriors.eu\/wp-content\/uploads\/2023\/03\/bova-remdesivir-crop-800-100x100.jpg",100,100,true]},"uagb_author_info":{"display_name":"L. M.","author_link":"https:\/\/www.fipwarriors.eu\/en\/author\/"},"uagb_comment_info":0,"uagb_excerpt":"Leg\u00e1lne vyr\u00e1ban\u00fd remdesivir od\u00a0 spolo\u010dnosti Bova. V \u010cR mo\u017en\u00e9 z\u00edska\u0165 u niektor\u00fdch veterin\u00e1rov. Nev\u00fdhodou je extr\u00e9mne vysok\u00e1 cena. Aplikuje sa SC alebo IV. Koncentr\u00e1cia: 10 mg\/ml Objem: 10 ml [sc name=\"fipwarriors_query\" ] V\u00fdrobca: Bova UK [sc name=\"dos_gsr_pills\" gspillcontent=\"1_1\"]","_links":{"self":[{"href":"https:\/\/www.fipwarriors.eu\/en\/wp-json\/wp\/v2\/product\/11565","targetHints":{"allow":["GET"]}}],"collection":[{"href":"https:\/\/www.fipwarriors.eu\/en\/wp-json\/wp\/v2\/product"}],"about":[{"href":"https:\/\/www.fipwarriors.eu\/en\/wp-json\/wp\/v2\/types\/product"}],"replies":[{"embeddable":true,"href":"https:\/\/www.fipwarriors.eu\/en\/wp-json\/wp\/v2\/comments?post=11565"}],"wp:featuredmedia":[{"embeddable":true,"href":"https:\/\/www.fipwarriors.eu\/en\/wp-json\/wp\/v2\/media\/11570"}],"wp:attachment":[{"href":"https:\/\/www.fipwarriors.eu\/en\/wp-json\/wp\/v2\/media?parent=11565"}],"wp:term":[{"taxonomy":"product_brand","embeddable":true,"href":"https:\/\/www.fipwarriors.eu\/en\/wp-json\/wp\/v2\/product_brand?post=11565"},{"taxonomy":"product_cat","embeddable":true,"href":"https:\/\/www.fipwarriors.eu\/en\/wp-json\/wp\/v2\/product_cat?post=11565"},{"taxonomy":"product_tag","embeddable":true,"href":"https:\/\/www.fipwarriors.eu\/en\/wp-json\/wp\/v2\/product_tag?post=11565"}],"curies":[{"name":"wp","href":"https:\/\/api.w.org\/{rel}","templated":true}]}}