{"id":11566,"date":"2023-03-07T15:27:40","date_gmt":"2023-03-07T14:27:40","guid":{"rendered":"https:\/\/www.fipwarriors.eu\/?post_type=product&#038;p=11566"},"modified":"2023-04-12T21:54:24","modified_gmt":"2023-04-12T19:54:24","slug":"veklury","status":"publish","type":"product","link":"https:\/\/www.fipwarriors.eu\/en\/product\/veklury\/","title":{"rendered":"Veklury"},"content":{"rendered":"","protected":false},"excerpt":{"rendered":"<p>Leg\u00e1lne vyr\u00e1ban\u00fd <a href=\"https:\/\/www.fipwarriors.eu\/remdesivir\/\">remdesivir<\/a> od spolo\u010dnosti Gilead.\u00a0 Ur\u010den\u00fd pre hum\u00e1nne pou\u017eitie na lie\u010dbu Covid 19. Nev\u00fdhodou je extr\u00e9mne vysok\u00e1 cena. Aplikuje sa IV.<\/p>\n<ul>\n<li>Koncentr\u00e1cia: <span style=\"color: #0000ff;\">5\u00a0mg\/ml<\/span><\/li>\n<li>Objem: <span style=\"color: #ff00ff;\">20 ml<\/span><\/li>\n<li>[sc name=\"fipwarriors_query\" ]<\/li>\n<li>Str\u00e1nky produktu: <a href=\"https:\/\/www.veklury.com\">Veklury<\/a><\/li>\n<li>V\u00fdrobca: <a href=\"https:\/\/www.gilead.com\">Gilead<\/a><\/li>\n<\/ul>\n[sc name=\"dos_gsr_pills\" gspillcontent=\"5_1\"]\n","protected":false},"featured_media":11567,"comment_status":"open","ping_status":"closed","template":"","meta":{"_uag_custom_page_level_css":""},"product_brand":[],"product_cat":[266],"product_tag":[267],"class_list":{"0":"post-11566","1":"product","2":"type-product","3":"status-publish","4":"has-post-thumbnail","6":"product_cat-remdesivir-injekcne-roztoky","7":"product_tag-veklury","9":"first","10":"instock","11":"shipping-taxable","12":"product-type-simple"},"featured_image_urls_v2":{"full":["https:\/\/www.fipwarriors.eu\/wp-content\/uploads\/2023\/03\/veklurybigcrop.jpg",976,976,false],"thumbnail":["https:\/\/www.fipwarriors.eu\/wp-content\/uploads\/2023\/03\/veklurybigcrop-150x150.jpg",150,150,true],"medium":["https:\/\/www.fipwarriors.eu\/wp-content\/uploads\/2023\/03\/veklurybigcrop-300x300.jpg",300,300,true],"medium_large":["https:\/\/www.fipwarriors.eu\/wp-content\/uploads\/2023\/03\/veklurybigcrop-768x768.jpg",525,525,true],"large":["https:\/\/www.fipwarriors.eu\/wp-content\/uploads\/2023\/03\/veklurybigcrop.jpg",525,525,false],"1536x1536":["https:\/\/www.fipwarriors.eu\/wp-content\/uploads\/2023\/03\/veklurybigcrop.jpg",976,976,false],"2048x2048":["https:\/\/www.fipwarriors.eu\/wp-content\/uploads\/2023\/03\/veklurybigcrop.jpg",976,976,false],"trp-custom-language-flag":["https:\/\/www.fipwarriors.eu\/wp-content\/uploads\/2023\/03\/veklurybigcrop-12x12.jpg",12,12,true],"twentyseventeen-featured-image":["https:\/\/www.fipwarriors.eu\/wp-content\/uploads\/2023\/03\/veklurybigcrop.jpg",976,976,false],"twentyseventeen-thumbnail-avatar":["https:\/\/www.fipwarriors.eu\/wp-content\/uploads\/2023\/03\/veklurybigcrop-100x100.jpg",100,100,true],"woocommerce_thumbnail":["https:\/\/www.fipwarriors.eu\/wp-content\/uploads\/2023\/03\/veklurybigcrop-250x250.jpg",250,250,true],"woocommerce_single":["https:\/\/www.fipwarriors.eu\/wp-content\/uploads\/2023\/03\/veklurybigcrop-350x350.jpg",350,350,true],"woocommerce_gallery_thumbnail":["https:\/\/www.fipwarriors.eu\/wp-content\/uploads\/2023\/03\/veklurybigcrop-100x100.jpg",100,100,true]},"post_excerpt_stackable_v2":"<p>Leg\u00e1lne vyr\u00e1ban\u00fd <a href=\"https:\/\/www.fipwarriors.eu\/remdesivir\/\">remdesivir<\/a> od spolo\u010dnosti Gilead.\u00a0 Ur\u010den\u00fd pre hum\u00e1nne pou\u017eitie na lie\u010dbu Covid 19. Nev\u00fdhodou je extr\u00e9mne vysok\u00e1 cena. Aplikuje sa IV.<\/p>\n<ul>\n<li>Koncentr\u00e1cia: <span style=\"color: #0000ff;\">5\u00a0mg\/ml<\/span><\/li>\n<li>Objem: <span style=\"color: #ff00ff;\">20 ml<\/span><\/li>\n<li>[sc name=\"fipwarriors_query\" ]<\/li>\n<li>Str\u00e1nky produktu: <a href=\"https:\/\/www.veklury.com\">Veklury<\/a><\/li>\n<li>V\u00fdrobca: <a href=\"https:\/\/www.gilead.com\">Gilead<\/a><\/li>\n<\/ul>\n[sc name=\"dos_gsr_pills\" gspillcontent=\"5_1\"]\n","category_list_v2":"","author_info_v2":{"name":"","url":""},"comments_num_v2":"0 comments","yoast_head":"<!-- This site is optimized with the Yoast SEO plugin v27.5 - https:\/\/yoast.com\/product\/yoast-seo-wordpress\/ -->\n<title>Veklury - FIP Warriors CZ\/SK \u00ae<\/title>\n<meta name=\"robots\" content=\"noindex, follow\" \/>\n<meta property=\"og:locale\" content=\"en_GB\" \/>\n<meta property=\"og:type\" content=\"article\" \/>\n<meta property=\"og:title\" content=\"Veklury - FIP Warriors CZ\/SK \u00ae\" \/>\n<meta property=\"og:description\" content=\"Leg\u00e1lne vyr\u00e1ban\u00fd remdesivir od spolo\u010dnosti Gilead.\u00a0 Ur\u010den\u00fd pre hum\u00e1nne pou\u017eitie na lie\u010dbu Covid 19. Nev\u00fdhodou je extr\u00e9mne vysok\u00e1 cena. Aplikuje sa IV.   Koncentr\u00e1cia: 5\u00a0mg\/ml  Objem: 20 ml    Str\u00e1nky produktu: Veklury  V\u00fdrobca: Gilead\" \/>\n<meta property=\"og:url\" content=\"https:\/\/www.fipwarriors.eu\/en\/product\/veklury\/\" \/>\n<meta property=\"og:site_name\" content=\"FIP Warriors CZ\/SK \u00ae\" \/>\n<meta property=\"article:publisher\" content=\"https:\/\/www.facebook.com\/groups\/fipczsk\" \/>\n<meta property=\"article:modified_time\" content=\"2023-04-12T19:54:24+00:00\" \/>\n<meta property=\"og:image\" content=\"https:\/\/www.fipwarriors.eu\/wp-content\/uploads\/2023\/03\/veklurybigcrop.jpg\" \/>\n\t<meta property=\"og:image:width\" content=\"976\" \/>\n\t<meta property=\"og:image:height\" content=\"976\" \/>\n\t<meta property=\"og:image:type\" content=\"image\/jpeg\" \/>\n<meta name=\"twitter:card\" content=\"summary_large_image\" \/>\n<script type=\"application\/ld+json\" class=\"yoast-schema-graph\">{\"@context\":\"https:\\\/\\\/schema.org\",\"@graph\":[{\"@type\":\"WebPage\",\"@id\":\"https:\\\/\\\/www.fipwarriors.eu\\\/produkt\\\/veklury\\\/\",\"url\":\"https:\\\/\\\/www.fipwarriors.eu\\\/produkt\\\/veklury\\\/\",\"name\":\"Veklury - FIP Warriors CZ\\\/SK \u00ae\",\"isPartOf\":{\"@id\":\"https:\\\/\\\/www.fipwarriors.eu\\\/#website\"},\"primaryImageOfPage\":{\"@id\":\"https:\\\/\\\/www.fipwarriors.eu\\\/produkt\\\/veklury\\\/#primaryimage\"},\"image\":{\"@id\":\"https:\\\/\\\/www.fipwarriors.eu\\\/produkt\\\/veklury\\\/#primaryimage\"},\"thumbnailUrl\":\"https:\\\/\\\/www.fipwarriors.eu\\\/wp-content\\\/uploads\\\/2023\\\/03\\\/veklurybigcrop.jpg\",\"datePublished\":\"2023-03-07T14:27:40+00:00\",\"dateModified\":\"2023-04-12T19:54:24+00:00\",\"breadcrumb\":{\"@id\":\"https:\\\/\\\/www.fipwarriors.eu\\\/produkt\\\/veklury\\\/#breadcrumb\"},\"inLanguage\":\"en-GB\",\"potentialAction\":[{\"@type\":\"ReadAction\",\"target\":[\"https:\\\/\\\/www.fipwarriors.eu\\\/produkt\\\/veklury\\\/\"]}]},{\"@type\":\"ImageObject\",\"inLanguage\":\"en-GB\",\"@id\":\"https:\\\/\\\/www.fipwarriors.eu\\\/produkt\\\/veklury\\\/#primaryimage\",\"url\":\"https:\\\/\\\/www.fipwarriors.eu\\\/wp-content\\\/uploads\\\/2023\\\/03\\\/veklurybigcrop.jpg\",\"contentUrl\":\"https:\\\/\\\/www.fipwarriors.eu\\\/wp-content\\\/uploads\\\/2023\\\/03\\\/veklurybigcrop.jpg\",\"width\":976,\"height\":976},{\"@type\":\"BreadcrumbList\",\"@id\":\"https:\\\/\\\/www.fipwarriors.eu\\\/produkt\\\/veklury\\\/#breadcrumb\",\"itemListElement\":[{\"@type\":\"ListItem\",\"position\":1,\"name\":\"Domovsk\u00e1 str\u00e1nka\",\"item\":\"https:\\\/\\\/www.fipwarriors.eu\\\/\"},{\"@type\":\"ListItem\",\"position\":2,\"name\":\"Obchod\",\"item\":\"https:\\\/\\\/www.fipwarriors.eu\\\/obchod\\\/\"},{\"@type\":\"ListItem\",\"position\":3,\"name\":\"Veklury\"}]},{\"@type\":\"WebSite\",\"@id\":\"https:\\\/\\\/www.fipwarriors.eu\\\/#website\",\"url\":\"https:\\\/\\\/www.fipwarriors.eu\\\/\",\"name\":\"FIP Warriors CZ\\\/SK \u00ae\",\"description\":\"Pre v\u0161etk\u00fdch FIP bojovn\u00edkov\",\"publisher\":{\"@id\":\"https:\\\/\\\/www.fipwarriors.eu\\\/#organization\"},\"potentialAction\":[{\"@type\":\"SearchAction\",\"target\":{\"@type\":\"EntryPoint\",\"urlTemplate\":\"https:\\\/\\\/www.fipwarriors.eu\\\/?s={search_term_string}\"},\"query-input\":{\"@type\":\"PropertyValueSpecification\",\"valueRequired\":true,\"valueName\":\"search_term_string\"}}],\"inLanguage\":\"en-GB\"},{\"@type\":\"Organization\",\"@id\":\"https:\\\/\\\/www.fipwarriors.eu\\\/#organization\",\"name\":\"FIP Warriors CZ\\\/SK \u00ae\",\"url\":\"https:\\\/\\\/www.fipwarriors.eu\\\/\",\"logo\":{\"@type\":\"ImageObject\",\"inLanguage\":\"en-GB\",\"@id\":\"https:\\\/\\\/www.fipwarriors.eu\\\/#\\\/schema\\\/logo\\\/image\\\/\",\"url\":\"https:\\\/\\\/www.fipwarriors.eu\\\/wp-content\\\/uploads\\\/2021\\\/12\\\/cropped-fip-warriors-logo.png\",\"contentUrl\":\"https:\\\/\\\/www.fipwarriors.eu\\\/wp-content\\\/uploads\\\/2021\\\/12\\\/cropped-fip-warriors-logo.png\",\"width\":315,\"height\":315,\"caption\":\"FIP Warriors CZ\\\/SK \u00ae\"},\"image\":{\"@id\":\"https:\\\/\\\/www.fipwarriors.eu\\\/#\\\/schema\\\/logo\\\/image\\\/\"},\"sameAs\":[\"https:\\\/\\\/www.facebook.com\\\/groups\\\/fipczsk\"]}]}<\/script>\n<!-- \/ Yoast SEO plugin. -->","yoast_head_json":{"title":"Veklury - FIP Warriors CZ\/SK \u00ae","robots":{"index":"noindex","follow":"follow"},"og_locale":"en_GB","og_type":"article","og_title":"Veklury - FIP Warriors CZ\/SK \u00ae","og_description":"Leg\u00e1lne vyr\u00e1ban\u00fd remdesivir od spolo\u010dnosti Gilead.\u00a0 Ur\u010den\u00fd pre hum\u00e1nne pou\u017eitie na lie\u010dbu Covid 19. Nev\u00fdhodou je extr\u00e9mne vysok\u00e1 cena. Aplikuje sa IV.   Koncentr\u00e1cia: 5\u00a0mg\/ml  Objem: 20 ml    Str\u00e1nky produktu: Veklury  V\u00fdrobca: Gilead","og_url":"https:\/\/www.fipwarriors.eu\/en\/product\/veklury\/","og_site_name":"FIP Warriors CZ\/SK \u00ae","article_publisher":"https:\/\/www.facebook.com\/groups\/fipczsk","article_modified_time":"2023-04-12T19:54:24+00:00","og_image":[{"width":976,"height":976,"url":"https:\/\/www.fipwarriors.eu\/wp-content\/uploads\/2023\/03\/veklurybigcrop.jpg","type":"image\/jpeg"}],"twitter_card":"summary_large_image","schema":{"@context":"https:\/\/schema.org","@graph":[{"@type":"WebPage","@id":"https:\/\/www.fipwarriors.eu\/produkt\/veklury\/","url":"https:\/\/www.fipwarriors.eu\/produkt\/veklury\/","name":"Veklury - FIP Warriors CZ\/SK \u00ae","isPartOf":{"@id":"https:\/\/www.fipwarriors.eu\/#website"},"primaryImageOfPage":{"@id":"https:\/\/www.fipwarriors.eu\/produkt\/veklury\/#primaryimage"},"image":{"@id":"https:\/\/www.fipwarriors.eu\/produkt\/veklury\/#primaryimage"},"thumbnailUrl":"https:\/\/www.fipwarriors.eu\/wp-content\/uploads\/2023\/03\/veklurybigcrop.jpg","datePublished":"2023-03-07T14:27:40+00:00","dateModified":"2023-04-12T19:54:24+00:00","breadcrumb":{"@id":"https:\/\/www.fipwarriors.eu\/produkt\/veklury\/#breadcrumb"},"inLanguage":"en-GB","potentialAction":[{"@type":"ReadAction","target":["https:\/\/www.fipwarriors.eu\/produkt\/veklury\/"]}]},{"@type":"ImageObject","inLanguage":"en-GB","@id":"https:\/\/www.fipwarriors.eu\/produkt\/veklury\/#primaryimage","url":"https:\/\/www.fipwarriors.eu\/wp-content\/uploads\/2023\/03\/veklurybigcrop.jpg","contentUrl":"https:\/\/www.fipwarriors.eu\/wp-content\/uploads\/2023\/03\/veklurybigcrop.jpg","width":976,"height":976},{"@type":"BreadcrumbList","@id":"https:\/\/www.fipwarriors.eu\/produkt\/veklury\/#breadcrumb","itemListElement":[{"@type":"ListItem","position":1,"name":"Domovsk\u00e1 str\u00e1nka","item":"https:\/\/www.fipwarriors.eu\/"},{"@type":"ListItem","position":2,"name":"Obchod","item":"https:\/\/www.fipwarriors.eu\/obchod\/"},{"@type":"ListItem","position":3,"name":"Veklury"}]},{"@type":"WebSite","@id":"https:\/\/www.fipwarriors.eu\/#website","url":"https:\/\/www.fipwarriors.eu\/","name":"FIP Warriors CZ \/ SK \u00ae","description":"For all FIP warriors","publisher":{"@id":"https:\/\/www.fipwarriors.eu\/#organization"},"potentialAction":[{"@type":"SearchAction","target":{"@type":"EntryPoint","urlTemplate":"https:\/\/www.fipwarriors.eu\/?s={search_term_string}"},"query-input":{"@type":"PropertyValueSpecification","valueRequired":true,"valueName":"search_term_string"}}],"inLanguage":"en-GB"},{"@type":"Organization","@id":"https:\/\/www.fipwarriors.eu\/#organization","name":"FIP Warriors CZ \/ SK \u00ae","url":"https:\/\/www.fipwarriors.eu\/","logo":{"@type":"ImageObject","inLanguage":"en-GB","@id":"https:\/\/www.fipwarriors.eu\/#\/schema\/logo\/image\/","url":"https:\/\/www.fipwarriors.eu\/wp-content\/uploads\/2021\/12\/cropped-fip-warriors-logo.png","contentUrl":"https:\/\/www.fipwarriors.eu\/wp-content\/uploads\/2021\/12\/cropped-fip-warriors-logo.png","width":315,"height":315,"caption":"FIP Warriors CZ\/SK \u00ae"},"image":{"@id":"https:\/\/www.fipwarriors.eu\/#\/schema\/logo\/image\/"},"sameAs":["https:\/\/www.facebook.com\/groups\/fipczsk"]}]}},"uagb_featured_image_src":{"full":["https:\/\/www.fipwarriors.eu\/wp-content\/uploads\/2023\/03\/veklurybigcrop.jpg",976,976,false],"thumbnail":["https:\/\/www.fipwarriors.eu\/wp-content\/uploads\/2023\/03\/veklurybigcrop-150x150.jpg",150,150,true],"medium":["https:\/\/www.fipwarriors.eu\/wp-content\/uploads\/2023\/03\/veklurybigcrop-300x300.jpg",300,300,true],"medium_large":["https:\/\/www.fipwarriors.eu\/wp-content\/uploads\/2023\/03\/veklurybigcrop-768x768.jpg",525,525,true],"large":["https:\/\/www.fipwarriors.eu\/wp-content\/uploads\/2023\/03\/veklurybigcrop.jpg",525,525,false],"1536x1536":["https:\/\/www.fipwarriors.eu\/wp-content\/uploads\/2023\/03\/veklurybigcrop.jpg",976,976,false],"2048x2048":["https:\/\/www.fipwarriors.eu\/wp-content\/uploads\/2023\/03\/veklurybigcrop.jpg",976,976,false],"trp-custom-language-flag":["https:\/\/www.fipwarriors.eu\/wp-content\/uploads\/2023\/03\/veklurybigcrop-12x12.jpg",12,12,true],"twentyseventeen-featured-image":["https:\/\/www.fipwarriors.eu\/wp-content\/uploads\/2023\/03\/veklurybigcrop.jpg",976,976,false],"twentyseventeen-thumbnail-avatar":["https:\/\/www.fipwarriors.eu\/wp-content\/uploads\/2023\/03\/veklurybigcrop-100x100.jpg",100,100,true],"woocommerce_thumbnail":["https:\/\/www.fipwarriors.eu\/wp-content\/uploads\/2023\/03\/veklurybigcrop-250x250.jpg",250,250,true],"woocommerce_single":["https:\/\/www.fipwarriors.eu\/wp-content\/uploads\/2023\/03\/veklurybigcrop-350x350.jpg",350,350,true],"woocommerce_gallery_thumbnail":["https:\/\/www.fipwarriors.eu\/wp-content\/uploads\/2023\/03\/veklurybigcrop-100x100.jpg",100,100,true]},"uagb_author_info":{"display_name":"L. M.","author_link":"https:\/\/www.fipwarriors.eu\/en\/author\/"},"uagb_comment_info":0,"uagb_excerpt":"Leg\u00e1lne vyr\u00e1ban\u00fd remdesivir od spolo\u010dnosti Gilead.\u00a0 Ur\u010den\u00fd pre hum\u00e1nne pou\u017eitie na lie\u010dbu Covid 19. Nev\u00fdhodou je extr\u00e9mne vysok\u00e1 cena. Aplikuje sa IV. Koncentr\u00e1cia: 5\u00a0mg\/ml Objem: 20 ml [sc name=\"fipwarriors_query\" ] Str\u00e1nky produktu: Veklury V\u00fdrobca: Gilead [sc name=\"dos_gsr_pills\" gspillcontent=\"5_1\"]","_links":{"self":[{"href":"https:\/\/www.fipwarriors.eu\/en\/wp-json\/wp\/v2\/product\/11566","targetHints":{"allow":["GET"]}}],"collection":[{"href":"https:\/\/www.fipwarriors.eu\/en\/wp-json\/wp\/v2\/product"}],"about":[{"href":"https:\/\/www.fipwarriors.eu\/en\/wp-json\/wp\/v2\/types\/product"}],"replies":[{"embeddable":true,"href":"https:\/\/www.fipwarriors.eu\/en\/wp-json\/wp\/v2\/comments?post=11566"}],"wp:featuredmedia":[{"embeddable":true,"href":"https:\/\/www.fipwarriors.eu\/en\/wp-json\/wp\/v2\/media\/11567"}],"wp:attachment":[{"href":"https:\/\/www.fipwarriors.eu\/en\/wp-json\/wp\/v2\/media?parent=11566"}],"wp:term":[{"taxonomy":"product_brand","embeddable":true,"href":"https:\/\/www.fipwarriors.eu\/en\/wp-json\/wp\/v2\/product_brand?post=11566"},{"taxonomy":"product_cat","embeddable":true,"href":"https:\/\/www.fipwarriors.eu\/en\/wp-json\/wp\/v2\/product_cat?post=11566"},{"taxonomy":"product_tag","embeddable":true,"href":"https:\/\/www.fipwarriors.eu\/en\/wp-json\/wp\/v2\/product_tag?post=11566"}],"curies":[{"name":"wp","href":"https:\/\/api.w.org\/{rel}","templated":true}]}}