{"id":11613,"date":"2023-03-21T21:50:07","date_gmt":"2023-03-21T20:50:07","guid":{"rendered":"https:\/\/www.fipwarriors.eu\/?post_type=product&#038;p=11613"},"modified":"2023-04-12T21:54:24","modified_gmt":"2023-04-12T19:54:24","slug":"molulife","status":"publish","type":"product","link":"https:\/\/www.fipwarriors.eu\/en\/product\/molulife\/","title":{"rendered":"Molulife"},"content":{"rendered":"","protected":false},"excerpt":{"rendered":"<ul>\n<li>hum\u00e1nny liek<\/li>\n<li>200mg\/kapslu<\/li>\n<li>nutn\u00e9 prekapslovanie\u00a0 kv\u00f4li pr\u00edli\u0161 vysok\u00e9mu obsahu \u00fa\u010dinnej l\u00e1tky<\/li>\n<li>distribuovan\u00fd v Indii<\/li>\n<li>\u26a0\ufe0f <span style=\"color: #ff0000;\">pod\u00e1va sa 2xdenne<\/span> \u26a0\ufe0f<\/li>\n<li>vhodn\u00fd pre relapsy po lie\u010dbe GS-441524<\/li>\n<\/ul>\n[sc name=\"dos_eidd_pills\" eiddcontent=\"2_1\"]\n","protected":false},"featured_media":11614,"comment_status":"open","ping_status":"closed","template":"","meta":{"_uag_custom_page_level_css":""},"product_brand":[],"product_cat":[259],"product_tag":[],"class_list":{"0":"post-11613","1":"product","2":"type-product","3":"status-publish","4":"has-post-thumbnail","6":"product_cat-molnupiravir","8":"first","9":"instock","10":"shipping-taxable","11":"product-type-simple"},"featured_image_urls_v2":{"full":["https:\/\/www.fipwarriors.eu\/wp-content\/uploads\/2023\/03\/molulife200.jpg",800,800,false],"thumbnail":["https:\/\/www.fipwarriors.eu\/wp-content\/uploads\/2023\/03\/molulife200-150x150.jpg",150,150,true],"medium":["https:\/\/www.fipwarriors.eu\/wp-content\/uploads\/2023\/03\/molulife200-300x300.jpg",300,300,true],"medium_large":["https:\/\/www.fipwarriors.eu\/wp-content\/uploads\/2023\/03\/molulife200-768x768.jpg",525,525,true],"large":["https:\/\/www.fipwarriors.eu\/wp-content\/uploads\/2023\/03\/molulife200.jpg",525,525,false],"1536x1536":["https:\/\/www.fipwarriors.eu\/wp-content\/uploads\/2023\/03\/molulife200.jpg",800,800,false],"2048x2048":["https:\/\/www.fipwarriors.eu\/wp-content\/uploads\/2023\/03\/molulife200.jpg",800,800,false],"trp-custom-language-flag":["https:\/\/www.fipwarriors.eu\/wp-content\/uploads\/2023\/03\/molulife200-12x12.jpg",12,12,true],"twentyseventeen-featured-image":["https:\/\/www.fipwarriors.eu\/wp-content\/uploads\/2023\/03\/molulife200.jpg",800,800,false],"twentyseventeen-thumbnail-avatar":["https:\/\/www.fipwarriors.eu\/wp-content\/uploads\/2023\/03\/molulife200-100x100.jpg",100,100,true],"woocommerce_thumbnail":["https:\/\/www.fipwarriors.eu\/wp-content\/uploads\/2023\/03\/molulife200-250x250.jpg",250,250,true],"woocommerce_single":["https:\/\/www.fipwarriors.eu\/wp-content\/uploads\/2023\/03\/molulife200-350x350.jpg",350,350,true],"woocommerce_gallery_thumbnail":["https:\/\/www.fipwarriors.eu\/wp-content\/uploads\/2023\/03\/molulife200-100x100.jpg",100,100,true]},"post_excerpt_stackable_v2":"<ul>\n<li>hum\u00e1nny liek<\/li>\n<li>200mg\/kapslu<\/li>\n<li>nutn\u00e9 prekapslovanie\u00a0 kv\u00f4li pr\u00edli\u0161 vysok\u00e9mu obsahu \u00fa\u010dinnej l\u00e1tky<\/li>\n<li>distribuovan\u00fd v Indii<\/li>\n<li>\u26a0\ufe0f <span style=\"color: #ff0000;\">pod\u00e1va sa 2xdenne<\/span> \u26a0\ufe0f<\/li>\n<li>vhodn\u00fd pre relapsy po lie\u010dbe GS-441524<\/li>\n<\/ul>\n[sc name=\"dos_eidd_pills\" eiddcontent=\"2_1\"]\n","category_list_v2":"","author_info_v2":{"name":"","url":""},"comments_num_v2":"0 comments","yoast_head":"<!-- This site is optimized with the Yoast SEO plugin v27.5 - https:\/\/yoast.com\/product\/yoast-seo-wordpress\/ -->\n<title>Molulife - FIP Warriors CZ\/SK \u00ae<\/title>\n<meta name=\"robots\" content=\"noindex, follow\" \/>\n<meta property=\"og:locale\" content=\"en_GB\" \/>\n<meta property=\"og:type\" content=\"article\" \/>\n<meta property=\"og:title\" content=\"Molulife - FIP Warriors CZ\/SK \u00ae\" \/>\n<meta property=\"og:description\" content=\"hum\u00e1nny liek  200mg\/kapslu  nutn\u00e9 prekapslovanie\u00a0 kv\u00f4li pr\u00edli\u0161 vysok\u00e9mu obsahu \u00fa\u010dinnej l\u00e1tky  distribuovan\u00fd v Indii  \u26a0\ufe0f pod\u00e1va sa 2xdenne \u26a0\ufe0f  vhodn\u00fd pre relapsy po lie\u010dbe GS-441524\" \/>\n<meta property=\"og:url\" content=\"https:\/\/www.fipwarriors.eu\/en\/product\/molulife\/\" \/>\n<meta property=\"og:site_name\" content=\"FIP Warriors CZ\/SK \u00ae\" \/>\n<meta property=\"article:publisher\" content=\"https:\/\/www.facebook.com\/groups\/fipczsk\" \/>\n<meta property=\"article:modified_time\" content=\"2023-04-12T19:54:24+00:00\" \/>\n<meta property=\"og:image\" content=\"https:\/\/www.fipwarriors.eu\/wp-content\/uploads\/2023\/03\/molulife200.jpg\" \/>\n\t<meta property=\"og:image:width\" content=\"800\" \/>\n\t<meta property=\"og:image:height\" content=\"800\" \/>\n\t<meta property=\"og:image:type\" content=\"image\/jpeg\" \/>\n<meta name=\"twitter:card\" content=\"summary_large_image\" \/>\n<script type=\"application\/ld+json\" class=\"yoast-schema-graph\">{\"@context\":\"https:\\\/\\\/schema.org\",\"@graph\":[{\"@type\":\"WebPage\",\"@id\":\"https:\\\/\\\/www.fipwarriors.eu\\\/produkt\\\/molulife\\\/\",\"url\":\"https:\\\/\\\/www.fipwarriors.eu\\\/produkt\\\/molulife\\\/\",\"name\":\"Molulife - FIP Warriors CZ\\\/SK \u00ae\",\"isPartOf\":{\"@id\":\"https:\\\/\\\/www.fipwarriors.eu\\\/#website\"},\"primaryImageOfPage\":{\"@id\":\"https:\\\/\\\/www.fipwarriors.eu\\\/produkt\\\/molulife\\\/#primaryimage\"},\"image\":{\"@id\":\"https:\\\/\\\/www.fipwarriors.eu\\\/produkt\\\/molulife\\\/#primaryimage\"},\"thumbnailUrl\":\"https:\\\/\\\/www.fipwarriors.eu\\\/wp-content\\\/uploads\\\/2023\\\/03\\\/molulife200.jpg\",\"datePublished\":\"2023-03-21T20:50:07+00:00\",\"dateModified\":\"2023-04-12T19:54:24+00:00\",\"breadcrumb\":{\"@id\":\"https:\\\/\\\/www.fipwarriors.eu\\\/produkt\\\/molulife\\\/#breadcrumb\"},\"inLanguage\":\"en-GB\",\"potentialAction\":[{\"@type\":\"ReadAction\",\"target\":[\"https:\\\/\\\/www.fipwarriors.eu\\\/produkt\\\/molulife\\\/\"]}]},{\"@type\":\"ImageObject\",\"inLanguage\":\"en-GB\",\"@id\":\"https:\\\/\\\/www.fipwarriors.eu\\\/produkt\\\/molulife\\\/#primaryimage\",\"url\":\"https:\\\/\\\/www.fipwarriors.eu\\\/wp-content\\\/uploads\\\/2023\\\/03\\\/molulife200.jpg\",\"contentUrl\":\"https:\\\/\\\/www.fipwarriors.eu\\\/wp-content\\\/uploads\\\/2023\\\/03\\\/molulife200.jpg\",\"width\":800,\"height\":800},{\"@type\":\"BreadcrumbList\",\"@id\":\"https:\\\/\\\/www.fipwarriors.eu\\\/produkt\\\/molulife\\\/#breadcrumb\",\"itemListElement\":[{\"@type\":\"ListItem\",\"position\":1,\"name\":\"Domovsk\u00e1 str\u00e1nka\",\"item\":\"https:\\\/\\\/www.fipwarriors.eu\\\/\"},{\"@type\":\"ListItem\",\"position\":2,\"name\":\"Obchod\",\"item\":\"https:\\\/\\\/www.fipwarriors.eu\\\/obchod\\\/\"},{\"@type\":\"ListItem\",\"position\":3,\"name\":\"Molulife\"}]},{\"@type\":\"WebSite\",\"@id\":\"https:\\\/\\\/www.fipwarriors.eu\\\/#website\",\"url\":\"https:\\\/\\\/www.fipwarriors.eu\\\/\",\"name\":\"FIP Warriors CZ\\\/SK \u00ae\",\"description\":\"Pre v\u0161etk\u00fdch FIP bojovn\u00edkov\",\"publisher\":{\"@id\":\"https:\\\/\\\/www.fipwarriors.eu\\\/#organization\"},\"potentialAction\":[{\"@type\":\"SearchAction\",\"target\":{\"@type\":\"EntryPoint\",\"urlTemplate\":\"https:\\\/\\\/www.fipwarriors.eu\\\/?s={search_term_string}\"},\"query-input\":{\"@type\":\"PropertyValueSpecification\",\"valueRequired\":true,\"valueName\":\"search_term_string\"}}],\"inLanguage\":\"en-GB\"},{\"@type\":\"Organization\",\"@id\":\"https:\\\/\\\/www.fipwarriors.eu\\\/#organization\",\"name\":\"FIP Warriors CZ\\\/SK \u00ae\",\"url\":\"https:\\\/\\\/www.fipwarriors.eu\\\/\",\"logo\":{\"@type\":\"ImageObject\",\"inLanguage\":\"en-GB\",\"@id\":\"https:\\\/\\\/www.fipwarriors.eu\\\/#\\\/schema\\\/logo\\\/image\\\/\",\"url\":\"https:\\\/\\\/www.fipwarriors.eu\\\/wp-content\\\/uploads\\\/2021\\\/12\\\/cropped-fip-warriors-logo.png\",\"contentUrl\":\"https:\\\/\\\/www.fipwarriors.eu\\\/wp-content\\\/uploads\\\/2021\\\/12\\\/cropped-fip-warriors-logo.png\",\"width\":315,\"height\":315,\"caption\":\"FIP Warriors CZ\\\/SK \u00ae\"},\"image\":{\"@id\":\"https:\\\/\\\/www.fipwarriors.eu\\\/#\\\/schema\\\/logo\\\/image\\\/\"},\"sameAs\":[\"https:\\\/\\\/www.facebook.com\\\/groups\\\/fipczsk\"]}]}<\/script>\n<!-- \/ Yoast SEO plugin. -->","yoast_head_json":{"title":"Molulife - FIP Warriors CZ\/SK \u00ae","robots":{"index":"noindex","follow":"follow"},"og_locale":"en_GB","og_type":"article","og_title":"Molulife - FIP Warriors CZ\/SK \u00ae","og_description":"hum\u00e1nny liek  200mg\/kapslu  nutn\u00e9 prekapslovanie\u00a0 kv\u00f4li pr\u00edli\u0161 vysok\u00e9mu obsahu \u00fa\u010dinnej l\u00e1tky  distribuovan\u00fd v Indii  \u26a0\ufe0f pod\u00e1va sa 2xdenne \u26a0\ufe0f  vhodn\u00fd pre relapsy po lie\u010dbe GS-441524","og_url":"https:\/\/www.fipwarriors.eu\/en\/product\/molulife\/","og_site_name":"FIP Warriors CZ\/SK \u00ae","article_publisher":"https:\/\/www.facebook.com\/groups\/fipczsk","article_modified_time":"2023-04-12T19:54:24+00:00","og_image":[{"width":800,"height":800,"url":"https:\/\/www.fipwarriors.eu\/wp-content\/uploads\/2023\/03\/molulife200.jpg","type":"image\/jpeg"}],"twitter_card":"summary_large_image","schema":{"@context":"https:\/\/schema.org","@graph":[{"@type":"WebPage","@id":"https:\/\/www.fipwarriors.eu\/produkt\/molulife\/","url":"https:\/\/www.fipwarriors.eu\/produkt\/molulife\/","name":"Molulife - FIP Warriors CZ\/SK \u00ae","isPartOf":{"@id":"https:\/\/www.fipwarriors.eu\/#website"},"primaryImageOfPage":{"@id":"https:\/\/www.fipwarriors.eu\/produkt\/molulife\/#primaryimage"},"image":{"@id":"https:\/\/www.fipwarriors.eu\/produkt\/molulife\/#primaryimage"},"thumbnailUrl":"https:\/\/www.fipwarriors.eu\/wp-content\/uploads\/2023\/03\/molulife200.jpg","datePublished":"2023-03-21T20:50:07+00:00","dateModified":"2023-04-12T19:54:24+00:00","breadcrumb":{"@id":"https:\/\/www.fipwarriors.eu\/produkt\/molulife\/#breadcrumb"},"inLanguage":"en-GB","potentialAction":[{"@type":"ReadAction","target":["https:\/\/www.fipwarriors.eu\/produkt\/molulife\/"]}]},{"@type":"ImageObject","inLanguage":"en-GB","@id":"https:\/\/www.fipwarriors.eu\/produkt\/molulife\/#primaryimage","url":"https:\/\/www.fipwarriors.eu\/wp-content\/uploads\/2023\/03\/molulife200.jpg","contentUrl":"https:\/\/www.fipwarriors.eu\/wp-content\/uploads\/2023\/03\/molulife200.jpg","width":800,"height":800},{"@type":"BreadcrumbList","@id":"https:\/\/www.fipwarriors.eu\/produkt\/molulife\/#breadcrumb","itemListElement":[{"@type":"ListItem","position":1,"name":"Domovsk\u00e1 str\u00e1nka","item":"https:\/\/www.fipwarriors.eu\/"},{"@type":"ListItem","position":2,"name":"Obchod","item":"https:\/\/www.fipwarriors.eu\/obchod\/"},{"@type":"ListItem","position":3,"name":"Molulife"}]},{"@type":"WebSite","@id":"https:\/\/www.fipwarriors.eu\/#website","url":"https:\/\/www.fipwarriors.eu\/","name":"FIP Warriors CZ \/ SK \u00ae","description":"For all FIP warriors","publisher":{"@id":"https:\/\/www.fipwarriors.eu\/#organization"},"potentialAction":[{"@type":"SearchAction","target":{"@type":"EntryPoint","urlTemplate":"https:\/\/www.fipwarriors.eu\/?s={search_term_string}"},"query-input":{"@type":"PropertyValueSpecification","valueRequired":true,"valueName":"search_term_string"}}],"inLanguage":"en-GB"},{"@type":"Organization","@id":"https:\/\/www.fipwarriors.eu\/#organization","name":"FIP Warriors CZ \/ SK \u00ae","url":"https:\/\/www.fipwarriors.eu\/","logo":{"@type":"ImageObject","inLanguage":"en-GB","@id":"https:\/\/www.fipwarriors.eu\/#\/schema\/logo\/image\/","url":"https:\/\/www.fipwarriors.eu\/wp-content\/uploads\/2021\/12\/cropped-fip-warriors-logo.png","contentUrl":"https:\/\/www.fipwarriors.eu\/wp-content\/uploads\/2021\/12\/cropped-fip-warriors-logo.png","width":315,"height":315,"caption":"FIP Warriors CZ\/SK \u00ae"},"image":{"@id":"https:\/\/www.fipwarriors.eu\/#\/schema\/logo\/image\/"},"sameAs":["https:\/\/www.facebook.com\/groups\/fipczsk"]}]}},"uagb_featured_image_src":{"full":["https:\/\/www.fipwarriors.eu\/wp-content\/uploads\/2023\/03\/molulife200.jpg",800,800,false],"thumbnail":["https:\/\/www.fipwarriors.eu\/wp-content\/uploads\/2023\/03\/molulife200-150x150.jpg",150,150,true],"medium":["https:\/\/www.fipwarriors.eu\/wp-content\/uploads\/2023\/03\/molulife200-300x300.jpg",300,300,true],"medium_large":["https:\/\/www.fipwarriors.eu\/wp-content\/uploads\/2023\/03\/molulife200-768x768.jpg",525,525,true],"large":["https:\/\/www.fipwarriors.eu\/wp-content\/uploads\/2023\/03\/molulife200.jpg",525,525,false],"1536x1536":["https:\/\/www.fipwarriors.eu\/wp-content\/uploads\/2023\/03\/molulife200.jpg",800,800,false],"2048x2048":["https:\/\/www.fipwarriors.eu\/wp-content\/uploads\/2023\/03\/molulife200.jpg",800,800,false],"trp-custom-language-flag":["https:\/\/www.fipwarriors.eu\/wp-content\/uploads\/2023\/03\/molulife200-12x12.jpg",12,12,true],"twentyseventeen-featured-image":["https:\/\/www.fipwarriors.eu\/wp-content\/uploads\/2023\/03\/molulife200.jpg",800,800,false],"twentyseventeen-thumbnail-avatar":["https:\/\/www.fipwarriors.eu\/wp-content\/uploads\/2023\/03\/molulife200-100x100.jpg",100,100,true],"woocommerce_thumbnail":["https:\/\/www.fipwarriors.eu\/wp-content\/uploads\/2023\/03\/molulife200-250x250.jpg",250,250,true],"woocommerce_single":["https:\/\/www.fipwarriors.eu\/wp-content\/uploads\/2023\/03\/molulife200-350x350.jpg",350,350,true],"woocommerce_gallery_thumbnail":["https:\/\/www.fipwarriors.eu\/wp-content\/uploads\/2023\/03\/molulife200-100x100.jpg",100,100,true]},"uagb_author_info":{"display_name":"L. M.","author_link":"https:\/\/www.fipwarriors.eu\/en\/author\/"},"uagb_comment_info":0,"uagb_excerpt":"hum\u00e1nny liek 200mg\/kapslu nutn\u00e9 prekapslovanie\u00a0 kv\u00f4li pr\u00edli\u0161 vysok\u00e9mu obsahu \u00fa\u010dinnej l\u00e1tky distribuovan\u00fd v Indii \u26a0\ufe0f pod\u00e1va sa 2xdenne \u26a0\ufe0f vhodn\u00fd pre relapsy po lie\u010dbe GS-441524 [sc name=\"dos_eidd_pills\" eiddcontent=\"2_1\"]","_links":{"self":[{"href":"https:\/\/www.fipwarriors.eu\/en\/wp-json\/wp\/v2\/product\/11613","targetHints":{"allow":["GET"]}}],"collection":[{"href":"https:\/\/www.fipwarriors.eu\/en\/wp-json\/wp\/v2\/product"}],"about":[{"href":"https:\/\/www.fipwarriors.eu\/en\/wp-json\/wp\/v2\/types\/product"}],"replies":[{"embeddable":true,"href":"https:\/\/www.fipwarriors.eu\/en\/wp-json\/wp\/v2\/comments?post=11613"}],"wp:featuredmedia":[{"embeddable":true,"href":"https:\/\/www.fipwarriors.eu\/en\/wp-json\/wp\/v2\/media\/11614"}],"wp:attachment":[{"href":"https:\/\/www.fipwarriors.eu\/en\/wp-json\/wp\/v2\/media?parent=11613"}],"wp:term":[{"taxonomy":"product_brand","embeddable":true,"href":"https:\/\/www.fipwarriors.eu\/en\/wp-json\/wp\/v2\/product_brand?post=11613"},{"taxonomy":"product_cat","embeddable":true,"href":"https:\/\/www.fipwarriors.eu\/en\/wp-json\/wp\/v2\/product_cat?post=11613"},{"taxonomy":"product_tag","embeddable":true,"href":"https:\/\/www.fipwarriors.eu\/en\/wp-json\/wp\/v2\/product_tag?post=11613"}],"curies":[{"name":"wp","href":"https:\/\/api.w.org\/{rel}","templated":true}]}}