{"id":2752,"date":"2020-11-05T13:08:17","date_gmt":"2020-11-05T12:08:17","guid":{"rendered":"https:\/\/www.fipwarriors.eu\/?post_type=product&#038;p=2752"},"modified":"2024-06-01T09:44:21","modified_gmt":"2024-06-01T07:44:21","slug":"lucky-injections","status":"publish","type":"product","link":"https:\/\/www.fipwarriors.eu\/en\/product\/lucky-injections\/","title":{"rendered":"Lucky"},"content":{"rendered":"","protected":false},"excerpt":{"rendered":"<ul>\n<li>Objem: [sc name=\"word_color\" mycolor=\"blue\" myword=\"5,2 ml\"],[sc name=\"word_color\" mycolor=\"red\" myword=\"10,4 ml\"]<\/li>\n<li>[sc name=\"buy_link\" buylink=\"https:\/\/www.fip-treatment.com\/\" buyname=\"Lucky\"]<\/li>\n<li>[sc name=\"fipwarriors_query\" ]<\/li>\n<\/ul>\n","protected":false},"featured_media":11132,"comment_status":"open","ping_status":"closed","template":"","meta":{"_uag_custom_page_level_css":""},"product_brand":[],"product_cat":[121],"product_tag":[140],"class_list":{"0":"post-2752","1":"product","2":"type-product","3":"status-publish","4":"has-post-thumbnail","6":"product_cat-injections","7":"product_tag-lucky","9":"first","10":"instock","11":"shipping-taxable","12":"product-type-variable"},"featured_image_urls_v2":{"full":["https:\/\/www.fipwarriors.eu\/wp-content\/uploads\/2020\/11\/luckylogo.jpg",610,610,false],"thumbnail":["https:\/\/www.fipwarriors.eu\/wp-content\/uploads\/2020\/11\/luckylogo-150x150.jpg",150,150,true],"medium":["https:\/\/www.fipwarriors.eu\/wp-content\/uploads\/2020\/11\/luckylogo-300x300.jpg",300,300,true],"medium_large":["https:\/\/www.fipwarriors.eu\/wp-content\/uploads\/2020\/11\/luckylogo.jpg",525,525,false],"large":["https:\/\/www.fipwarriors.eu\/wp-content\/uploads\/2020\/11\/luckylogo.jpg",525,525,false],"1536x1536":["https:\/\/www.fipwarriors.eu\/wp-content\/uploads\/2020\/11\/luckylogo.jpg",610,610,false],"2048x2048":["https:\/\/www.fipwarriors.eu\/wp-content\/uploads\/2020\/11\/luckylogo.jpg",610,610,false],"trp-custom-language-flag":["https:\/\/www.fipwarriors.eu\/wp-content\/uploads\/2020\/11\/luckylogo-12x12.jpg",12,12,true],"twentyseventeen-featured-image":["https:\/\/www.fipwarriors.eu\/wp-content\/uploads\/2020\/11\/luckylogo.jpg",610,610,false],"twentyseventeen-thumbnail-avatar":["https:\/\/www.fipwarriors.eu\/wp-content\/uploads\/2020\/11\/luckylogo-100x100.jpg",100,100,true],"woocommerce_thumbnail":["https:\/\/www.fipwarriors.eu\/wp-content\/uploads\/2020\/11\/luckylogo-250x250.jpg",250,250,true],"woocommerce_single":["https:\/\/www.fipwarriors.eu\/wp-content\/uploads\/2020\/11\/luckylogo-350x350.jpg",350,350,true],"woocommerce_gallery_thumbnail":["https:\/\/www.fipwarriors.eu\/wp-content\/uploads\/2020\/11\/luckylogo-100x100.jpg",100,100,true]},"post_excerpt_stackable_v2":"<ul>\n<li>Objem: [sc name=\"word_color\" mycolor=\"blue\" myword=\"5,2 ml\"],[sc name=\"word_color\" mycolor=\"red\" myword=\"10,4 ml\"]<\/li>\n<li>[sc name=\"buy_link\" buylink=\"https:\/\/www.fip-treatment.com\/\" buyname=\"Lucky\"]<\/li>\n<li>[sc name=\"fipwarriors_query\" ]<\/li>\n<\/ul>\n","category_list_v2":"","author_info_v2":{"name":"","url":""},"comments_num_v2":"16 comments","yoast_head":"<!-- This site is optimized with the Yoast SEO plugin v27.5 - https:\/\/yoast.com\/product\/yoast-seo-wordpress\/ -->\n<title>Lucky - FIP Warriors CZ\/SK \u00ae<\/title>\n<meta name=\"robots\" content=\"noindex, follow\" \/>\n<meta property=\"og:locale\" content=\"en_GB\" \/>\n<meta property=\"og:type\" content=\"article\" \/>\n<meta property=\"og:title\" content=\"Lucky - FIP Warriors CZ\/SK \u00ae\" \/>\n<meta property=\"og:description\" content=\"Objem: ,\" \/>\n<meta property=\"og:url\" content=\"https:\/\/www.fipwarriors.eu\/en\/product\/lucky-injections\/\" \/>\n<meta property=\"og:site_name\" content=\"FIP Warriors CZ\/SK \u00ae\" \/>\n<meta property=\"article:publisher\" content=\"https:\/\/www.facebook.com\/groups\/fipczsk\" \/>\n<meta property=\"article:modified_time\" content=\"2024-06-01T07:44:21+00:00\" \/>\n<meta property=\"og:image\" content=\"https:\/\/www.fipwarriors.eu\/wp-content\/uploads\/2020\/11\/luckylogo.jpg\" \/>\n\t<meta property=\"og:image:width\" content=\"610\" \/>\n\t<meta property=\"og:image:height\" content=\"610\" \/>\n\t<meta property=\"og:image:type\" content=\"image\/jpeg\" \/>\n<meta name=\"twitter:card\" content=\"summary_large_image\" \/>\n<script type=\"application\/ld+json\" class=\"yoast-schema-graph\">{\"@context\":\"https:\\\/\\\/schema.org\",\"@graph\":[{\"@type\":\"WebPage\",\"@id\":\"https:\\\/\\\/www.fipwarriors.eu\\\/produkt\\\/lucky-injections\\\/\",\"url\":\"https:\\\/\\\/www.fipwarriors.eu\\\/produkt\\\/lucky-injections\\\/\",\"name\":\"Lucky - FIP Warriors CZ\\\/SK \u00ae\",\"isPartOf\":{\"@id\":\"https:\\\/\\\/www.fipwarriors.eu\\\/#website\"},\"primaryImageOfPage\":{\"@id\":\"https:\\\/\\\/www.fipwarriors.eu\\\/produkt\\\/lucky-injections\\\/#primaryimage\"},\"image\":{\"@id\":\"https:\\\/\\\/www.fipwarriors.eu\\\/produkt\\\/lucky-injections\\\/#primaryimage\"},\"thumbnailUrl\":\"https:\\\/\\\/www.fipwarriors.eu\\\/wp-content\\\/uploads\\\/2020\\\/11\\\/luckylogo.jpg\",\"datePublished\":\"2020-11-05T12:08:17+00:00\",\"dateModified\":\"2024-06-01T07:44:21+00:00\",\"breadcrumb\":{\"@id\":\"https:\\\/\\\/www.fipwarriors.eu\\\/produkt\\\/lucky-injections\\\/#breadcrumb\"},\"inLanguage\":\"en-GB\",\"potentialAction\":[{\"@type\":\"ReadAction\",\"target\":[\"https:\\\/\\\/www.fipwarriors.eu\\\/produkt\\\/lucky-injections\\\/\"]}]},{\"@type\":\"ImageObject\",\"inLanguage\":\"en-GB\",\"@id\":\"https:\\\/\\\/www.fipwarriors.eu\\\/produkt\\\/lucky-injections\\\/#primaryimage\",\"url\":\"https:\\\/\\\/www.fipwarriors.eu\\\/wp-content\\\/uploads\\\/2020\\\/11\\\/luckylogo.jpg\",\"contentUrl\":\"https:\\\/\\\/www.fipwarriors.eu\\\/wp-content\\\/uploads\\\/2020\\\/11\\\/luckylogo.jpg\",\"width\":610,\"height\":610},{\"@type\":\"BreadcrumbList\",\"@id\":\"https:\\\/\\\/www.fipwarriors.eu\\\/produkt\\\/lucky-injections\\\/#breadcrumb\",\"itemListElement\":[{\"@type\":\"ListItem\",\"position\":1,\"name\":\"Domovsk\u00e1 str\u00e1nka\",\"item\":\"https:\\\/\\\/www.fipwarriors.eu\\\/\"},{\"@type\":\"ListItem\",\"position\":2,\"name\":\"Obchod\",\"item\":\"https:\\\/\\\/www.fipwarriors.eu\\\/obchod\\\/\"},{\"@type\":\"ListItem\",\"position\":3,\"name\":\"Lucky\"}]},{\"@type\":\"WebSite\",\"@id\":\"https:\\\/\\\/www.fipwarriors.eu\\\/#website\",\"url\":\"https:\\\/\\\/www.fipwarriors.eu\\\/\",\"name\":\"FIP Warriors CZ\\\/SK \u00ae\",\"description\":\"Pre v\u0161etk\u00fdch FIP bojovn\u00edkov\",\"publisher\":{\"@id\":\"https:\\\/\\\/www.fipwarriors.eu\\\/#organization\"},\"potentialAction\":[{\"@type\":\"SearchAction\",\"target\":{\"@type\":\"EntryPoint\",\"urlTemplate\":\"https:\\\/\\\/www.fipwarriors.eu\\\/?s={search_term_string}\"},\"query-input\":{\"@type\":\"PropertyValueSpecification\",\"valueRequired\":true,\"valueName\":\"search_term_string\"}}],\"inLanguage\":\"en-GB\"},{\"@type\":\"Organization\",\"@id\":\"https:\\\/\\\/www.fipwarriors.eu\\\/#organization\",\"name\":\"FIP Warriors CZ\\\/SK \u00ae\",\"url\":\"https:\\\/\\\/www.fipwarriors.eu\\\/\",\"logo\":{\"@type\":\"ImageObject\",\"inLanguage\":\"en-GB\",\"@id\":\"https:\\\/\\\/www.fipwarriors.eu\\\/#\\\/schema\\\/logo\\\/image\\\/\",\"url\":\"https:\\\/\\\/www.fipwarriors.eu\\\/wp-content\\\/uploads\\\/2021\\\/12\\\/cropped-fip-warriors-logo.png\",\"contentUrl\":\"https:\\\/\\\/www.fipwarriors.eu\\\/wp-content\\\/uploads\\\/2021\\\/12\\\/cropped-fip-warriors-logo.png\",\"width\":315,\"height\":315,\"caption\":\"FIP Warriors CZ\\\/SK \u00ae\"},\"image\":{\"@id\":\"https:\\\/\\\/www.fipwarriors.eu\\\/#\\\/schema\\\/logo\\\/image\\\/\"},\"sameAs\":[\"https:\\\/\\\/www.facebook.com\\\/groups\\\/fipczsk\"]}]}<\/script>\n<!-- \/ Yoast SEO plugin. -->","yoast_head_json":{"title":"Lucky - FIP Warriors CZ\/SK \u00ae","robots":{"index":"noindex","follow":"follow"},"og_locale":"en_GB","og_type":"article","og_title":"Lucky - FIP Warriors CZ\/SK \u00ae","og_description":"Objem: ,","og_url":"https:\/\/www.fipwarriors.eu\/en\/product\/lucky-injections\/","og_site_name":"FIP Warriors CZ\/SK \u00ae","article_publisher":"https:\/\/www.facebook.com\/groups\/fipczsk","article_modified_time":"2024-06-01T07:44:21+00:00","og_image":[{"width":610,"height":610,"url":"https:\/\/www.fipwarriors.eu\/wp-content\/uploads\/2020\/11\/luckylogo.jpg","type":"image\/jpeg"}],"twitter_card":"summary_large_image","schema":{"@context":"https:\/\/schema.org","@graph":[{"@type":"WebPage","@id":"https:\/\/www.fipwarriors.eu\/produkt\/lucky-injections\/","url":"https:\/\/www.fipwarriors.eu\/produkt\/lucky-injections\/","name":"Lucky - FIP Warriors CZ\/SK \u00ae","isPartOf":{"@id":"https:\/\/www.fipwarriors.eu\/#website"},"primaryImageOfPage":{"@id":"https:\/\/www.fipwarriors.eu\/produkt\/lucky-injections\/#primaryimage"},"image":{"@id":"https:\/\/www.fipwarriors.eu\/produkt\/lucky-injections\/#primaryimage"},"thumbnailUrl":"https:\/\/www.fipwarriors.eu\/wp-content\/uploads\/2020\/11\/luckylogo.jpg","datePublished":"2020-11-05T12:08:17+00:00","dateModified":"2024-06-01T07:44:21+00:00","breadcrumb":{"@id":"https:\/\/www.fipwarriors.eu\/produkt\/lucky-injections\/#breadcrumb"},"inLanguage":"en-GB","potentialAction":[{"@type":"ReadAction","target":["https:\/\/www.fipwarriors.eu\/produkt\/lucky-injections\/"]}]},{"@type":"ImageObject","inLanguage":"en-GB","@id":"https:\/\/www.fipwarriors.eu\/produkt\/lucky-injections\/#primaryimage","url":"https:\/\/www.fipwarriors.eu\/wp-content\/uploads\/2020\/11\/luckylogo.jpg","contentUrl":"https:\/\/www.fipwarriors.eu\/wp-content\/uploads\/2020\/11\/luckylogo.jpg","width":610,"height":610},{"@type":"BreadcrumbList","@id":"https:\/\/www.fipwarriors.eu\/produkt\/lucky-injections\/#breadcrumb","itemListElement":[{"@type":"ListItem","position":1,"name":"Domovsk\u00e1 str\u00e1nka","item":"https:\/\/www.fipwarriors.eu\/"},{"@type":"ListItem","position":2,"name":"Obchod","item":"https:\/\/www.fipwarriors.eu\/obchod\/"},{"@type":"ListItem","position":3,"name":"Lucky"}]},{"@type":"WebSite","@id":"https:\/\/www.fipwarriors.eu\/#website","url":"https:\/\/www.fipwarriors.eu\/","name":"FIP Warriors CZ \/ SK \u00ae","description":"For all FIP warriors","publisher":{"@id":"https:\/\/www.fipwarriors.eu\/#organization"},"potentialAction":[{"@type":"SearchAction","target":{"@type":"EntryPoint","urlTemplate":"https:\/\/www.fipwarriors.eu\/?s={search_term_string}"},"query-input":{"@type":"PropertyValueSpecification","valueRequired":true,"valueName":"search_term_string"}}],"inLanguage":"en-GB"},{"@type":"Organization","@id":"https:\/\/www.fipwarriors.eu\/#organization","name":"FIP Warriors CZ \/ SK \u00ae","url":"https:\/\/www.fipwarriors.eu\/","logo":{"@type":"ImageObject","inLanguage":"en-GB","@id":"https:\/\/www.fipwarriors.eu\/#\/schema\/logo\/image\/","url":"https:\/\/www.fipwarriors.eu\/wp-content\/uploads\/2021\/12\/cropped-fip-warriors-logo.png","contentUrl":"https:\/\/www.fipwarriors.eu\/wp-content\/uploads\/2021\/12\/cropped-fip-warriors-logo.png","width":315,"height":315,"caption":"FIP Warriors CZ\/SK \u00ae"},"image":{"@id":"https:\/\/www.fipwarriors.eu\/#\/schema\/logo\/image\/"},"sameAs":["https:\/\/www.facebook.com\/groups\/fipczsk"]}]}},"uagb_featured_image_src":{"full":["https:\/\/www.fipwarriors.eu\/wp-content\/uploads\/2020\/11\/luckylogo.jpg",610,610,false],"thumbnail":["https:\/\/www.fipwarriors.eu\/wp-content\/uploads\/2020\/11\/luckylogo-150x150.jpg",150,150,true],"medium":["https:\/\/www.fipwarriors.eu\/wp-content\/uploads\/2020\/11\/luckylogo-300x300.jpg",300,300,true],"medium_large":["https:\/\/www.fipwarriors.eu\/wp-content\/uploads\/2020\/11\/luckylogo.jpg",525,525,false],"large":["https:\/\/www.fipwarriors.eu\/wp-content\/uploads\/2020\/11\/luckylogo.jpg",525,525,false],"1536x1536":["https:\/\/www.fipwarriors.eu\/wp-content\/uploads\/2020\/11\/luckylogo.jpg",610,610,false],"2048x2048":["https:\/\/www.fipwarriors.eu\/wp-content\/uploads\/2020\/11\/luckylogo.jpg",610,610,false],"trp-custom-language-flag":["https:\/\/www.fipwarriors.eu\/wp-content\/uploads\/2020\/11\/luckylogo-12x12.jpg",12,12,true],"twentyseventeen-featured-image":["https:\/\/www.fipwarriors.eu\/wp-content\/uploads\/2020\/11\/luckylogo.jpg",610,610,false],"twentyseventeen-thumbnail-avatar":["https:\/\/www.fipwarriors.eu\/wp-content\/uploads\/2020\/11\/luckylogo-100x100.jpg",100,100,true],"woocommerce_thumbnail":["https:\/\/www.fipwarriors.eu\/wp-content\/uploads\/2020\/11\/luckylogo-250x250.jpg",250,250,true],"woocommerce_single":["https:\/\/www.fipwarriors.eu\/wp-content\/uploads\/2020\/11\/luckylogo-350x350.jpg",350,350,true],"woocommerce_gallery_thumbnail":["https:\/\/www.fipwarriors.eu\/wp-content\/uploads\/2020\/11\/luckylogo-100x100.jpg",100,100,true]},"uagb_author_info":{"display_name":"L. M.","author_link":"https:\/\/www.fipwarriors.eu\/en\/author\/"},"uagb_comment_info":16,"uagb_excerpt":"Objem: [sc name=\"word_color\" mycolor=\"blue\" myword=\"5,2 ml\"],[sc name=\"word_color\" mycolor=\"red\" myword=\"10,4 ml\"] [sc name=\"buy_link\" buylink=\"https:\/\/www.fip-treatment.com\/\" buyname=\"Lucky\"] [sc name=\"fipwarriors_query\" ]","_links":{"self":[{"href":"https:\/\/www.fipwarriors.eu\/en\/wp-json\/wp\/v2\/product\/2752","targetHints":{"allow":["GET"]}}],"collection":[{"href":"https:\/\/www.fipwarriors.eu\/en\/wp-json\/wp\/v2\/product"}],"about":[{"href":"https:\/\/www.fipwarriors.eu\/en\/wp-json\/wp\/v2\/types\/product"}],"replies":[{"embeddable":true,"href":"https:\/\/www.fipwarriors.eu\/en\/wp-json\/wp\/v2\/comments?post=2752"}],"wp:featuredmedia":[{"embeddable":true,"href":"https:\/\/www.fipwarriors.eu\/en\/wp-json\/wp\/v2\/media\/11132"}],"wp:attachment":[{"href":"https:\/\/www.fipwarriors.eu\/en\/wp-json\/wp\/v2\/media?parent=2752"}],"wp:term":[{"taxonomy":"product_brand","embeddable":true,"href":"https:\/\/www.fipwarriors.eu\/en\/wp-json\/wp\/v2\/product_brand?post=2752"},{"taxonomy":"product_cat","embeddable":true,"href":"https:\/\/www.fipwarriors.eu\/en\/wp-json\/wp\/v2\/product_cat?post=2752"},{"taxonomy":"product_tag","embeddable":true,"href":"https:\/\/www.fipwarriors.eu\/en\/wp-json\/wp\/v2\/product_tag?post=2752"}],"curies":[{"name":"wp","href":"https:\/\/api.w.org\/{rel}","templated":true}]}}