{"id":2926,"date":"2020-11-07T10:26:42","date_gmt":"2020-11-07T09:26:42","guid":{"rendered":"https:\/\/www.fipwarriors.eu\/?post_type=product&#038;p=2926"},"modified":"2023-04-12T21:55:04","modified_gmt":"2023-04-12T19:55:04","slug":"alavis-sanicell","status":"publish","type":"product","link":"https:\/\/www.fipwarriors.eu\/en\/product\/alavis-sanicell\/","title":{"rendered":"Alavis Sanicell"},"content":{"rendered":"<h3 class=\"product-body__specification__heading-title product-body__specification__heading-title--desc-cont-title\"><strong style=\"font-size: 1rem;\">For liver regeneration, immune support and tumor treatment support<\/strong><\/h3>\n<div id=\"full-product-description\" class=\"product-body__full-product-description\">\n<p>Sanicell \u2122 is a patented mixture of Inositol, IP6 (inositol hexaphosphate) and Ca2 + -Mg2 +, which complement each other in their positive effect, while this mixture is enriched with vitamin C and selenium. The main importance of these substances is in strengthening the body&#039;s immunity, increasing protection against cancer and in their significant antioxidant and detoxifying capacity.<\/p>\n<p>Sanicell\u2122 is significantly used in the process of apoptosis (controlled cell death) in a cancer cell. The cancer cell is special in that it does not receive the apoptosis signal, and Sanicell\u2122 is among the substances that are able to &quot;impose&quot; this apoptotic signal on the tumor cell. Although this cell does not become an ordinary cell, it remains undesirable, but it is already possible to force it to die (apoptosis). For the further destruction of cancer cells, the so-called NK (natural killer) cells, which are white blood cells, capable of killing such an unwanted but deadly cell. The activity of these &quot;natural killers&quot; also increases when Sanicella\u2122 is administered.<\/p>\n<p>Sanicell\u00ae is also a powerful antioxidant, preventing the multiplication of free radicals. Furthermore, it is also a proven effective means of suppressing the process of inflammation.<\/p>\n<p>The specific effects of Sanicell \u2122 include its ability to release excess minerals from the body. In this way, it helps prevent the formation of urinary stones and can significantly affect the metabolism of iron and copper (these two elements are not always only positive and desirable, as they support the formation of free radicals). In order not to cause the loss of the necessary calcium and magnesium ions, these ions are part of it.<\/p>\n<p><u>Active substances in Sanicell \u2122:<\/u><br \/>\nSanicell \u2122 - patented mixture of Inositol, IP6 (inositol hexaphosphate) and Ca2 + -Mg2 +<br \/>\nVitamin C<br \/>\nSelenium<\/p>\n<p><u>Effects of Sanicell \u2122:<\/u><\/p>\n<p>- helps to slow down the rate of excessive and uncontrolled cell division<br \/>\n- supports proper cell physiology<br \/>\n- supports the activities of the so-called natural killers (NK cells)<br \/>\n- helps to suppress inflammation<br \/>\n- is a strong antioxidant<br \/>\n- enhances apoptosis (natural programmed death) of carcinogenic cells<br \/>\n- promotes inhibition of metastasis<br \/>\n- supports the activity of the liver and nerve cells<br \/>\nSanicell \u2122 we recommend serving:<\/p>\n<p>- to support the treatment of cancer<br \/>\n- to support immunity<br \/>\n- for liver regeneration<br \/>\n- to lower cholesterol and triacylglycerols<br \/>\n- as an adjunct in the treatment of urinary stones<br \/>\nContent of active ingredients in one tablet:<\/p>\n<p>- patented substance Sanicell - 500 mg<br \/>\n- vitamin C - 20 mg<br \/>\n- selenium - 14 mg<\/p>\n<p><u>Excipients:\u00a0<\/u>calcium carbonate, silica, gelatin containing titanium dioxide, magnesium stearate<br \/>\nDosage table: Weight of dog, cat Daily dose 1 - 5 kg 1\/4 - 1\/2 tablets 5 - 10 kg 1\/2 - 1 tablet 10 - 20 kg 1 - 2 tablets 20 - 30 kg 2 - 3 tablets 30 - 40 kg 3 - 4 tablets 40 - 50 kg 4 - 5 tablets 50 - 60 kg 5 - 6 tablets 60 - 70 kg 6 - 7 tablets 70 and more kg 7 - 8 tablets<br \/>\nHow to use: The capsules are given daily according to the recommended dosage in the animal&#039;s mouth or with a piece of food. The capsule can be divided and the contents mixed with water or a piece of food. Administer at least 30 minutes before diet.<\/p>\n<p><u>Length of use:<\/u>\u00a0It is not limited in time. No serious side effects have been reported with long-term administration.<\/p>\n<p>Note: In the case of cancer, it is possible to increase the daily dose by two to three times at the beginning of administration.<\/p>\n<\/div>","protected":false},"excerpt":{"rendered":"<ul>\n<li>[sc name=\"add_liver\" ]<\/li>\n<li>[sc name=\"buy_cart_only\" ]<a href=\"https:\/\/www.heureka.cz\/?h%5Bfraze%5D=sanicell\" target=\"_blank\" rel=\"noopener noreferrer\">K\u00fapi\u0165<\/a><\/li>\n<\/ul>\n<p class=\"product-body__specification__heading-title product-body__specification__heading-title--desc-cont-title\"><strong style=\"font-size: 1rem;\">Na regeneraci jater, podporu imunity a pro podporu l\u00e9\u010dby n\u00e1dor\u016f<\/strong><\/p>\n","protected":false},"featured_media":2927,"comment_status":"open","ping_status":"closed","template":"","meta":{"_uag_custom_page_level_css":""},"product_brand":[],"product_cat":[153],"product_tag":[],"class_list":{"0":"post-2926","1":"product","2":"type-product","3":"status-publish","4":"has-post-thumbnail","6":"product_cat-pecen-jatra","8":"first","9":"instock","10":"shipping-taxable","11":"product-type-simple"},"featured_image_urls_v2":{"full":["https:\/\/www.fipwarriors.eu\/wp-content\/uploads\/2020\/11\/sanicell-bottle.jpg",800,800,false],"thumbnail":["https:\/\/www.fipwarriors.eu\/wp-content\/uploads\/2020\/11\/sanicell-bottle-150x150.jpg",150,150,true],"medium":["https:\/\/www.fipwarriors.eu\/wp-content\/uploads\/2020\/11\/sanicell-bottle-300x300.jpg",300,300,true],"medium_large":["https:\/\/www.fipwarriors.eu\/wp-content\/uploads\/2020\/11\/sanicell-bottle-768x768.jpg",525,525,true],"large":["https:\/\/www.fipwarriors.eu\/wp-content\/uploads\/2020\/11\/sanicell-bottle.jpg",525,525,false],"1536x1536":["https:\/\/www.fipwarriors.eu\/wp-content\/uploads\/2020\/11\/sanicell-bottle.jpg",800,800,false],"2048x2048":["https:\/\/www.fipwarriors.eu\/wp-content\/uploads\/2020\/11\/sanicell-bottle.jpg",800,800,false],"trp-custom-language-flag":["https:\/\/www.fipwarriors.eu\/wp-content\/uploads\/2020\/11\/sanicell-bottle-12x12.jpg",12,12,true],"twentyseventeen-featured-image":["https:\/\/www.fipwarriors.eu\/wp-content\/uploads\/2020\/11\/sanicell-bottle.jpg",800,800,false],"twentyseventeen-thumbnail-avatar":["https:\/\/www.fipwarriors.eu\/wp-content\/uploads\/2020\/11\/sanicell-bottle-100x100.jpg",100,100,true],"woocommerce_thumbnail":["https:\/\/www.fipwarriors.eu\/wp-content\/uploads\/2020\/11\/sanicell-bottle-250x250.jpg",250,250,true],"woocommerce_single":["https:\/\/www.fipwarriors.eu\/wp-content\/uploads\/2020\/11\/sanicell-bottle-350x350.jpg",350,350,true],"woocommerce_gallery_thumbnail":["https:\/\/www.fipwarriors.eu\/wp-content\/uploads\/2020\/11\/sanicell-bottle-100x100.jpg",100,100,true]},"post_excerpt_stackable_v2":"<ul>\n<li>[sc name=\"add_liver\" ]<\/li>\n<li>[sc name=\"buy_cart_only\" ]<a href=\"https:\/\/www.heureka.cz\/?h%5Bfraze%5D=sanicell\" target=\"_blank\" rel=\"noopener noreferrer\">K\u00fapi\u0165<\/a><\/li>\n<\/ul>\n<p class=\"product-body__specification__heading-title product-body__specification__heading-title--desc-cont-title\"><strong style=\"font-size: 1rem;\">Na regeneraci jater, podporu imunity a pro podporu l\u00e9\u010dby n\u00e1dor\u016f<\/strong><\/p>\n","category_list_v2":"","author_info_v2":{"name":"","url":""},"comments_num_v2":"0 comments","yoast_head":"<!-- This site is optimized with the Yoast SEO plugin v27.5 - https:\/\/yoast.com\/product\/yoast-seo-wordpress\/ -->\n<title>Alavis Sanicell - FIP Warriors CZ\/SK \u00ae<\/title>\n<meta name=\"robots\" content=\"noindex, follow\" \/>\n<meta property=\"og:locale\" content=\"en_GB\" \/>\n<meta property=\"og:type\" content=\"article\" \/>\n<meta property=\"og:title\" content=\"Alavis Sanicell - FIP Warriors CZ\/SK \u00ae\" \/>\n<meta property=\"og:description\" content=\"K\u00fapi\u0165  Na regeneraci jater, podporu imunity a pro podporu l\u00e9\u010dby n\u00e1dor\u016f\" \/>\n<meta property=\"og:url\" content=\"https:\/\/www.fipwarriors.eu\/en\/product\/alavis-sanicell\/\" \/>\n<meta property=\"og:site_name\" content=\"FIP Warriors CZ\/SK \u00ae\" \/>\n<meta property=\"article:publisher\" content=\"https:\/\/www.facebook.com\/groups\/fipczsk\" \/>\n<meta property=\"article:modified_time\" content=\"2023-04-12T19:55:04+00:00\" \/>\n<meta property=\"og:image\" content=\"https:\/\/www.fipwarriors.eu\/wp-content\/uploads\/2020\/11\/sanicell-bottle.jpg\" \/>\n\t<meta property=\"og:image:width\" content=\"800\" \/>\n\t<meta property=\"og:image:height\" content=\"800\" \/>\n\t<meta property=\"og:image:type\" content=\"image\/jpeg\" \/>\n<meta name=\"twitter:card\" content=\"summary_large_image\" \/>\n<meta name=\"twitter:label1\" content=\"Estimated reading time\" \/>\n\t<meta name=\"twitter:data1\" content=\"3 minutes\" \/>\n<script type=\"application\/ld+json\" class=\"yoast-schema-graph\">{\"@context\":\"https:\\\/\\\/schema.org\",\"@graph\":[{\"@type\":\"WebPage\",\"@id\":\"https:\\\/\\\/www.fipwarriors.eu\\\/produkt\\\/alavis-sanicell\\\/\",\"url\":\"https:\\\/\\\/www.fipwarriors.eu\\\/produkt\\\/alavis-sanicell\\\/\",\"name\":\"Alavis Sanicell - FIP Warriors CZ\\\/SK \u00ae\",\"isPartOf\":{\"@id\":\"https:\\\/\\\/www.fipwarriors.eu\\\/#website\"},\"primaryImageOfPage\":{\"@id\":\"https:\\\/\\\/www.fipwarriors.eu\\\/produkt\\\/alavis-sanicell\\\/#primaryimage\"},\"image\":{\"@id\":\"https:\\\/\\\/www.fipwarriors.eu\\\/produkt\\\/alavis-sanicell\\\/#primaryimage\"},\"thumbnailUrl\":\"https:\\\/\\\/www.fipwarriors.eu\\\/wp-content\\\/uploads\\\/2020\\\/11\\\/sanicell-bottle.jpg\",\"datePublished\":\"2020-11-07T09:26:42+00:00\",\"dateModified\":\"2023-04-12T19:55:04+00:00\",\"breadcrumb\":{\"@id\":\"https:\\\/\\\/www.fipwarriors.eu\\\/produkt\\\/alavis-sanicell\\\/#breadcrumb\"},\"inLanguage\":\"en-GB\",\"potentialAction\":[{\"@type\":\"ReadAction\",\"target\":[\"https:\\\/\\\/www.fipwarriors.eu\\\/produkt\\\/alavis-sanicell\\\/\"]}]},{\"@type\":\"ImageObject\",\"inLanguage\":\"en-GB\",\"@id\":\"https:\\\/\\\/www.fipwarriors.eu\\\/produkt\\\/alavis-sanicell\\\/#primaryimage\",\"url\":\"https:\\\/\\\/www.fipwarriors.eu\\\/wp-content\\\/uploads\\\/2020\\\/11\\\/sanicell-bottle.jpg\",\"contentUrl\":\"https:\\\/\\\/www.fipwarriors.eu\\\/wp-content\\\/uploads\\\/2020\\\/11\\\/sanicell-bottle.jpg\",\"width\":800,\"height\":800},{\"@type\":\"BreadcrumbList\",\"@id\":\"https:\\\/\\\/www.fipwarriors.eu\\\/produkt\\\/alavis-sanicell\\\/#breadcrumb\",\"itemListElement\":[{\"@type\":\"ListItem\",\"position\":1,\"name\":\"Domovsk\u00e1 str\u00e1nka\",\"item\":\"https:\\\/\\\/www.fipwarriors.eu\\\/\"},{\"@type\":\"ListItem\",\"position\":2,\"name\":\"Obchod\",\"item\":\"https:\\\/\\\/www.fipwarriors.eu\\\/obchod\\\/\"},{\"@type\":\"ListItem\",\"position\":3,\"name\":\"Alavis Sanicell\"}]},{\"@type\":\"WebSite\",\"@id\":\"https:\\\/\\\/www.fipwarriors.eu\\\/#website\",\"url\":\"https:\\\/\\\/www.fipwarriors.eu\\\/\",\"name\":\"FIP Warriors CZ\\\/SK \u00ae\",\"description\":\"Pre v\u0161etk\u00fdch FIP bojovn\u00edkov\",\"publisher\":{\"@id\":\"https:\\\/\\\/www.fipwarriors.eu\\\/#organization\"},\"potentialAction\":[{\"@type\":\"SearchAction\",\"target\":{\"@type\":\"EntryPoint\",\"urlTemplate\":\"https:\\\/\\\/www.fipwarriors.eu\\\/?s={search_term_string}\"},\"query-input\":{\"@type\":\"PropertyValueSpecification\",\"valueRequired\":true,\"valueName\":\"search_term_string\"}}],\"inLanguage\":\"en-GB\"},{\"@type\":\"Organization\",\"@id\":\"https:\\\/\\\/www.fipwarriors.eu\\\/#organization\",\"name\":\"FIP Warriors CZ\\\/SK \u00ae\",\"url\":\"https:\\\/\\\/www.fipwarriors.eu\\\/\",\"logo\":{\"@type\":\"ImageObject\",\"inLanguage\":\"en-GB\",\"@id\":\"https:\\\/\\\/www.fipwarriors.eu\\\/#\\\/schema\\\/logo\\\/image\\\/\",\"url\":\"https:\\\/\\\/www.fipwarriors.eu\\\/wp-content\\\/uploads\\\/2021\\\/12\\\/cropped-fip-warriors-logo.png\",\"contentUrl\":\"https:\\\/\\\/www.fipwarriors.eu\\\/wp-content\\\/uploads\\\/2021\\\/12\\\/cropped-fip-warriors-logo.png\",\"width\":315,\"height\":315,\"caption\":\"FIP Warriors CZ\\\/SK \u00ae\"},\"image\":{\"@id\":\"https:\\\/\\\/www.fipwarriors.eu\\\/#\\\/schema\\\/logo\\\/image\\\/\"},\"sameAs\":[\"https:\\\/\\\/www.facebook.com\\\/groups\\\/fipczsk\"]}]}<\/script>\n<!-- \/ Yoast SEO plugin. -->","yoast_head_json":{"title":"Alavis Sanicell - FIP Warriors CZ\/SK \u00ae","robots":{"index":"noindex","follow":"follow"},"og_locale":"en_GB","og_type":"article","og_title":"Alavis Sanicell - FIP Warriors CZ\/SK \u00ae","og_description":"K\u00fapi\u0165  Na regeneraci jater, podporu imunity a pro podporu l\u00e9\u010dby n\u00e1dor\u016f","og_url":"https:\/\/www.fipwarriors.eu\/en\/product\/alavis-sanicell\/","og_site_name":"FIP Warriors CZ\/SK \u00ae","article_publisher":"https:\/\/www.facebook.com\/groups\/fipczsk","article_modified_time":"2023-04-12T19:55:04+00:00","og_image":[{"width":800,"height":800,"url":"https:\/\/www.fipwarriors.eu\/wp-content\/uploads\/2020\/11\/sanicell-bottle.jpg","type":"image\/jpeg"}],"twitter_card":"summary_large_image","twitter_misc":{"Estimated reading time":"3 minutes"},"schema":{"@context":"https:\/\/schema.org","@graph":[{"@type":"WebPage","@id":"https:\/\/www.fipwarriors.eu\/produkt\/alavis-sanicell\/","url":"https:\/\/www.fipwarriors.eu\/produkt\/alavis-sanicell\/","name":"Alavis Sanicell - FIP Warriors CZ\/SK \u00ae","isPartOf":{"@id":"https:\/\/www.fipwarriors.eu\/#website"},"primaryImageOfPage":{"@id":"https:\/\/www.fipwarriors.eu\/produkt\/alavis-sanicell\/#primaryimage"},"image":{"@id":"https:\/\/www.fipwarriors.eu\/produkt\/alavis-sanicell\/#primaryimage"},"thumbnailUrl":"https:\/\/www.fipwarriors.eu\/wp-content\/uploads\/2020\/11\/sanicell-bottle.jpg","datePublished":"2020-11-07T09:26:42+00:00","dateModified":"2023-04-12T19:55:04+00:00","breadcrumb":{"@id":"https:\/\/www.fipwarriors.eu\/produkt\/alavis-sanicell\/#breadcrumb"},"inLanguage":"en-GB","potentialAction":[{"@type":"ReadAction","target":["https:\/\/www.fipwarriors.eu\/produkt\/alavis-sanicell\/"]}]},{"@type":"ImageObject","inLanguage":"en-GB","@id":"https:\/\/www.fipwarriors.eu\/produkt\/alavis-sanicell\/#primaryimage","url":"https:\/\/www.fipwarriors.eu\/wp-content\/uploads\/2020\/11\/sanicell-bottle.jpg","contentUrl":"https:\/\/www.fipwarriors.eu\/wp-content\/uploads\/2020\/11\/sanicell-bottle.jpg","width":800,"height":800},{"@type":"BreadcrumbList","@id":"https:\/\/www.fipwarriors.eu\/produkt\/alavis-sanicell\/#breadcrumb","itemListElement":[{"@type":"ListItem","position":1,"name":"Domovsk\u00e1 str\u00e1nka","item":"https:\/\/www.fipwarriors.eu\/"},{"@type":"ListItem","position":2,"name":"Obchod","item":"https:\/\/www.fipwarriors.eu\/obchod\/"},{"@type":"ListItem","position":3,"name":"Alavis Sanicell"}]},{"@type":"WebSite","@id":"https:\/\/www.fipwarriors.eu\/#website","url":"https:\/\/www.fipwarriors.eu\/","name":"FIP Warriors CZ \/ SK \u00ae","description":"For all FIP warriors","publisher":{"@id":"https:\/\/www.fipwarriors.eu\/#organization"},"potentialAction":[{"@type":"SearchAction","target":{"@type":"EntryPoint","urlTemplate":"https:\/\/www.fipwarriors.eu\/?s={search_term_string}"},"query-input":{"@type":"PropertyValueSpecification","valueRequired":true,"valueName":"search_term_string"}}],"inLanguage":"en-GB"},{"@type":"Organization","@id":"https:\/\/www.fipwarriors.eu\/#organization","name":"FIP Warriors CZ \/ SK \u00ae","url":"https:\/\/www.fipwarriors.eu\/","logo":{"@type":"ImageObject","inLanguage":"en-GB","@id":"https:\/\/www.fipwarriors.eu\/#\/schema\/logo\/image\/","url":"https:\/\/www.fipwarriors.eu\/wp-content\/uploads\/2021\/12\/cropped-fip-warriors-logo.png","contentUrl":"https:\/\/www.fipwarriors.eu\/wp-content\/uploads\/2021\/12\/cropped-fip-warriors-logo.png","width":315,"height":315,"caption":"FIP Warriors CZ\/SK \u00ae"},"image":{"@id":"https:\/\/www.fipwarriors.eu\/#\/schema\/logo\/image\/"},"sameAs":["https:\/\/www.facebook.com\/groups\/fipczsk"]}]}},"uagb_featured_image_src":{"full":["https:\/\/www.fipwarriors.eu\/wp-content\/uploads\/2020\/11\/sanicell-bottle.jpg",800,800,false],"thumbnail":["https:\/\/www.fipwarriors.eu\/wp-content\/uploads\/2020\/11\/sanicell-bottle-150x150.jpg",150,150,true],"medium":["https:\/\/www.fipwarriors.eu\/wp-content\/uploads\/2020\/11\/sanicell-bottle-300x300.jpg",300,300,true],"medium_large":["https:\/\/www.fipwarriors.eu\/wp-content\/uploads\/2020\/11\/sanicell-bottle-768x768.jpg",525,525,true],"large":["https:\/\/www.fipwarriors.eu\/wp-content\/uploads\/2020\/11\/sanicell-bottle.jpg",525,525,false],"1536x1536":["https:\/\/www.fipwarriors.eu\/wp-content\/uploads\/2020\/11\/sanicell-bottle.jpg",800,800,false],"2048x2048":["https:\/\/www.fipwarriors.eu\/wp-content\/uploads\/2020\/11\/sanicell-bottle.jpg",800,800,false],"trp-custom-language-flag":["https:\/\/www.fipwarriors.eu\/wp-content\/uploads\/2020\/11\/sanicell-bottle-12x12.jpg",12,12,true],"twentyseventeen-featured-image":["https:\/\/www.fipwarriors.eu\/wp-content\/uploads\/2020\/11\/sanicell-bottle.jpg",800,800,false],"twentyseventeen-thumbnail-avatar":["https:\/\/www.fipwarriors.eu\/wp-content\/uploads\/2020\/11\/sanicell-bottle-100x100.jpg",100,100,true],"woocommerce_thumbnail":["https:\/\/www.fipwarriors.eu\/wp-content\/uploads\/2020\/11\/sanicell-bottle-250x250.jpg",250,250,true],"woocommerce_single":["https:\/\/www.fipwarriors.eu\/wp-content\/uploads\/2020\/11\/sanicell-bottle-350x350.jpg",350,350,true],"woocommerce_gallery_thumbnail":["https:\/\/www.fipwarriors.eu\/wp-content\/uploads\/2020\/11\/sanicell-bottle-100x100.jpg",100,100,true]},"uagb_author_info":{"display_name":"L. M.","author_link":"https:\/\/www.fipwarriors.eu\/en\/author\/"},"uagb_comment_info":0,"uagb_excerpt":"[sc name=\"add_liver\" ] [sc name=\"buy_cart_only\" ]K\u00fapi\u0165 Na regeneraci jater, podporu imunity a pro podporu l\u00e9\u010dby n\u00e1dor\u016f","_links":{"self":[{"href":"https:\/\/www.fipwarriors.eu\/en\/wp-json\/wp\/v2\/product\/2926","targetHints":{"allow":["GET"]}}],"collection":[{"href":"https:\/\/www.fipwarriors.eu\/en\/wp-json\/wp\/v2\/product"}],"about":[{"href":"https:\/\/www.fipwarriors.eu\/en\/wp-json\/wp\/v2\/types\/product"}],"replies":[{"embeddable":true,"href":"https:\/\/www.fipwarriors.eu\/en\/wp-json\/wp\/v2\/comments?post=2926"}],"wp:featuredmedia":[{"embeddable":true,"href":"https:\/\/www.fipwarriors.eu\/en\/wp-json\/wp\/v2\/media\/2927"}],"wp:attachment":[{"href":"https:\/\/www.fipwarriors.eu\/en\/wp-json\/wp\/v2\/media?parent=2926"}],"wp:term":[{"taxonomy":"product_brand","embeddable":true,"href":"https:\/\/www.fipwarriors.eu\/en\/wp-json\/wp\/v2\/product_brand?post=2926"},{"taxonomy":"product_cat","embeddable":true,"href":"https:\/\/www.fipwarriors.eu\/en\/wp-json\/wp\/v2\/product_cat?post=2926"},{"taxonomy":"product_tag","embeddable":true,"href":"https:\/\/www.fipwarriors.eu\/en\/wp-json\/wp\/v2\/product_tag?post=2926"}],"curies":[{"name":"wp","href":"https:\/\/api.w.org\/{rel}","templated":true}]}}