{"id":3011,"date":"2020-11-08T09:49:32","date_gmt":"2020-11-08T08:49:32","guid":{"rendered":"https:\/\/www.fipwarriors.eu\/?post_type=product&#038;p=3011"},"modified":"2023-04-12T21:55:04","modified_gmt":"2023-04-12T19:55:04","slug":"liver-max","status":"publish","type":"product","link":"https:\/\/www.fipwarriors.eu\/en\/product\/liver-max\/","title":{"rendered":"Liver Max"},"content":{"rendered":"<h3>WHAT IS LIVER MAX?<\/h3>\n<p>The comprehensive Liver MAX formula was developed to support normal liver function and cleansing. It is full of natural extracts and amino acids that complement each other perfectly and function as one extremely effective antioxidant.<\/p>\n<p>Liver MAX contains 12 functional substances that work synergistically in various ways and support their effects. The basis is a standardized extract of milk thistle, which offers 80% silymarin. The flavonoid complex silymarin is considered to be the main biologically active substance. Milk thistle promotes cell regeneration and liver health, which help remove toxic substances from the body. Another important substance is the extract of artichoke - from the leaf and from the whole. The leaf extract is standardized to 5% Cynarin, which acts on liver and kidney cells. The whole artichoke extract enhances the effect of Cynarin, so they complement each other perfectly. Other substances are described in detail below.<\/p>\n<p><strong>Synergistic functioning of substances:<\/strong><\/p>\n<p><img loading=\"lazy\" decoding=\"async\" src=\"https:\/\/czechvirus.cz\/img\/cms\/img\/jatra.png\" alt=\"J\u00e1tra\" width=\"1100\" height=\"500\" \/><\/p>\n<h3>WHAT IS IN LIVER MAX?<\/h3>\n<p><strong>Milk thistle\u00a0<\/strong>(80% silymarin - standardized seed extract)<br \/>\nMilk thistle is used as an anti-oxidant (10 times stronger than vitamin E). It has been used since time immemorial primarily to support proper liver function. It can stimulate protein synthesis in the liver and thus helps the liver to replace damaged cells. Sylimarin increases hepatic Glutathione levels by up to 35%.<\/p>\n<p><strong>Artichoke extract\u00a0<\/strong>(sheet, standardized to 5% Cynarin)<br \/>\nCynarin is a derivative of organic caffeic acid that acts on the cells of the liver and kidneys and increases the production of bile and urine. The bile that is excreted after taking artichokes is thinner and more fluid, which reduces the burden on the liver, while helping artichokes remove unwanted substances from the blood.<\/p>\n<p><strong>Artichoke extract<\/strong>\u00a0(whole)<br \/>\nArtichoke substances help Cynarin to increase its effect (see above).<\/p>\n<p><strong>N-Acetyl-L-Cysteine<\/strong><br \/>\nN-acetyl-L-cysteine is an altered form of the non-essential amino acid L-cysteine that has been attached to an acetyl group. The acetyl form of cysteine is a precursor of the powerful antioxidant glutathione. Lack of this substance can be the reason for slow recovery after training and poorer protection against injuries.<\/p>\n<p><strong>Methionine<\/strong><br \/>\nL-Methionine is a free-form amino acid that contributes to the synthesis of SAMe and L-cysteine, which is part of Glutathione.<\/p>\n<p><strong>Inositol<\/strong><br \/>\nTogether with choline, these ingredients are ideal so that fats do not accumulate in the liver and improve their transport and metabolism.<\/p>\n<p><strong>Choline Bitartrate<\/strong><br \/>\nCholine helps maintain normal liver function and normal lipid metabolism. In addition, it complements Inositol perfectly.<\/p>\n<p><strong>Glutathione<\/strong><br \/>\nGlutathione is an antioxidant used by every cell in the body. Glutathione supplementation is suitable for promoting self-glutathione in cells and thus maintains the effectiveness of the entire glutathione system.<\/p>\n<p><strong>SAMe<\/strong><br \/>\nSAMe is an abbreviation for S-Adenosyl-L-Methionine. This form is being studied in patients with cirrhosis of the liver or steatosis (fattening) of the liver. A study in 52 healthy people found an increase in serum ALT (Alanine aminotransferase) over 8 weeks of supplementation by 22%. Other studies on SAMe include a head effect on osteoarthritis and depression.<\/p>\n<p><strong>Vitamin B2\u00a0<\/strong>(Riboflavin)<br \/>\nRiboflavin is an important substance that contributes to normal energy metabolism. It has antioxidant activity in the body. It contributes to the normal functioning of the nervous system and to the reduction of fatigue and exhaustion.<\/p>\n<p><strong>Vitamin B6<\/strong>\u00a0(Pyridoxine HCl)<br \/>\nIt contributes to the normal synthesis of cysteine, to the normal metabolism of homocysteine, to the normal function of the immune system.<\/p>\n<p><strong>Vitamin B1<\/strong>\u00a0(Thiamin HCl)<br \/>\nThiamine contributes to the normal functioning of the nervous system and the heart.<\/p>","protected":false},"excerpt":{"rendered":"<ul>\n<li>[sc name=\"add_liver\" ]<\/li>\n<li>[sc name=\"buy_cart_only\" ]<a href=\"https:\/\/czechvirus.cz\/produkty\/73-liver-max\" target=\"_blank\" rel=\"noopener noreferrer\">K\u00fapi\u0165<\/a><\/li>\n<\/ul>\n<p class=\"product-body__specification__heading-title product-body__specification__heading-title--desc-cont-title\">Komplexn\u00ed formula Liver MAX byla vyvinuta jako podpora pro norm\u00e1ln\u00ed funkci jater v t\u011ble a vy\u010di\u0161t\u011bn\u00ed. Je pln\u00e1 p\u0159\u00edrodn\u00edch extrakt\u016f a aminokyselin, kter\u00e9 se v\u00fdborn\u011b dopl\u0148uj\u00ed a funguj\u00ed jako jeden extr\u00e9mn\u011b \u00fa\u010dinn\u00fd antioxidant.<\/p>\n<p>Pr\u00edpravok je ur\u010den\u00fd pre hum\u00e1nne pou\u017eitie, ale vzh\u013eadom na jeho unik\u00e1tnos\u0165\u00a0 stoj\u00ed za zv\u00e1\u017eenie aj pou\u017eitie u ma\u010diek. D\u00e1vkovanie u ma\u010dky cca 1\/2 kapsle denne.<\/p>\n","protected":false},"featured_media":3012,"comment_status":"open","ping_status":"closed","template":"","meta":{"_uag_custom_page_level_css":""},"product_brand":[],"product_cat":[153],"product_tag":[],"class_list":{"0":"post-3011","1":"product","2":"type-product","3":"status-publish","4":"has-post-thumbnail","6":"product_cat-pecen-jatra","8":"first","9":"instock","10":"shipping-taxable","11":"product-type-simple"},"featured_image_urls_v2":{"full":["https:\/\/www.fipwarriors.eu\/wp-content\/uploads\/2020\/11\/liver-max-crop.png",573,573,false],"thumbnail":["https:\/\/www.fipwarriors.eu\/wp-content\/uploads\/2020\/11\/liver-max-crop-150x150.png",150,150,true],"medium":["https:\/\/www.fipwarriors.eu\/wp-content\/uploads\/2020\/11\/liver-max-crop-300x300.png",300,300,true],"medium_large":["https:\/\/www.fipwarriors.eu\/wp-content\/uploads\/2020\/11\/liver-max-crop.png",525,525,false],"large":["https:\/\/www.fipwarriors.eu\/wp-content\/uploads\/2020\/11\/liver-max-crop.png",525,525,false],"1536x1536":["https:\/\/www.fipwarriors.eu\/wp-content\/uploads\/2020\/11\/liver-max-crop.png",573,573,false],"2048x2048":["https:\/\/www.fipwarriors.eu\/wp-content\/uploads\/2020\/11\/liver-max-crop.png",573,573,false],"trp-custom-language-flag":["https:\/\/www.fipwarriors.eu\/wp-content\/uploads\/2020\/11\/liver-max-crop-12x12.png",12,12,true],"twentyseventeen-featured-image":["https:\/\/www.fipwarriors.eu\/wp-content\/uploads\/2020\/11\/liver-max-crop.png",573,573,false],"twentyseventeen-thumbnail-avatar":["https:\/\/www.fipwarriors.eu\/wp-content\/uploads\/2020\/11\/liver-max-crop-100x100.png",100,100,true],"woocommerce_thumbnail":["https:\/\/www.fipwarriors.eu\/wp-content\/uploads\/2020\/11\/liver-max-crop-250x250.png",250,250,true],"woocommerce_single":["https:\/\/www.fipwarriors.eu\/wp-content\/uploads\/2020\/11\/liver-max-crop-350x350.png",350,350,true],"woocommerce_gallery_thumbnail":["https:\/\/www.fipwarriors.eu\/wp-content\/uploads\/2020\/11\/liver-max-crop-100x100.png",100,100,true]},"post_excerpt_stackable_v2":"<ul>\n<li>[sc name=\"add_liver\" ]<\/li>\n<li>[sc name=\"buy_cart_only\" ]<a href=\"https:\/\/czechvirus.cz\/produkty\/73-liver-max\" target=\"_blank\" rel=\"noopener noreferrer\">K\u00fapi\u0165<\/a><\/li>\n<\/ul>\n<p class=\"product-body__specification__heading-title product-body__specification__heading-title--desc-cont-title\">Komplexn\u00ed formula Liver MAX byla vyvinuta jako podpora pro norm\u00e1ln\u00ed funkci jater v t\u011ble a vy\u010di\u0161t\u011bn\u00ed. Je pln\u00e1 p\u0159\u00edrodn\u00edch extrakt\u016f a aminokyselin, kter\u00e9 se v\u00fdborn\u011b dopl\u0148uj\u00ed a funguj\u00ed jako jeden extr\u00e9mn\u011b \u00fa\u010dinn\u00fd antioxidant.<\/p>\n<p>Pr\u00edpravok je ur\u010den\u00fd pre hum\u00e1nne pou\u017eitie, ale vzh\u013eadom na jeho unik\u00e1tnos\u0165\u00a0 stoj\u00ed za zv\u00e1\u017eenie aj pou\u017eitie u ma\u010diek. D\u00e1vkovanie u ma\u010dky cca 1\/2 kapsle denne.<\/p>\n","category_list_v2":"","author_info_v2":{"name":"","url":""},"comments_num_v2":"2 comments","yoast_head":"<!-- This site is optimized with the Yoast SEO plugin v27.5 - https:\/\/yoast.com\/product\/yoast-seo-wordpress\/ -->\n<title>Liver Max - FIP Warriors CZ\/SK \u00ae<\/title>\n<meta name=\"robots\" content=\"noindex, follow\" \/>\n<meta property=\"og:locale\" content=\"en_GB\" \/>\n<meta property=\"og:type\" content=\"article\" \/>\n<meta property=\"og:title\" content=\"Liver Max - FIP Warriors CZ\/SK \u00ae\" \/>\n<meta property=\"og:description\" content=\"K\u00fapi\u0165  Komplexn\u00ed formula Liver MAX byla vyvinuta jako podpora pro norm\u00e1ln\u00ed funkci jater v t\u011ble a vy\u010di\u0161t\u011bn\u00ed. Je pln\u00e1 p\u0159\u00edrodn\u00edch extrakt\u016f a aminokyselin, kter\u00e9 se v\u00fdborn\u011b dopl\u0148uj\u00ed a funguj\u00ed jako jeden extr\u00e9mn\u011b \u00fa\u010dinn\u00fd antioxidant. Pr\u00edpravok je ur\u010den\u00fd pre hum\u00e1nne pou\u017eitie, ale vzh\u013eadom na jeho unik\u00e1tnos\u0165\u00a0 stoj\u00ed za zv\u00e1\u017eenie aj pou\u017eitie u ma\u010diek. D\u00e1vkovanie u ma\u010dky cca 1\/2 kapsle denne.\" \/>\n<meta property=\"og:url\" content=\"https:\/\/www.fipwarriors.eu\/en\/product\/liver-max\/\" \/>\n<meta property=\"og:site_name\" content=\"FIP Warriors CZ\/SK \u00ae\" \/>\n<meta property=\"article:publisher\" content=\"https:\/\/www.facebook.com\/groups\/fipczsk\" \/>\n<meta property=\"article:modified_time\" content=\"2023-04-12T19:55:04+00:00\" \/>\n<meta property=\"og:image\" content=\"https:\/\/www.fipwarriors.eu\/wp-content\/uploads\/2020\/11\/liver-max-crop.png\" \/>\n\t<meta property=\"og:image:width\" content=\"573\" \/>\n\t<meta property=\"og:image:height\" content=\"573\" \/>\n\t<meta property=\"og:image:type\" content=\"image\/png\" \/>\n<meta name=\"twitter:card\" content=\"summary_large_image\" \/>\n<meta name=\"twitter:label1\" content=\"Estimated reading time\" \/>\n\t<meta name=\"twitter:data1\" content=\"3 minutes\" \/>\n<script type=\"application\/ld+json\" class=\"yoast-schema-graph\">{\"@context\":\"https:\\\/\\\/schema.org\",\"@graph\":[{\"@type\":\"WebPage\",\"@id\":\"https:\\\/\\\/www.fipwarriors.eu\\\/produkt\\\/liver-max\\\/\",\"url\":\"https:\\\/\\\/www.fipwarriors.eu\\\/produkt\\\/liver-max\\\/\",\"name\":\"Liver Max - FIP Warriors CZ\\\/SK \u00ae\",\"isPartOf\":{\"@id\":\"https:\\\/\\\/www.fipwarriors.eu\\\/#website\"},\"primaryImageOfPage\":{\"@id\":\"https:\\\/\\\/www.fipwarriors.eu\\\/produkt\\\/liver-max\\\/#primaryimage\"},\"image\":{\"@id\":\"https:\\\/\\\/www.fipwarriors.eu\\\/produkt\\\/liver-max\\\/#primaryimage\"},\"thumbnailUrl\":\"https:\\\/\\\/www.fipwarriors.eu\\\/wp-content\\\/uploads\\\/2020\\\/11\\\/liver-max-crop.png\",\"datePublished\":\"2020-11-08T08:49:32+00:00\",\"dateModified\":\"2023-04-12T19:55:04+00:00\",\"breadcrumb\":{\"@id\":\"https:\\\/\\\/www.fipwarriors.eu\\\/produkt\\\/liver-max\\\/#breadcrumb\"},\"inLanguage\":\"en-GB\",\"potentialAction\":[{\"@type\":\"ReadAction\",\"target\":[\"https:\\\/\\\/www.fipwarriors.eu\\\/produkt\\\/liver-max\\\/\"]}]},{\"@type\":\"ImageObject\",\"inLanguage\":\"en-GB\",\"@id\":\"https:\\\/\\\/www.fipwarriors.eu\\\/produkt\\\/liver-max\\\/#primaryimage\",\"url\":\"https:\\\/\\\/www.fipwarriors.eu\\\/wp-content\\\/uploads\\\/2020\\\/11\\\/liver-max-crop.png\",\"contentUrl\":\"https:\\\/\\\/www.fipwarriors.eu\\\/wp-content\\\/uploads\\\/2020\\\/11\\\/liver-max-crop.png\",\"width\":573,\"height\":573},{\"@type\":\"BreadcrumbList\",\"@id\":\"https:\\\/\\\/www.fipwarriors.eu\\\/produkt\\\/liver-max\\\/#breadcrumb\",\"itemListElement\":[{\"@type\":\"ListItem\",\"position\":1,\"name\":\"Domovsk\u00e1 str\u00e1nka\",\"item\":\"https:\\\/\\\/www.fipwarriors.eu\\\/\"},{\"@type\":\"ListItem\",\"position\":2,\"name\":\"Obchod\",\"item\":\"https:\\\/\\\/www.fipwarriors.eu\\\/obchod\\\/\"},{\"@type\":\"ListItem\",\"position\":3,\"name\":\"Liver Max\"}]},{\"@type\":\"WebSite\",\"@id\":\"https:\\\/\\\/www.fipwarriors.eu\\\/#website\",\"url\":\"https:\\\/\\\/www.fipwarriors.eu\\\/\",\"name\":\"FIP Warriors CZ\\\/SK \u00ae\",\"description\":\"Pre v\u0161etk\u00fdch FIP bojovn\u00edkov\",\"publisher\":{\"@id\":\"https:\\\/\\\/www.fipwarriors.eu\\\/#organization\"},\"potentialAction\":[{\"@type\":\"SearchAction\",\"target\":{\"@type\":\"EntryPoint\",\"urlTemplate\":\"https:\\\/\\\/www.fipwarriors.eu\\\/?s={search_term_string}\"},\"query-input\":{\"@type\":\"PropertyValueSpecification\",\"valueRequired\":true,\"valueName\":\"search_term_string\"}}],\"inLanguage\":\"en-GB\"},{\"@type\":\"Organization\",\"@id\":\"https:\\\/\\\/www.fipwarriors.eu\\\/#organization\",\"name\":\"FIP Warriors CZ\\\/SK \u00ae\",\"url\":\"https:\\\/\\\/www.fipwarriors.eu\\\/\",\"logo\":{\"@type\":\"ImageObject\",\"inLanguage\":\"en-GB\",\"@id\":\"https:\\\/\\\/www.fipwarriors.eu\\\/#\\\/schema\\\/logo\\\/image\\\/\",\"url\":\"https:\\\/\\\/www.fipwarriors.eu\\\/wp-content\\\/uploads\\\/2021\\\/12\\\/cropped-fip-warriors-logo.png\",\"contentUrl\":\"https:\\\/\\\/www.fipwarriors.eu\\\/wp-content\\\/uploads\\\/2021\\\/12\\\/cropped-fip-warriors-logo.png\",\"width\":315,\"height\":315,\"caption\":\"FIP Warriors CZ\\\/SK \u00ae\"},\"image\":{\"@id\":\"https:\\\/\\\/www.fipwarriors.eu\\\/#\\\/schema\\\/logo\\\/image\\\/\"},\"sameAs\":[\"https:\\\/\\\/www.facebook.com\\\/groups\\\/fipczsk\"]}]}<\/script>\n<!-- \/ Yoast SEO plugin. -->","yoast_head_json":{"title":"Liver Max - FIP Warriors CZ\/SK \u00ae","robots":{"index":"noindex","follow":"follow"},"og_locale":"en_GB","og_type":"article","og_title":"Liver Max - FIP Warriors CZ\/SK \u00ae","og_description":"K\u00fapi\u0165  Komplexn\u00ed formula Liver MAX byla vyvinuta jako podpora pro norm\u00e1ln\u00ed funkci jater v t\u011ble a vy\u010di\u0161t\u011bn\u00ed. Je pln\u00e1 p\u0159\u00edrodn\u00edch extrakt\u016f a aminokyselin, kter\u00e9 se v\u00fdborn\u011b dopl\u0148uj\u00ed a funguj\u00ed jako jeden extr\u00e9mn\u011b \u00fa\u010dinn\u00fd antioxidant. Pr\u00edpravok je ur\u010den\u00fd pre hum\u00e1nne pou\u017eitie, ale vzh\u013eadom na jeho unik\u00e1tnos\u0165\u00a0 stoj\u00ed za zv\u00e1\u017eenie aj pou\u017eitie u ma\u010diek. D\u00e1vkovanie u ma\u010dky cca 1\/2 kapsle denne.","og_url":"https:\/\/www.fipwarriors.eu\/en\/product\/liver-max\/","og_site_name":"FIP Warriors CZ\/SK \u00ae","article_publisher":"https:\/\/www.facebook.com\/groups\/fipczsk","article_modified_time":"2023-04-12T19:55:04+00:00","og_image":[{"width":573,"height":573,"url":"https:\/\/www.fipwarriors.eu\/wp-content\/uploads\/2020\/11\/liver-max-crop.png","type":"image\/png"}],"twitter_card":"summary_large_image","twitter_misc":{"Estimated reading time":"3 minutes"},"schema":{"@context":"https:\/\/schema.org","@graph":[{"@type":"WebPage","@id":"https:\/\/www.fipwarriors.eu\/produkt\/liver-max\/","url":"https:\/\/www.fipwarriors.eu\/produkt\/liver-max\/","name":"Liver Max - FIP Warriors CZ\/SK \u00ae","isPartOf":{"@id":"https:\/\/www.fipwarriors.eu\/#website"},"primaryImageOfPage":{"@id":"https:\/\/www.fipwarriors.eu\/produkt\/liver-max\/#primaryimage"},"image":{"@id":"https:\/\/www.fipwarriors.eu\/produkt\/liver-max\/#primaryimage"},"thumbnailUrl":"https:\/\/www.fipwarriors.eu\/wp-content\/uploads\/2020\/11\/liver-max-crop.png","datePublished":"2020-11-08T08:49:32+00:00","dateModified":"2023-04-12T19:55:04+00:00","breadcrumb":{"@id":"https:\/\/www.fipwarriors.eu\/produkt\/liver-max\/#breadcrumb"},"inLanguage":"en-GB","potentialAction":[{"@type":"ReadAction","target":["https:\/\/www.fipwarriors.eu\/produkt\/liver-max\/"]}]},{"@type":"ImageObject","inLanguage":"en-GB","@id":"https:\/\/www.fipwarriors.eu\/produkt\/liver-max\/#primaryimage","url":"https:\/\/www.fipwarriors.eu\/wp-content\/uploads\/2020\/11\/liver-max-crop.png","contentUrl":"https:\/\/www.fipwarriors.eu\/wp-content\/uploads\/2020\/11\/liver-max-crop.png","width":573,"height":573},{"@type":"BreadcrumbList","@id":"https:\/\/www.fipwarriors.eu\/produkt\/liver-max\/#breadcrumb","itemListElement":[{"@type":"ListItem","position":1,"name":"Domovsk\u00e1 str\u00e1nka","item":"https:\/\/www.fipwarriors.eu\/"},{"@type":"ListItem","position":2,"name":"Obchod","item":"https:\/\/www.fipwarriors.eu\/obchod\/"},{"@type":"ListItem","position":3,"name":"Liver Max"}]},{"@type":"WebSite","@id":"https:\/\/www.fipwarriors.eu\/#website","url":"https:\/\/www.fipwarriors.eu\/","name":"FIP Warriors CZ \/ SK \u00ae","description":"For all FIP warriors","publisher":{"@id":"https:\/\/www.fipwarriors.eu\/#organization"},"potentialAction":[{"@type":"SearchAction","target":{"@type":"EntryPoint","urlTemplate":"https:\/\/www.fipwarriors.eu\/?s={search_term_string}"},"query-input":{"@type":"PropertyValueSpecification","valueRequired":true,"valueName":"search_term_string"}}],"inLanguage":"en-GB"},{"@type":"Organization","@id":"https:\/\/www.fipwarriors.eu\/#organization","name":"FIP Warriors CZ \/ SK \u00ae","url":"https:\/\/www.fipwarriors.eu\/","logo":{"@type":"ImageObject","inLanguage":"en-GB","@id":"https:\/\/www.fipwarriors.eu\/#\/schema\/logo\/image\/","url":"https:\/\/www.fipwarriors.eu\/wp-content\/uploads\/2021\/12\/cropped-fip-warriors-logo.png","contentUrl":"https:\/\/www.fipwarriors.eu\/wp-content\/uploads\/2021\/12\/cropped-fip-warriors-logo.png","width":315,"height":315,"caption":"FIP Warriors CZ\/SK \u00ae"},"image":{"@id":"https:\/\/www.fipwarriors.eu\/#\/schema\/logo\/image\/"},"sameAs":["https:\/\/www.facebook.com\/groups\/fipczsk"]}]}},"uagb_featured_image_src":{"full":["https:\/\/www.fipwarriors.eu\/wp-content\/uploads\/2020\/11\/liver-max-crop.png",573,573,false],"thumbnail":["https:\/\/www.fipwarriors.eu\/wp-content\/uploads\/2020\/11\/liver-max-crop-150x150.png",150,150,true],"medium":["https:\/\/www.fipwarriors.eu\/wp-content\/uploads\/2020\/11\/liver-max-crop-300x300.png",300,300,true],"medium_large":["https:\/\/www.fipwarriors.eu\/wp-content\/uploads\/2020\/11\/liver-max-crop.png",525,525,false],"large":["https:\/\/www.fipwarriors.eu\/wp-content\/uploads\/2020\/11\/liver-max-crop.png",525,525,false],"1536x1536":["https:\/\/www.fipwarriors.eu\/wp-content\/uploads\/2020\/11\/liver-max-crop.png",573,573,false],"2048x2048":["https:\/\/www.fipwarriors.eu\/wp-content\/uploads\/2020\/11\/liver-max-crop.png",573,573,false],"trp-custom-language-flag":["https:\/\/www.fipwarriors.eu\/wp-content\/uploads\/2020\/11\/liver-max-crop-12x12.png",12,12,true],"twentyseventeen-featured-image":["https:\/\/www.fipwarriors.eu\/wp-content\/uploads\/2020\/11\/liver-max-crop.png",573,573,false],"twentyseventeen-thumbnail-avatar":["https:\/\/www.fipwarriors.eu\/wp-content\/uploads\/2020\/11\/liver-max-crop-100x100.png",100,100,true],"woocommerce_thumbnail":["https:\/\/www.fipwarriors.eu\/wp-content\/uploads\/2020\/11\/liver-max-crop-250x250.png",250,250,true],"woocommerce_single":["https:\/\/www.fipwarriors.eu\/wp-content\/uploads\/2020\/11\/liver-max-crop-350x350.png",350,350,true],"woocommerce_gallery_thumbnail":["https:\/\/www.fipwarriors.eu\/wp-content\/uploads\/2020\/11\/liver-max-crop-100x100.png",100,100,true]},"uagb_author_info":{"display_name":"L. M.","author_link":"https:\/\/www.fipwarriors.eu\/en\/author\/"},"uagb_comment_info":2,"uagb_excerpt":"[sc name=\"add_liver\" ] [sc name=\"buy_cart_only\" ]K\u00fapi\u0165 Komplexn\u00ed formula Liver MAX byla vyvinuta jako podpora pro norm\u00e1ln\u00ed funkci jater v t\u011ble a vy\u010di\u0161t\u011bn\u00ed. Je pln\u00e1 p\u0159\u00edrodn\u00edch extrakt\u016f a aminokyselin, kter\u00e9 se v\u00fdborn\u011b dopl\u0148uj\u00ed a funguj\u00ed jako jeden extr\u00e9mn\u011b \u00fa\u010dinn\u00fd antioxidant. Pr\u00edpravok je ur\u010den\u00fd pre hum\u00e1nne pou\u017eitie, ale vzh\u013eadom na jeho unik\u00e1tnos\u0165\u00a0 stoj\u00ed za zv\u00e1\u017eenie aj pou\u017eitie&hellip;","_links":{"self":[{"href":"https:\/\/www.fipwarriors.eu\/en\/wp-json\/wp\/v2\/product\/3011","targetHints":{"allow":["GET"]}}],"collection":[{"href":"https:\/\/www.fipwarriors.eu\/en\/wp-json\/wp\/v2\/product"}],"about":[{"href":"https:\/\/www.fipwarriors.eu\/en\/wp-json\/wp\/v2\/types\/product"}],"replies":[{"embeddable":true,"href":"https:\/\/www.fipwarriors.eu\/en\/wp-json\/wp\/v2\/comments?post=3011"}],"wp:featuredmedia":[{"embeddable":true,"href":"https:\/\/www.fipwarriors.eu\/en\/wp-json\/wp\/v2\/media\/3012"}],"wp:attachment":[{"href":"https:\/\/www.fipwarriors.eu\/en\/wp-json\/wp\/v2\/media?parent=3011"}],"wp:term":[{"taxonomy":"product_brand","embeddable":true,"href":"https:\/\/www.fipwarriors.eu\/en\/wp-json\/wp\/v2\/product_brand?post=3011"},{"taxonomy":"product_cat","embeddable":true,"href":"https:\/\/www.fipwarriors.eu\/en\/wp-json\/wp\/v2\/product_cat?post=3011"},{"taxonomy":"product_tag","embeddable":true,"href":"https:\/\/www.fipwarriors.eu\/en\/wp-json\/wp\/v2\/product_tag?post=3011"}],"curies":[{"name":"wp","href":"https:\/\/api.w.org\/{rel}","templated":true}]}}