{"id":3034,"date":"2020-11-14T07:43:20","date_gmt":"2020-11-14T06:43:20","guid":{"rendered":"https:\/\/www.fipwarriors.eu\/?post_type=product&#038;p=3034"},"modified":"2023-04-12T21:55:03","modified_gmt":"2023-04-12T19:55:03","slug":"calo-pet-gel","status":"publish","type":"product","link":"https:\/\/www.fipwarriors.eu\/en\/product\/calo-pet-gel\/","title":{"rendered":"Calo-Pet gel"},"content":{"rendered":"<p>The preparation is recommended during the period of recovery after an illness or surgery, after a difficult birth, in case of exhaustion or as compensation for the lack of vitamins and minerals caused by inappropriate or incomplete feed. It is very tasty to animals and provides them with sources of energy and necessary substances in periods of loss of appetite or insufficient food intake or in case of digestive disorders.<br \/>\nAmong other things, it contains omega fatty acids and taurine, which is necessary for the normal function of the retina and heart muscle, especially in cats.<\/p>\n<h1><strong>Composition<\/strong><\/h1>\n<p>Glucose syrup, soybean oil, malt, fish oil, cane molasses, hydrolyzed pork collagen, magnesium sulfate heptahydrate, easily digestible ingredients: glucose syrup, malt, sugar cane molasses.<strong><\/p>\n<p>Analytical components:<br \/>\n<\/strong>Crude fats and oils 30 % (3.3 % omega 3, 13.7 % omega 6, moisture 14.6 %, crude fiber 1.1 %, crude ash 0.7 %, crude protein 0.2 %.<strong><\/p>\n<p>Additional substances (in 1 kg):<\/strong><\/p>\n<p>Nutritional supplements: vit. And 135,000 IU, vit. D3 10,000 IU, vit. E 900 mg, vit. B1 280 mg, vit. B2 mg, vit. B6 130 mg, vit. B12 330 \u03bcg, manganese (manganous sulfate, monohydrate) 170 mg, iron (ferrous sulfate, heptahydrate) 95 mg, iodine (potassium iodide) 85 mg; preservatives, thickeners and gelling agents, anti-caking agents. Contains glucose, soybean oil is made from genetically modified organisms.<\/p>\n<p>Energy value: 2027 kJ\/100 g.<\/p>\n<h1><strong>Dosage<\/strong><\/h1>\n<div class=\"rtejustify\"><strong>Dogs (per 10 kg of live weight) \u2013 1 tablespoon (18 g) per day<\/strong><br \/>\n<strong>Cats (for 3-5 kg of live weight) \u2013 1 small spoon (6 g) per day<\/strong><br \/>\nAdminister directly orally, with feed or in drinking water.<br \/>\nUntil a full recovery.<\/p>\n<p>Before use, it is recommended to request the opinion of a veterinarian.<br \/>\nDue to the high content of vitamin D3, manganese and iodine, do not feed other feed containing these additional substances.<\/p>\n<p>Do not exceed the dosage level.<\/p>\n<\/div>","protected":false},"excerpt":{"rendered":"<ul>\n<li>Di\u00e9tne doplnkov\u00e9 krmivo<\/li>\n<li>[sc name=\"buy_cart_only\" ]<a href=\"https:\/\/www.heureka.cz\/?h%5Bfraze%5D=calopet\" target=\"_blank\" rel=\"noopener noreferrer\">K\u00fapi\u0165<\/a><\/li>\n<\/ul>\n","protected":false},"featured_media":3035,"comment_status":"open","ping_status":"closed","template":"","meta":{"_uag_custom_page_level_css":""},"product_brand":[],"product_cat":[155],"product_tag":[],"class_list":{"0":"post-3034","1":"product","2":"type-product","3":"status-publish","4":"has-post-thumbnail","6":"product_cat-vitaminy-imunita-atd","8":"first","9":"instock","10":"shipping-taxable","11":"product-type-simple"},"featured_image_urls_v2":{"full":["https:\/\/www.fipwarriors.eu\/wp-content\/uploads\/2020\/11\/calo-pet.jpg",800,800,false],"thumbnail":["https:\/\/www.fipwarriors.eu\/wp-content\/uploads\/2020\/11\/calo-pet-150x150.jpg",150,150,true],"medium":["https:\/\/www.fipwarriors.eu\/wp-content\/uploads\/2020\/11\/calo-pet-300x300.jpg",300,300,true],"medium_large":["https:\/\/www.fipwarriors.eu\/wp-content\/uploads\/2020\/11\/calo-pet-768x768.jpg",525,525,true],"large":["https:\/\/www.fipwarriors.eu\/wp-content\/uploads\/2020\/11\/calo-pet.jpg",525,525,false],"1536x1536":["https:\/\/www.fipwarriors.eu\/wp-content\/uploads\/2020\/11\/calo-pet.jpg",800,800,false],"2048x2048":["https:\/\/www.fipwarriors.eu\/wp-content\/uploads\/2020\/11\/calo-pet.jpg",800,800,false],"trp-custom-language-flag":["https:\/\/www.fipwarriors.eu\/wp-content\/uploads\/2020\/11\/calo-pet-12x12.jpg",12,12,true],"twentyseventeen-featured-image":["https:\/\/www.fipwarriors.eu\/wp-content\/uploads\/2020\/11\/calo-pet.jpg",800,800,false],"twentyseventeen-thumbnail-avatar":["https:\/\/www.fipwarriors.eu\/wp-content\/uploads\/2020\/11\/calo-pet-100x100.jpg",100,100,true],"woocommerce_thumbnail":["https:\/\/www.fipwarriors.eu\/wp-content\/uploads\/2020\/11\/calo-pet-250x250.jpg",250,250,true],"woocommerce_single":["https:\/\/www.fipwarriors.eu\/wp-content\/uploads\/2020\/11\/calo-pet-350x350.jpg",350,350,true],"woocommerce_gallery_thumbnail":["https:\/\/www.fipwarriors.eu\/wp-content\/uploads\/2020\/11\/calo-pet-100x100.jpg",100,100,true]},"post_excerpt_stackable_v2":"<ul>\n<li>Di\u00e9tne doplnkov\u00e9 krmivo<\/li>\n<li>[sc name=\"buy_cart_only\" ]<a href=\"https:\/\/www.heureka.cz\/?h%5Bfraze%5D=calopet\" target=\"_blank\" rel=\"noopener noreferrer\">K\u00fapi\u0165<\/a><\/li>\n<\/ul>\n","category_list_v2":"","author_info_v2":{"name":"","url":""},"comments_num_v2":"0 comments","yoast_head":"<!-- This site is optimized with the Yoast SEO plugin v27.5 - https:\/\/yoast.com\/product\/yoast-seo-wordpress\/ -->\n<title>Calo-Pet gel - FIP Warriors CZ\/SK \u00ae<\/title>\n<meta name=\"robots\" content=\"noindex, follow\" \/>\n<meta property=\"og:locale\" content=\"en_GB\" \/>\n<meta property=\"og:type\" content=\"article\" \/>\n<meta property=\"og:title\" content=\"Calo-Pet gel - FIP Warriors CZ\/SK \u00ae\" \/>\n<meta property=\"og:description\" content=\"Di\u00e9tne doplnkov\u00e9 krmivo  K\u00fapi\u0165\" \/>\n<meta property=\"og:url\" content=\"https:\/\/www.fipwarriors.eu\/en\/product\/calo-pet-gel\/\" \/>\n<meta property=\"og:site_name\" content=\"FIP Warriors CZ\/SK \u00ae\" \/>\n<meta property=\"article:publisher\" content=\"https:\/\/www.facebook.com\/groups\/fipczsk\" \/>\n<meta property=\"article:modified_time\" content=\"2023-04-12T19:55:03+00:00\" \/>\n<meta property=\"og:image\" content=\"https:\/\/www.fipwarriors.eu\/wp-content\/uploads\/2020\/11\/calo-pet.jpg\" \/>\n\t<meta property=\"og:image:width\" content=\"800\" \/>\n\t<meta property=\"og:image:height\" content=\"800\" \/>\n\t<meta property=\"og:image:type\" content=\"image\/jpeg\" \/>\n<meta name=\"twitter:card\" content=\"summary_large_image\" \/>\n<meta name=\"twitter:label1\" content=\"Estimated reading time\" \/>\n\t<meta name=\"twitter:data1\" content=\"2 minutes\" \/>\n<script type=\"application\/ld+json\" class=\"yoast-schema-graph\">{\"@context\":\"https:\\\/\\\/schema.org\",\"@graph\":[{\"@type\":\"WebPage\",\"@id\":\"https:\\\/\\\/www.fipwarriors.eu\\\/produkt\\\/calo-pet-gel\\\/\",\"url\":\"https:\\\/\\\/www.fipwarriors.eu\\\/produkt\\\/calo-pet-gel\\\/\",\"name\":\"Calo-Pet gel - FIP Warriors CZ\\\/SK \u00ae\",\"isPartOf\":{\"@id\":\"https:\\\/\\\/www.fipwarriors.eu\\\/#website\"},\"primaryImageOfPage\":{\"@id\":\"https:\\\/\\\/www.fipwarriors.eu\\\/produkt\\\/calo-pet-gel\\\/#primaryimage\"},\"image\":{\"@id\":\"https:\\\/\\\/www.fipwarriors.eu\\\/produkt\\\/calo-pet-gel\\\/#primaryimage\"},\"thumbnailUrl\":\"https:\\\/\\\/www.fipwarriors.eu\\\/wp-content\\\/uploads\\\/2020\\\/11\\\/calo-pet.jpg\",\"datePublished\":\"2020-11-14T06:43:20+00:00\",\"dateModified\":\"2023-04-12T19:55:03+00:00\",\"breadcrumb\":{\"@id\":\"https:\\\/\\\/www.fipwarriors.eu\\\/produkt\\\/calo-pet-gel\\\/#breadcrumb\"},\"inLanguage\":\"en-GB\",\"potentialAction\":[{\"@type\":\"ReadAction\",\"target\":[\"https:\\\/\\\/www.fipwarriors.eu\\\/produkt\\\/calo-pet-gel\\\/\"]}]},{\"@type\":\"ImageObject\",\"inLanguage\":\"en-GB\",\"@id\":\"https:\\\/\\\/www.fipwarriors.eu\\\/produkt\\\/calo-pet-gel\\\/#primaryimage\",\"url\":\"https:\\\/\\\/www.fipwarriors.eu\\\/wp-content\\\/uploads\\\/2020\\\/11\\\/calo-pet.jpg\",\"contentUrl\":\"https:\\\/\\\/www.fipwarriors.eu\\\/wp-content\\\/uploads\\\/2020\\\/11\\\/calo-pet.jpg\",\"width\":800,\"height\":800},{\"@type\":\"BreadcrumbList\",\"@id\":\"https:\\\/\\\/www.fipwarriors.eu\\\/produkt\\\/calo-pet-gel\\\/#breadcrumb\",\"itemListElement\":[{\"@type\":\"ListItem\",\"position\":1,\"name\":\"Domovsk\u00e1 str\u00e1nka\",\"item\":\"https:\\\/\\\/www.fipwarriors.eu\\\/\"},{\"@type\":\"ListItem\",\"position\":2,\"name\":\"Obchod\",\"item\":\"https:\\\/\\\/www.fipwarriors.eu\\\/obchod\\\/\"},{\"@type\":\"ListItem\",\"position\":3,\"name\":\"Calo-Pet gel\"}]},{\"@type\":\"WebSite\",\"@id\":\"https:\\\/\\\/www.fipwarriors.eu\\\/#website\",\"url\":\"https:\\\/\\\/www.fipwarriors.eu\\\/\",\"name\":\"FIP Warriors CZ\\\/SK \u00ae\",\"description\":\"Pre v\u0161etk\u00fdch FIP bojovn\u00edkov\",\"publisher\":{\"@id\":\"https:\\\/\\\/www.fipwarriors.eu\\\/#organization\"},\"potentialAction\":[{\"@type\":\"SearchAction\",\"target\":{\"@type\":\"EntryPoint\",\"urlTemplate\":\"https:\\\/\\\/www.fipwarriors.eu\\\/?s={search_term_string}\"},\"query-input\":{\"@type\":\"PropertyValueSpecification\",\"valueRequired\":true,\"valueName\":\"search_term_string\"}}],\"inLanguage\":\"en-GB\"},{\"@type\":\"Organization\",\"@id\":\"https:\\\/\\\/www.fipwarriors.eu\\\/#organization\",\"name\":\"FIP Warriors CZ\\\/SK \u00ae\",\"url\":\"https:\\\/\\\/www.fipwarriors.eu\\\/\",\"logo\":{\"@type\":\"ImageObject\",\"inLanguage\":\"en-GB\",\"@id\":\"https:\\\/\\\/www.fipwarriors.eu\\\/#\\\/schema\\\/logo\\\/image\\\/\",\"url\":\"https:\\\/\\\/www.fipwarriors.eu\\\/wp-content\\\/uploads\\\/2021\\\/12\\\/cropped-fip-warriors-logo.png\",\"contentUrl\":\"https:\\\/\\\/www.fipwarriors.eu\\\/wp-content\\\/uploads\\\/2021\\\/12\\\/cropped-fip-warriors-logo.png\",\"width\":315,\"height\":315,\"caption\":\"FIP Warriors CZ\\\/SK \u00ae\"},\"image\":{\"@id\":\"https:\\\/\\\/www.fipwarriors.eu\\\/#\\\/schema\\\/logo\\\/image\\\/\"},\"sameAs\":[\"https:\\\/\\\/www.facebook.com\\\/groups\\\/fipczsk\"]}]}<\/script>\n<!-- \/ Yoast SEO plugin. -->","yoast_head_json":{"title":"Calo-Pet gel - FIP Warriors CZ\/SK \u00ae","robots":{"index":"noindex","follow":"follow"},"og_locale":"en_GB","og_type":"article","og_title":"Calo-Pet gel - FIP Warriors CZ\/SK \u00ae","og_description":"Di\u00e9tne doplnkov\u00e9 krmivo  K\u00fapi\u0165","og_url":"https:\/\/www.fipwarriors.eu\/en\/product\/calo-pet-gel\/","og_site_name":"FIP Warriors CZ\/SK \u00ae","article_publisher":"https:\/\/www.facebook.com\/groups\/fipczsk","article_modified_time":"2023-04-12T19:55:03+00:00","og_image":[{"width":800,"height":800,"url":"https:\/\/www.fipwarriors.eu\/wp-content\/uploads\/2020\/11\/calo-pet.jpg","type":"image\/jpeg"}],"twitter_card":"summary_large_image","twitter_misc":{"Estimated reading time":"2 minutes"},"schema":{"@context":"https:\/\/schema.org","@graph":[{"@type":"WebPage","@id":"https:\/\/www.fipwarriors.eu\/produkt\/calo-pet-gel\/","url":"https:\/\/www.fipwarriors.eu\/produkt\/calo-pet-gel\/","name":"Calo-Pet gel - FIP Warriors CZ\/SK \u00ae","isPartOf":{"@id":"https:\/\/www.fipwarriors.eu\/#website"},"primaryImageOfPage":{"@id":"https:\/\/www.fipwarriors.eu\/produkt\/calo-pet-gel\/#primaryimage"},"image":{"@id":"https:\/\/www.fipwarriors.eu\/produkt\/calo-pet-gel\/#primaryimage"},"thumbnailUrl":"https:\/\/www.fipwarriors.eu\/wp-content\/uploads\/2020\/11\/calo-pet.jpg","datePublished":"2020-11-14T06:43:20+00:00","dateModified":"2023-04-12T19:55:03+00:00","breadcrumb":{"@id":"https:\/\/www.fipwarriors.eu\/produkt\/calo-pet-gel\/#breadcrumb"},"inLanguage":"en-GB","potentialAction":[{"@type":"ReadAction","target":["https:\/\/www.fipwarriors.eu\/produkt\/calo-pet-gel\/"]}]},{"@type":"ImageObject","inLanguage":"en-GB","@id":"https:\/\/www.fipwarriors.eu\/produkt\/calo-pet-gel\/#primaryimage","url":"https:\/\/www.fipwarriors.eu\/wp-content\/uploads\/2020\/11\/calo-pet.jpg","contentUrl":"https:\/\/www.fipwarriors.eu\/wp-content\/uploads\/2020\/11\/calo-pet.jpg","width":800,"height":800},{"@type":"BreadcrumbList","@id":"https:\/\/www.fipwarriors.eu\/produkt\/calo-pet-gel\/#breadcrumb","itemListElement":[{"@type":"ListItem","position":1,"name":"Domovsk\u00e1 str\u00e1nka","item":"https:\/\/www.fipwarriors.eu\/"},{"@type":"ListItem","position":2,"name":"Obchod","item":"https:\/\/www.fipwarriors.eu\/obchod\/"},{"@type":"ListItem","position":3,"name":"Calo-Pet gel"}]},{"@type":"WebSite","@id":"https:\/\/www.fipwarriors.eu\/#website","url":"https:\/\/www.fipwarriors.eu\/","name":"FIP Warriors CZ \/ SK \u00ae","description":"For all FIP warriors","publisher":{"@id":"https:\/\/www.fipwarriors.eu\/#organization"},"potentialAction":[{"@type":"SearchAction","target":{"@type":"EntryPoint","urlTemplate":"https:\/\/www.fipwarriors.eu\/?s={search_term_string}"},"query-input":{"@type":"PropertyValueSpecification","valueRequired":true,"valueName":"search_term_string"}}],"inLanguage":"en-GB"},{"@type":"Organization","@id":"https:\/\/www.fipwarriors.eu\/#organization","name":"FIP Warriors CZ \/ SK \u00ae","url":"https:\/\/www.fipwarriors.eu\/","logo":{"@type":"ImageObject","inLanguage":"en-GB","@id":"https:\/\/www.fipwarriors.eu\/#\/schema\/logo\/image\/","url":"https:\/\/www.fipwarriors.eu\/wp-content\/uploads\/2021\/12\/cropped-fip-warriors-logo.png","contentUrl":"https:\/\/www.fipwarriors.eu\/wp-content\/uploads\/2021\/12\/cropped-fip-warriors-logo.png","width":315,"height":315,"caption":"FIP Warriors CZ\/SK \u00ae"},"image":{"@id":"https:\/\/www.fipwarriors.eu\/#\/schema\/logo\/image\/"},"sameAs":["https:\/\/www.facebook.com\/groups\/fipczsk"]}]}},"uagb_featured_image_src":{"full":["https:\/\/www.fipwarriors.eu\/wp-content\/uploads\/2020\/11\/calo-pet.jpg",800,800,false],"thumbnail":["https:\/\/www.fipwarriors.eu\/wp-content\/uploads\/2020\/11\/calo-pet-150x150.jpg",150,150,true],"medium":["https:\/\/www.fipwarriors.eu\/wp-content\/uploads\/2020\/11\/calo-pet-300x300.jpg",300,300,true],"medium_large":["https:\/\/www.fipwarriors.eu\/wp-content\/uploads\/2020\/11\/calo-pet-768x768.jpg",525,525,true],"large":["https:\/\/www.fipwarriors.eu\/wp-content\/uploads\/2020\/11\/calo-pet.jpg",525,525,false],"1536x1536":["https:\/\/www.fipwarriors.eu\/wp-content\/uploads\/2020\/11\/calo-pet.jpg",800,800,false],"2048x2048":["https:\/\/www.fipwarriors.eu\/wp-content\/uploads\/2020\/11\/calo-pet.jpg",800,800,false],"trp-custom-language-flag":["https:\/\/www.fipwarriors.eu\/wp-content\/uploads\/2020\/11\/calo-pet-12x12.jpg",12,12,true],"twentyseventeen-featured-image":["https:\/\/www.fipwarriors.eu\/wp-content\/uploads\/2020\/11\/calo-pet.jpg",800,800,false],"twentyseventeen-thumbnail-avatar":["https:\/\/www.fipwarriors.eu\/wp-content\/uploads\/2020\/11\/calo-pet-100x100.jpg",100,100,true],"woocommerce_thumbnail":["https:\/\/www.fipwarriors.eu\/wp-content\/uploads\/2020\/11\/calo-pet-250x250.jpg",250,250,true],"woocommerce_single":["https:\/\/www.fipwarriors.eu\/wp-content\/uploads\/2020\/11\/calo-pet-350x350.jpg",350,350,true],"woocommerce_gallery_thumbnail":["https:\/\/www.fipwarriors.eu\/wp-content\/uploads\/2020\/11\/calo-pet-100x100.jpg",100,100,true]},"uagb_author_info":{"display_name":"L. M.","author_link":"https:\/\/www.fipwarriors.eu\/en\/author\/"},"uagb_comment_info":0,"uagb_excerpt":"Di\u00e9tne doplnkov\u00e9 krmivo [sc name=\"buy_cart_only\" ]K\u00fapi\u0165","_links":{"self":[{"href":"https:\/\/www.fipwarriors.eu\/en\/wp-json\/wp\/v2\/product\/3034","targetHints":{"allow":["GET"]}}],"collection":[{"href":"https:\/\/www.fipwarriors.eu\/en\/wp-json\/wp\/v2\/product"}],"about":[{"href":"https:\/\/www.fipwarriors.eu\/en\/wp-json\/wp\/v2\/types\/product"}],"replies":[{"embeddable":true,"href":"https:\/\/www.fipwarriors.eu\/en\/wp-json\/wp\/v2\/comments?post=3034"}],"wp:featuredmedia":[{"embeddable":true,"href":"https:\/\/www.fipwarriors.eu\/en\/wp-json\/wp\/v2\/media\/3035"}],"wp:attachment":[{"href":"https:\/\/www.fipwarriors.eu\/en\/wp-json\/wp\/v2\/media?parent=3034"}],"wp:term":[{"taxonomy":"product_brand","embeddable":true,"href":"https:\/\/www.fipwarriors.eu\/en\/wp-json\/wp\/v2\/product_brand?post=3034"},{"taxonomy":"product_cat","embeddable":true,"href":"https:\/\/www.fipwarriors.eu\/en\/wp-json\/wp\/v2\/product_cat?post=3034"},{"taxonomy":"product_tag","embeddable":true,"href":"https:\/\/www.fipwarriors.eu\/en\/wp-json\/wp\/v2\/product_tag?post=3034"}],"curies":[{"name":"wp","href":"https:\/\/api.w.org\/{rel}","templated":true}]}}