{"id":3655,"date":"2020-12-07T17:49:44","date_gmt":"2020-12-07T16:49:44","guid":{"rendered":"https:\/\/www.fipwarriors.eu\/?post_type=product&#038;p=3655"},"modified":"2023-04-12T21:55:03","modified_gmt":"2023-04-12T19:55:03","slug":"pro-blood","status":"publish","type":"product","link":"https:\/\/www.fipwarriors.eu\/en\/product\/pro-blood\/","title":{"rendered":"Pro Blood"},"content":{"rendered":"<p>Support for hemoglobin synthesis and red blood cell production, prophylactically or in addition to anemia with different backgrounds (eg worms, infectious diseases, poisoning accompanied by anemia). For adult dogs<\/p>\n<p>Prophylactic use is recommended especially in bitches, as they tend to anemia more often than dogs. The basic component of the mixture is iron.<\/p>\n<p>Use: hematopoietic support, especially recommended for bitches.<\/p>","protected":false},"excerpt":{"rendered":"<ul>\n<li>[sc name=\"add_blood\" ]<\/li>\n<li>[sc name=\"buy_cart_only\" ]<a href=\"https:\/\/www.petshopjihlavska.cz\/dogshield-blood-45tbl\/\" target=\"_blank\" rel=\"noopener noreferrer\">K\u00fapi\u0165<\/a><\/li>\n<\/ul>\n<p>Produkt s unik\u00e1tn\u00edm slo\u017een\u00edm a obsahem kl\u00ed\u010dov\u00fdch l\u00e1tek nutn\u00fdch pro hematopoiesu (tvorbu krvinek) je ur\u010den pro psy s an\u00e9mi\u00ed.<\/p>\n","protected":false},"featured_media":3656,"comment_status":"open","ping_status":"closed","template":"","meta":{"_uag_custom_page_level_css":""},"product_brand":[],"product_cat":[155],"product_tag":[],"class_list":{"0":"post-3655","1":"product","2":"type-product","3":"status-publish","4":"has-post-thumbnail","6":"product_cat-vitaminy-imunita-atd","8":"first","9":"instock","10":"shipping-taxable","11":"product-type-simple"},"featured_image_urls_v2":{"full":["https:\/\/www.fipwarriors.eu\/wp-content\/uploads\/2020\/12\/pro-blood.png",700,480,false],"thumbnail":["https:\/\/www.fipwarriors.eu\/wp-content\/uploads\/2020\/12\/pro-blood-150x150.png",150,150,true],"medium":["https:\/\/www.fipwarriors.eu\/wp-content\/uploads\/2020\/12\/pro-blood-300x206.png",300,206,true],"medium_large":["https:\/\/www.fipwarriors.eu\/wp-content\/uploads\/2020\/12\/pro-blood.png",525,360,false],"large":["https:\/\/www.fipwarriors.eu\/wp-content\/uploads\/2020\/12\/pro-blood.png",525,360,false],"1536x1536":["https:\/\/www.fipwarriors.eu\/wp-content\/uploads\/2020\/12\/pro-blood.png",700,480,false],"2048x2048":["https:\/\/www.fipwarriors.eu\/wp-content\/uploads\/2020\/12\/pro-blood.png",700,480,false],"trp-custom-language-flag":["https:\/\/www.fipwarriors.eu\/wp-content\/uploads\/2020\/12\/pro-blood-16x12.png",16,12,true],"twentyseventeen-featured-image":["https:\/\/www.fipwarriors.eu\/wp-content\/uploads\/2020\/12\/pro-blood.png",700,480,false],"twentyseventeen-thumbnail-avatar":["https:\/\/www.fipwarriors.eu\/wp-content\/uploads\/2020\/12\/pro-blood-100x100.png",100,100,true],"woocommerce_thumbnail":["https:\/\/www.fipwarriors.eu\/wp-content\/uploads\/2020\/12\/pro-blood-250x250.png",250,250,true],"woocommerce_single":["https:\/\/www.fipwarriors.eu\/wp-content\/uploads\/2020\/12\/pro-blood-350x240.png",350,240,true],"woocommerce_gallery_thumbnail":["https:\/\/www.fipwarriors.eu\/wp-content\/uploads\/2020\/12\/pro-blood-100x100.png",100,100,true]},"post_excerpt_stackable_v2":"<ul>\n<li>[sc name=\"add_blood\" ]<\/li>\n<li>[sc name=\"buy_cart_only\" ]<a href=\"https:\/\/www.petshopjihlavska.cz\/dogshield-blood-45tbl\/\" target=\"_blank\" rel=\"noopener noreferrer\">K\u00fapi\u0165<\/a><\/li>\n<\/ul>\n<p>Produkt s unik\u00e1tn\u00edm slo\u017een\u00edm a obsahem kl\u00ed\u010dov\u00fdch l\u00e1tek nutn\u00fdch pro hematopoiesu (tvorbu krvinek) je ur\u010den pro psy s an\u00e9mi\u00ed.<\/p>\n","category_list_v2":"","author_info_v2":{"name":"","url":""},"comments_num_v2":"0 comments","yoast_head":"<!-- This site is optimized with the Yoast SEO plugin v27.5 - https:\/\/yoast.com\/product\/yoast-seo-wordpress\/ -->\n<title>Pro Blood - FIP Warriors CZ\/SK \u00ae<\/title>\n<meta name=\"robots\" content=\"noindex, follow\" \/>\n<meta property=\"og:locale\" content=\"en_GB\" \/>\n<meta property=\"og:type\" content=\"article\" \/>\n<meta property=\"og:title\" content=\"Pro Blood - FIP Warriors CZ\/SK \u00ae\" \/>\n<meta property=\"og:description\" content=\"K\u00fapi\u0165  Produkt s unik\u00e1tn\u00edm slo\u017een\u00edm a obsahem kl\u00ed\u010dov\u00fdch l\u00e1tek nutn\u00fdch pro hematopoiesu (tvorbu krvinek) je ur\u010den pro psy s an\u00e9mi\u00ed.\" \/>\n<meta property=\"og:url\" content=\"https:\/\/www.fipwarriors.eu\/en\/product\/pro-blood\/\" \/>\n<meta property=\"og:site_name\" content=\"FIP Warriors CZ\/SK \u00ae\" \/>\n<meta property=\"article:publisher\" content=\"https:\/\/www.facebook.com\/groups\/fipczsk\" \/>\n<meta property=\"article:modified_time\" content=\"2023-04-12T19:55:03+00:00\" \/>\n<meta property=\"og:image\" content=\"https:\/\/www.fipwarriors.eu\/wp-content\/uploads\/2020\/12\/pro-blood.png\" \/>\n\t<meta property=\"og:image:width\" content=\"700\" \/>\n\t<meta property=\"og:image:height\" content=\"480\" \/>\n\t<meta property=\"og:image:type\" content=\"image\/png\" \/>\n<meta name=\"twitter:card\" content=\"summary_large_image\" \/>\n<script type=\"application\/ld+json\" class=\"yoast-schema-graph\">{\"@context\":\"https:\\\/\\\/schema.org\",\"@graph\":[{\"@type\":\"WebPage\",\"@id\":\"https:\\\/\\\/www.fipwarriors.eu\\\/produkt\\\/pro-blood\\\/\",\"url\":\"https:\\\/\\\/www.fipwarriors.eu\\\/produkt\\\/pro-blood\\\/\",\"name\":\"Pro Blood - FIP Warriors CZ\\\/SK \u00ae\",\"isPartOf\":{\"@id\":\"https:\\\/\\\/www.fipwarriors.eu\\\/#website\"},\"primaryImageOfPage\":{\"@id\":\"https:\\\/\\\/www.fipwarriors.eu\\\/produkt\\\/pro-blood\\\/#primaryimage\"},\"image\":{\"@id\":\"https:\\\/\\\/www.fipwarriors.eu\\\/produkt\\\/pro-blood\\\/#primaryimage\"},\"thumbnailUrl\":\"https:\\\/\\\/www.fipwarriors.eu\\\/wp-content\\\/uploads\\\/2020\\\/12\\\/pro-blood.png\",\"datePublished\":\"2020-12-07T16:49:44+00:00\",\"dateModified\":\"2023-04-12T19:55:03+00:00\",\"breadcrumb\":{\"@id\":\"https:\\\/\\\/www.fipwarriors.eu\\\/produkt\\\/pro-blood\\\/#breadcrumb\"},\"inLanguage\":\"en-GB\",\"potentialAction\":[{\"@type\":\"ReadAction\",\"target\":[\"https:\\\/\\\/www.fipwarriors.eu\\\/produkt\\\/pro-blood\\\/\"]}]},{\"@type\":\"ImageObject\",\"inLanguage\":\"en-GB\",\"@id\":\"https:\\\/\\\/www.fipwarriors.eu\\\/produkt\\\/pro-blood\\\/#primaryimage\",\"url\":\"https:\\\/\\\/www.fipwarriors.eu\\\/wp-content\\\/uploads\\\/2020\\\/12\\\/pro-blood.png\",\"contentUrl\":\"https:\\\/\\\/www.fipwarriors.eu\\\/wp-content\\\/uploads\\\/2020\\\/12\\\/pro-blood.png\",\"width\":700,\"height\":480},{\"@type\":\"BreadcrumbList\",\"@id\":\"https:\\\/\\\/www.fipwarriors.eu\\\/produkt\\\/pro-blood\\\/#breadcrumb\",\"itemListElement\":[{\"@type\":\"ListItem\",\"position\":1,\"name\":\"Domovsk\u00e1 str\u00e1nka\",\"item\":\"https:\\\/\\\/www.fipwarriors.eu\\\/\"},{\"@type\":\"ListItem\",\"position\":2,\"name\":\"Obchod\",\"item\":\"https:\\\/\\\/www.fipwarriors.eu\\\/obchod\\\/\"},{\"@type\":\"ListItem\",\"position\":3,\"name\":\"Pro Blood\"}]},{\"@type\":\"WebSite\",\"@id\":\"https:\\\/\\\/www.fipwarriors.eu\\\/#website\",\"url\":\"https:\\\/\\\/www.fipwarriors.eu\\\/\",\"name\":\"FIP Warriors CZ\\\/SK \u00ae\",\"description\":\"Pre v\u0161etk\u00fdch FIP bojovn\u00edkov\",\"publisher\":{\"@id\":\"https:\\\/\\\/www.fipwarriors.eu\\\/#organization\"},\"potentialAction\":[{\"@type\":\"SearchAction\",\"target\":{\"@type\":\"EntryPoint\",\"urlTemplate\":\"https:\\\/\\\/www.fipwarriors.eu\\\/?s={search_term_string}\"},\"query-input\":{\"@type\":\"PropertyValueSpecification\",\"valueRequired\":true,\"valueName\":\"search_term_string\"}}],\"inLanguage\":\"en-GB\"},{\"@type\":\"Organization\",\"@id\":\"https:\\\/\\\/www.fipwarriors.eu\\\/#organization\",\"name\":\"FIP Warriors CZ\\\/SK \u00ae\",\"url\":\"https:\\\/\\\/www.fipwarriors.eu\\\/\",\"logo\":{\"@type\":\"ImageObject\",\"inLanguage\":\"en-GB\",\"@id\":\"https:\\\/\\\/www.fipwarriors.eu\\\/#\\\/schema\\\/logo\\\/image\\\/\",\"url\":\"https:\\\/\\\/www.fipwarriors.eu\\\/wp-content\\\/uploads\\\/2021\\\/12\\\/cropped-fip-warriors-logo.png\",\"contentUrl\":\"https:\\\/\\\/www.fipwarriors.eu\\\/wp-content\\\/uploads\\\/2021\\\/12\\\/cropped-fip-warriors-logo.png\",\"width\":315,\"height\":315,\"caption\":\"FIP Warriors CZ\\\/SK \u00ae\"},\"image\":{\"@id\":\"https:\\\/\\\/www.fipwarriors.eu\\\/#\\\/schema\\\/logo\\\/image\\\/\"},\"sameAs\":[\"https:\\\/\\\/www.facebook.com\\\/groups\\\/fipczsk\"]}]}<\/script>\n<!-- \/ Yoast SEO plugin. -->","yoast_head_json":{"title":"Pro Blood - FIP Warriors CZ\/SK \u00ae","robots":{"index":"noindex","follow":"follow"},"og_locale":"en_GB","og_type":"article","og_title":"Pro Blood - FIP Warriors CZ\/SK \u00ae","og_description":"K\u00fapi\u0165  Produkt s unik\u00e1tn\u00edm slo\u017een\u00edm a obsahem kl\u00ed\u010dov\u00fdch l\u00e1tek nutn\u00fdch pro hematopoiesu (tvorbu krvinek) je ur\u010den pro psy s an\u00e9mi\u00ed.","og_url":"https:\/\/www.fipwarriors.eu\/en\/product\/pro-blood\/","og_site_name":"FIP Warriors CZ\/SK \u00ae","article_publisher":"https:\/\/www.facebook.com\/groups\/fipczsk","article_modified_time":"2023-04-12T19:55:03+00:00","og_image":[{"width":700,"height":480,"url":"https:\/\/www.fipwarriors.eu\/wp-content\/uploads\/2020\/12\/pro-blood.png","type":"image\/png"}],"twitter_card":"summary_large_image","schema":{"@context":"https:\/\/schema.org","@graph":[{"@type":"WebPage","@id":"https:\/\/www.fipwarriors.eu\/produkt\/pro-blood\/","url":"https:\/\/www.fipwarriors.eu\/produkt\/pro-blood\/","name":"Pro Blood - FIP Warriors CZ\/SK \u00ae","isPartOf":{"@id":"https:\/\/www.fipwarriors.eu\/#website"},"primaryImageOfPage":{"@id":"https:\/\/www.fipwarriors.eu\/produkt\/pro-blood\/#primaryimage"},"image":{"@id":"https:\/\/www.fipwarriors.eu\/produkt\/pro-blood\/#primaryimage"},"thumbnailUrl":"https:\/\/www.fipwarriors.eu\/wp-content\/uploads\/2020\/12\/pro-blood.png","datePublished":"2020-12-07T16:49:44+00:00","dateModified":"2023-04-12T19:55:03+00:00","breadcrumb":{"@id":"https:\/\/www.fipwarriors.eu\/produkt\/pro-blood\/#breadcrumb"},"inLanguage":"en-GB","potentialAction":[{"@type":"ReadAction","target":["https:\/\/www.fipwarriors.eu\/produkt\/pro-blood\/"]}]},{"@type":"ImageObject","inLanguage":"en-GB","@id":"https:\/\/www.fipwarriors.eu\/produkt\/pro-blood\/#primaryimage","url":"https:\/\/www.fipwarriors.eu\/wp-content\/uploads\/2020\/12\/pro-blood.png","contentUrl":"https:\/\/www.fipwarriors.eu\/wp-content\/uploads\/2020\/12\/pro-blood.png","width":700,"height":480},{"@type":"BreadcrumbList","@id":"https:\/\/www.fipwarriors.eu\/produkt\/pro-blood\/#breadcrumb","itemListElement":[{"@type":"ListItem","position":1,"name":"Domovsk\u00e1 str\u00e1nka","item":"https:\/\/www.fipwarriors.eu\/"},{"@type":"ListItem","position":2,"name":"Obchod","item":"https:\/\/www.fipwarriors.eu\/obchod\/"},{"@type":"ListItem","position":3,"name":"Pro Blood"}]},{"@type":"WebSite","@id":"https:\/\/www.fipwarriors.eu\/#website","url":"https:\/\/www.fipwarriors.eu\/","name":"FIP Warriors CZ \/ SK \u00ae","description":"For all FIP warriors","publisher":{"@id":"https:\/\/www.fipwarriors.eu\/#organization"},"potentialAction":[{"@type":"SearchAction","target":{"@type":"EntryPoint","urlTemplate":"https:\/\/www.fipwarriors.eu\/?s={search_term_string}"},"query-input":{"@type":"PropertyValueSpecification","valueRequired":true,"valueName":"search_term_string"}}],"inLanguage":"en-GB"},{"@type":"Organization","@id":"https:\/\/www.fipwarriors.eu\/#organization","name":"FIP Warriors CZ \/ SK \u00ae","url":"https:\/\/www.fipwarriors.eu\/","logo":{"@type":"ImageObject","inLanguage":"en-GB","@id":"https:\/\/www.fipwarriors.eu\/#\/schema\/logo\/image\/","url":"https:\/\/www.fipwarriors.eu\/wp-content\/uploads\/2021\/12\/cropped-fip-warriors-logo.png","contentUrl":"https:\/\/www.fipwarriors.eu\/wp-content\/uploads\/2021\/12\/cropped-fip-warriors-logo.png","width":315,"height":315,"caption":"FIP Warriors CZ\/SK \u00ae"},"image":{"@id":"https:\/\/www.fipwarriors.eu\/#\/schema\/logo\/image\/"},"sameAs":["https:\/\/www.facebook.com\/groups\/fipczsk"]}]}},"uagb_featured_image_src":{"full":["https:\/\/www.fipwarriors.eu\/wp-content\/uploads\/2020\/12\/pro-blood.png",700,480,false],"thumbnail":["https:\/\/www.fipwarriors.eu\/wp-content\/uploads\/2020\/12\/pro-blood-150x150.png",150,150,true],"medium":["https:\/\/www.fipwarriors.eu\/wp-content\/uploads\/2020\/12\/pro-blood-300x206.png",300,206,true],"medium_large":["https:\/\/www.fipwarriors.eu\/wp-content\/uploads\/2020\/12\/pro-blood.png",525,360,false],"large":["https:\/\/www.fipwarriors.eu\/wp-content\/uploads\/2020\/12\/pro-blood.png",525,360,false],"1536x1536":["https:\/\/www.fipwarriors.eu\/wp-content\/uploads\/2020\/12\/pro-blood.png",700,480,false],"2048x2048":["https:\/\/www.fipwarriors.eu\/wp-content\/uploads\/2020\/12\/pro-blood.png",700,480,false],"trp-custom-language-flag":["https:\/\/www.fipwarriors.eu\/wp-content\/uploads\/2020\/12\/pro-blood-16x12.png",16,12,true],"twentyseventeen-featured-image":["https:\/\/www.fipwarriors.eu\/wp-content\/uploads\/2020\/12\/pro-blood.png",700,480,false],"twentyseventeen-thumbnail-avatar":["https:\/\/www.fipwarriors.eu\/wp-content\/uploads\/2020\/12\/pro-blood-100x100.png",100,100,true],"woocommerce_thumbnail":["https:\/\/www.fipwarriors.eu\/wp-content\/uploads\/2020\/12\/pro-blood-250x250.png",250,250,true],"woocommerce_single":["https:\/\/www.fipwarriors.eu\/wp-content\/uploads\/2020\/12\/pro-blood-350x240.png",350,240,true],"woocommerce_gallery_thumbnail":["https:\/\/www.fipwarriors.eu\/wp-content\/uploads\/2020\/12\/pro-blood-100x100.png",100,100,true]},"uagb_author_info":{"display_name":"L. M.","author_link":"https:\/\/www.fipwarriors.eu\/en\/author\/"},"uagb_comment_info":0,"uagb_excerpt":"[sc name=\"add_blood\" ] [sc name=\"buy_cart_only\" ]K\u00fapi\u0165 Produkt s unik\u00e1tn\u00edm slo\u017een\u00edm a obsahem kl\u00ed\u010dov\u00fdch l\u00e1tek nutn\u00fdch pro hematopoiesu (tvorbu krvinek) je ur\u010den pro psy s an\u00e9mi\u00ed.","_links":{"self":[{"href":"https:\/\/www.fipwarriors.eu\/en\/wp-json\/wp\/v2\/product\/3655","targetHints":{"allow":["GET"]}}],"collection":[{"href":"https:\/\/www.fipwarriors.eu\/en\/wp-json\/wp\/v2\/product"}],"about":[{"href":"https:\/\/www.fipwarriors.eu\/en\/wp-json\/wp\/v2\/types\/product"}],"replies":[{"embeddable":true,"href":"https:\/\/www.fipwarriors.eu\/en\/wp-json\/wp\/v2\/comments?post=3655"}],"wp:featuredmedia":[{"embeddable":true,"href":"https:\/\/www.fipwarriors.eu\/en\/wp-json\/wp\/v2\/media\/3656"}],"wp:attachment":[{"href":"https:\/\/www.fipwarriors.eu\/en\/wp-json\/wp\/v2\/media?parent=3655"}],"wp:term":[{"taxonomy":"product_brand","embeddable":true,"href":"https:\/\/www.fipwarriors.eu\/en\/wp-json\/wp\/v2\/product_brand?post=3655"},{"taxonomy":"product_cat","embeddable":true,"href":"https:\/\/www.fipwarriors.eu\/en\/wp-json\/wp\/v2\/product_cat?post=3655"},{"taxonomy":"product_tag","embeddable":true,"href":"https:\/\/www.fipwarriors.eu\/en\/wp-json\/wp\/v2\/product_tag?post=3655"}],"curies":[{"name":"wp","href":"https:\/\/api.w.org\/{rel}","templated":true}]}}