{"id":5817,"date":"2021-02-12T20:04:10","date_gmt":"2021-02-12T19:04:10","guid":{"rendered":"https:\/\/www.fipwarriors.eu\/?post_type=product&#038;p=5817"},"modified":"2025-09-20T13:30:41","modified_gmt":"2025-09-20T11:30:41","slug":"sweeper-film-6","status":"publish","type":"product","link":"https:\/\/www.fipwarriors.eu\/en\/product\/sweeper-film-6\/","title":{"rendered":"Sweeper Movie"},"content":{"rendered":"","protected":false},"excerpt":{"rendered":"<ul>\n<li>Ekvivalent [sc name=\"word_color\" mycolor=\"red\" myword=\"\u2248 6 mg GS\"]<\/li>\n<li>[sc name=\"fipwarriors_query\" ]<\/li>\n<\/ul>\n<p>Film sa prilep\u00ed k podnebiu, kde je absorbovan\u00fd cez kapil\u00e1ry. Rozp\u00fa\u0161\u0165a sa ve\u013emi r\u00fdchlo po kontakte s vlhkos\u0165ou.<\/p>\n[sc name=\"dos_gs_pills\" gspillcontent=\"6\"]\n","protected":false},"featured_media":5818,"comment_status":"open","ping_status":"closed","template":"","meta":{"_uag_custom_page_level_css":""},"product_brand":[],"product_cat":[137],"product_tag":[183],"class_list":{"0":"post-5817","1":"product","2":"type-product","3":"status-publish","4":"has-post-thumbnail","6":"product_cat-pills","7":"product_tag-sweeper","9":"first","10":"instock","11":"shipping-taxable","12":"product-type-simple"},"featured_image_urls_v2":{"full":["https:\/\/www.fipwarriors.eu\/wp-content\/uploads\/2021\/02\/sweeper-film-6-640.jpg",640,640,false],"thumbnail":["https:\/\/www.fipwarriors.eu\/wp-content\/uploads\/2021\/02\/sweeper-film-6-640-150x150.jpg",150,150,true],"medium":["https:\/\/www.fipwarriors.eu\/wp-content\/uploads\/2021\/02\/sweeper-film-6-640-300x300.jpg",300,300,true],"medium_large":["https:\/\/www.fipwarriors.eu\/wp-content\/uploads\/2021\/02\/sweeper-film-6-640.jpg",525,525,false],"large":["https:\/\/www.fipwarriors.eu\/wp-content\/uploads\/2021\/02\/sweeper-film-6-640.jpg",525,525,false],"1536x1536":["https:\/\/www.fipwarriors.eu\/wp-content\/uploads\/2021\/02\/sweeper-film-6-640.jpg",640,640,false],"2048x2048":["https:\/\/www.fipwarriors.eu\/wp-content\/uploads\/2021\/02\/sweeper-film-6-640.jpg",640,640,false],"trp-custom-language-flag":["https:\/\/www.fipwarriors.eu\/wp-content\/uploads\/2021\/02\/sweeper-film-6-640-12x12.jpg",12,12,true],"twentyseventeen-featured-image":["https:\/\/www.fipwarriors.eu\/wp-content\/uploads\/2021\/02\/sweeper-film-6-640.jpg",640,640,false],"twentyseventeen-thumbnail-avatar":["https:\/\/www.fipwarriors.eu\/wp-content\/uploads\/2021\/02\/sweeper-film-6-640-100x100.jpg",100,100,true],"woocommerce_thumbnail":["https:\/\/www.fipwarriors.eu\/wp-content\/uploads\/2021\/02\/sweeper-film-6-640-250x250.jpg",250,250,true],"woocommerce_single":["https:\/\/www.fipwarriors.eu\/wp-content\/uploads\/2021\/02\/sweeper-film-6-640-350x350.jpg",350,350,true],"woocommerce_gallery_thumbnail":["https:\/\/www.fipwarriors.eu\/wp-content\/uploads\/2021\/02\/sweeper-film-6-640-100x100.jpg",100,100,true]},"post_excerpt_stackable_v2":"<ul>\n<li>Ekvivalent [sc name=\"word_color\" mycolor=\"red\" myword=\"\u2248 6 mg GS\"]<\/li>\n<li>[sc name=\"fipwarriors_query\" ]<\/li>\n<\/ul>\n<p>Film sa prilep\u00ed k podnebiu, kde je absorbovan\u00fd cez kapil\u00e1ry. Rozp\u00fa\u0161\u0165a sa ve\u013emi r\u00fdchlo po kontakte s vlhkos\u0165ou.<\/p>\n[sc name=\"dos_gs_pills\" gspillcontent=\"6\"]\n","category_list_v2":"","author_info_v2":{"name":"","url":""},"comments_num_v2":"1 comment","yoast_head":"<!-- This site is optimized with the Yoast SEO plugin v27.2 - https:\/\/yoast.com\/product\/yoast-seo-wordpress\/ -->\n<title>Sweeper Film - FIP Warriors CZ\/SK \u00ae<\/title>\n<meta name=\"robots\" content=\"noindex, follow\" \/>\n<meta property=\"og:locale\" content=\"en_GB\" \/>\n<meta property=\"og:type\" content=\"article\" \/>\n<meta property=\"og:title\" content=\"Sweeper Film - FIP Warriors CZ\/SK \u00ae\" \/>\n<meta property=\"og:description\" content=\"Ekvivalent     Film sa prilep\u00ed k podnebiu, kde je absorbovan\u00fd cez kapil\u00e1ry. Rozp\u00fa\u0161\u0165a sa ve\u013emi r\u00fdchlo po kontakte s vlhkos\u0165ou.\" \/>\n<meta property=\"og:url\" content=\"https:\/\/www.fipwarriors.eu\/en\/product\/sweeper-film-6\/\" \/>\n<meta property=\"og:site_name\" content=\"FIP Warriors CZ\/SK \u00ae\" \/>\n<meta property=\"article:publisher\" content=\"https:\/\/www.facebook.com\/groups\/fipczsk\" \/>\n<meta property=\"article:modified_time\" content=\"2025-09-20T11:30:41+00:00\" \/>\n<meta property=\"og:image\" content=\"https:\/\/www.fipwarriors.eu\/wp-content\/uploads\/2021\/02\/sweeper-film-6-640.jpg\" \/>\n\t<meta property=\"og:image:width\" content=\"640\" \/>\n\t<meta property=\"og:image:height\" content=\"640\" \/>\n\t<meta property=\"og:image:type\" content=\"image\/jpeg\" \/>\n<meta name=\"twitter:card\" content=\"summary_large_image\" \/>\n<script type=\"application\/ld+json\" class=\"yoast-schema-graph\">{\"@context\":\"https:\/\/schema.org\",\"@graph\":[{\"@type\":\"WebPage\",\"@id\":\"https:\/\/www.fipwarriors.eu\/produkt\/sweeper-film-6\/\",\"url\":\"https:\/\/www.fipwarriors.eu\/produkt\/sweeper-film-6\/\",\"name\":\"Sweeper Film - FIP Warriors CZ\/SK \u00ae\",\"isPartOf\":{\"@id\":\"https:\/\/www.fipwarriors.eu\/#website\"},\"primaryImageOfPage\":{\"@id\":\"https:\/\/www.fipwarriors.eu\/produkt\/sweeper-film-6\/#primaryimage\"},\"image\":{\"@id\":\"https:\/\/www.fipwarriors.eu\/produkt\/sweeper-film-6\/#primaryimage\"},\"thumbnailUrl\":\"https:\/\/www.fipwarriors.eu\/wp-content\/uploads\/2021\/02\/sweeper-film-6-640.jpg\",\"datePublished\":\"2021-02-12T19:04:10+00:00\",\"dateModified\":\"2025-09-20T11:30:41+00:00\",\"breadcrumb\":{\"@id\":\"https:\/\/www.fipwarriors.eu\/produkt\/sweeper-film-6\/#breadcrumb\"},\"inLanguage\":\"en-GB\",\"potentialAction\":[{\"@type\":\"ReadAction\",\"target\":[\"https:\/\/www.fipwarriors.eu\/produkt\/sweeper-film-6\/\"]}]},{\"@type\":\"ImageObject\",\"inLanguage\":\"en-GB\",\"@id\":\"https:\/\/www.fipwarriors.eu\/produkt\/sweeper-film-6\/#primaryimage\",\"url\":\"https:\/\/www.fipwarriors.eu\/wp-content\/uploads\/2021\/02\/sweeper-film-6-640.jpg\",\"contentUrl\":\"https:\/\/www.fipwarriors.eu\/wp-content\/uploads\/2021\/02\/sweeper-film-6-640.jpg\",\"width\":640,\"height\":640},{\"@type\":\"BreadcrumbList\",\"@id\":\"https:\/\/www.fipwarriors.eu\/produkt\/sweeper-film-6\/#breadcrumb\",\"itemListElement\":[{\"@type\":\"ListItem\",\"position\":1,\"name\":\"Domovsk\u00e1 str\u00e1nka\",\"item\":\"https:\/\/www.fipwarriors.eu\/\"},{\"@type\":\"ListItem\",\"position\":2,\"name\":\"Obchod\",\"item\":\"https:\/\/www.fipwarriors.eu\/obchod\/\"},{\"@type\":\"ListItem\",\"position\":3,\"name\":\"Sweeper Film\"}]},{\"@type\":\"WebSite\",\"@id\":\"https:\/\/www.fipwarriors.eu\/#website\",\"url\":\"https:\/\/www.fipwarriors.eu\/\",\"name\":\"FIP Warriors CZ\/SK \u00ae\",\"description\":\"Pre v\u0161etk\u00fdch FIP bojovn\u00edkov\",\"publisher\":{\"@id\":\"https:\/\/www.fipwarriors.eu\/#organization\"},\"potentialAction\":[{\"@type\":\"SearchAction\",\"target\":{\"@type\":\"EntryPoint\",\"urlTemplate\":\"https:\/\/www.fipwarriors.eu\/?s={search_term_string}\"},\"query-input\":{\"@type\":\"PropertyValueSpecification\",\"valueRequired\":true,\"valueName\":\"search_term_string\"}}],\"inLanguage\":\"en-GB\"},{\"@type\":\"Organization\",\"@id\":\"https:\/\/www.fipwarriors.eu\/#organization\",\"name\":\"FIP Warriors CZ\/SK \u00ae\",\"url\":\"https:\/\/www.fipwarriors.eu\/\",\"logo\":{\"@type\":\"ImageObject\",\"inLanguage\":\"en-GB\",\"@id\":\"https:\/\/www.fipwarriors.eu\/#\/schema\/logo\/image\/\",\"url\":\"https:\/\/www.fipwarriors.eu\/wp-content\/uploads\/2021\/12\/cropped-fip-warriors-logo.png\",\"contentUrl\":\"https:\/\/www.fipwarriors.eu\/wp-content\/uploads\/2021\/12\/cropped-fip-warriors-logo.png\",\"width\":315,\"height\":315,\"caption\":\"FIP Warriors CZ\/SK \u00ae\"},\"image\":{\"@id\":\"https:\/\/www.fipwarriors.eu\/#\/schema\/logo\/image\/\"},\"sameAs\":[\"https:\/\/www.facebook.com\/groups\/fipczsk\"]}]}<\/script>\n<!-- \/ Yoast SEO plugin. -->","yoast_head_json":{"title":"Sweeper Film - FIP Warriors CZ\/SK \u00ae","robots":{"index":"noindex","follow":"follow"},"og_locale":"en_GB","og_type":"article","og_title":"Sweeper Film - FIP Warriors CZ\/SK \u00ae","og_description":"Ekvivalent     Film sa prilep\u00ed k podnebiu, kde je absorbovan\u00fd cez kapil\u00e1ry. Rozp\u00fa\u0161\u0165a sa ve\u013emi r\u00fdchlo po kontakte s vlhkos\u0165ou.","og_url":"https:\/\/www.fipwarriors.eu\/en\/product\/sweeper-film-6\/","og_site_name":"FIP Warriors CZ\/SK \u00ae","article_publisher":"https:\/\/www.facebook.com\/groups\/fipczsk","article_modified_time":"2025-09-20T11:30:41+00:00","og_image":[{"width":640,"height":640,"url":"https:\/\/www.fipwarriors.eu\/wp-content\/uploads\/2021\/02\/sweeper-film-6-640.jpg","type":"image\/jpeg"}],"twitter_card":"summary_large_image","schema":{"@context":"https:\/\/schema.org","@graph":[{"@type":"WebPage","@id":"https:\/\/www.fipwarriors.eu\/produkt\/sweeper-film-6\/","url":"https:\/\/www.fipwarriors.eu\/produkt\/sweeper-film-6\/","name":"Sweeper Film - FIP Warriors CZ\/SK \u00ae","isPartOf":{"@id":"https:\/\/www.fipwarriors.eu\/#website"},"primaryImageOfPage":{"@id":"https:\/\/www.fipwarriors.eu\/produkt\/sweeper-film-6\/#primaryimage"},"image":{"@id":"https:\/\/www.fipwarriors.eu\/produkt\/sweeper-film-6\/#primaryimage"},"thumbnailUrl":"https:\/\/www.fipwarriors.eu\/wp-content\/uploads\/2021\/02\/sweeper-film-6-640.jpg","datePublished":"2021-02-12T19:04:10+00:00","dateModified":"2025-09-20T11:30:41+00:00","breadcrumb":{"@id":"https:\/\/www.fipwarriors.eu\/produkt\/sweeper-film-6\/#breadcrumb"},"inLanguage":"en-GB","potentialAction":[{"@type":"ReadAction","target":["https:\/\/www.fipwarriors.eu\/produkt\/sweeper-film-6\/"]}]},{"@type":"ImageObject","inLanguage":"en-GB","@id":"https:\/\/www.fipwarriors.eu\/produkt\/sweeper-film-6\/#primaryimage","url":"https:\/\/www.fipwarriors.eu\/wp-content\/uploads\/2021\/02\/sweeper-film-6-640.jpg","contentUrl":"https:\/\/www.fipwarriors.eu\/wp-content\/uploads\/2021\/02\/sweeper-film-6-640.jpg","width":640,"height":640},{"@type":"BreadcrumbList","@id":"https:\/\/www.fipwarriors.eu\/produkt\/sweeper-film-6\/#breadcrumb","itemListElement":[{"@type":"ListItem","position":1,"name":"Domovsk\u00e1 str\u00e1nka","item":"https:\/\/www.fipwarriors.eu\/"},{"@type":"ListItem","position":2,"name":"Obchod","item":"https:\/\/www.fipwarriors.eu\/obchod\/"},{"@type":"ListItem","position":3,"name":"Sweeper Film"}]},{"@type":"WebSite","@id":"https:\/\/www.fipwarriors.eu\/#website","url":"https:\/\/www.fipwarriors.eu\/","name":"FIP Warriors CZ \/ SK \u00ae","description":"For all FIP warriors","publisher":{"@id":"https:\/\/www.fipwarriors.eu\/#organization"},"potentialAction":[{"@type":"SearchAction","target":{"@type":"EntryPoint","urlTemplate":"https:\/\/www.fipwarriors.eu\/?s={search_term_string}"},"query-input":{"@type":"PropertyValueSpecification","valueRequired":true,"valueName":"search_term_string"}}],"inLanguage":"en-GB"},{"@type":"Organization","@id":"https:\/\/www.fipwarriors.eu\/#organization","name":"FIP Warriors CZ \/ SK \u00ae","url":"https:\/\/www.fipwarriors.eu\/","logo":{"@type":"ImageObject","inLanguage":"en-GB","@id":"https:\/\/www.fipwarriors.eu\/#\/schema\/logo\/image\/","url":"https:\/\/www.fipwarriors.eu\/wp-content\/uploads\/2021\/12\/cropped-fip-warriors-logo.png","contentUrl":"https:\/\/www.fipwarriors.eu\/wp-content\/uploads\/2021\/12\/cropped-fip-warriors-logo.png","width":315,"height":315,"caption":"FIP Warriors CZ\/SK \u00ae"},"image":{"@id":"https:\/\/www.fipwarriors.eu\/#\/schema\/logo\/image\/"},"sameAs":["https:\/\/www.facebook.com\/groups\/fipczsk"]}]}},"uagb_featured_image_src":{"full":["https:\/\/www.fipwarriors.eu\/wp-content\/uploads\/2021\/02\/sweeper-film-6-640.jpg",640,640,false],"thumbnail":["https:\/\/www.fipwarriors.eu\/wp-content\/uploads\/2021\/02\/sweeper-film-6-640-150x150.jpg",150,150,true],"medium":["https:\/\/www.fipwarriors.eu\/wp-content\/uploads\/2021\/02\/sweeper-film-6-640-300x300.jpg",300,300,true],"medium_large":["https:\/\/www.fipwarriors.eu\/wp-content\/uploads\/2021\/02\/sweeper-film-6-640.jpg",525,525,false],"large":["https:\/\/www.fipwarriors.eu\/wp-content\/uploads\/2021\/02\/sweeper-film-6-640.jpg",525,525,false],"1536x1536":["https:\/\/www.fipwarriors.eu\/wp-content\/uploads\/2021\/02\/sweeper-film-6-640.jpg",640,640,false],"2048x2048":["https:\/\/www.fipwarriors.eu\/wp-content\/uploads\/2021\/02\/sweeper-film-6-640.jpg",640,640,false],"trp-custom-language-flag":["https:\/\/www.fipwarriors.eu\/wp-content\/uploads\/2021\/02\/sweeper-film-6-640-12x12.jpg",12,12,true],"twentyseventeen-featured-image":["https:\/\/www.fipwarriors.eu\/wp-content\/uploads\/2021\/02\/sweeper-film-6-640.jpg",640,640,false],"twentyseventeen-thumbnail-avatar":["https:\/\/www.fipwarriors.eu\/wp-content\/uploads\/2021\/02\/sweeper-film-6-640-100x100.jpg",100,100,true],"woocommerce_thumbnail":["https:\/\/www.fipwarriors.eu\/wp-content\/uploads\/2021\/02\/sweeper-film-6-640-250x250.jpg",250,250,true],"woocommerce_single":["https:\/\/www.fipwarriors.eu\/wp-content\/uploads\/2021\/02\/sweeper-film-6-640-350x350.jpg",350,350,true],"woocommerce_gallery_thumbnail":["https:\/\/www.fipwarriors.eu\/wp-content\/uploads\/2021\/02\/sweeper-film-6-640-100x100.jpg",100,100,true]},"uagb_author_info":{"display_name":"L. M.","author_link":"https:\/\/www.fipwarriors.eu\/en\/author\/"},"uagb_comment_info":1,"uagb_excerpt":"Ekvivalent [sc name=\"word_color\" mycolor=\"red\" myword=\"\u2248 6 mg GS\"] [sc name=\"fipwarriors_query\" ] Film sa prilep\u00ed k podnebiu, kde je absorbovan\u00fd cez kapil\u00e1ry. Rozp\u00fa\u0161\u0165a sa ve\u013emi r\u00fdchlo po kontakte s vlhkos\u0165ou. [sc name=\"dos_gs_pills\" gspillcontent=\"6\"]","_links":{"self":[{"href":"https:\/\/www.fipwarriors.eu\/en\/wp-json\/wp\/v2\/product\/5817","targetHints":{"allow":["GET"]}}],"collection":[{"href":"https:\/\/www.fipwarriors.eu\/en\/wp-json\/wp\/v2\/product"}],"about":[{"href":"https:\/\/www.fipwarriors.eu\/en\/wp-json\/wp\/v2\/types\/product"}],"replies":[{"embeddable":true,"href":"https:\/\/www.fipwarriors.eu\/en\/wp-json\/wp\/v2\/comments?post=5817"}],"wp:featuredmedia":[{"embeddable":true,"href":"https:\/\/www.fipwarriors.eu\/en\/wp-json\/wp\/v2\/media\/5818"}],"wp:attachment":[{"href":"https:\/\/www.fipwarriors.eu\/en\/wp-json\/wp\/v2\/media?parent=5817"}],"wp:term":[{"taxonomy":"product_brand","embeddable":true,"href":"https:\/\/www.fipwarriors.eu\/en\/wp-json\/wp\/v2\/product_brand?post=5817"},{"taxonomy":"product_cat","embeddable":true,"href":"https:\/\/www.fipwarriors.eu\/en\/wp-json\/wp\/v2\/product_cat?post=5817"},{"taxonomy":"product_tag","embeddable":true,"href":"https:\/\/www.fipwarriors.eu\/en\/wp-json\/wp\/v2\/product_tag?post=5817"}],"curies":[{"name":"wp","href":"https:\/\/api.w.org\/{rel}","templated":true}]}}