{"id":7760,"date":"2021-06-16T21:47:39","date_gmt":"2021-06-16T19:47:39","guid":{"rendered":"https:\/\/www.fipwarriors.eu\/?post_type=product&#038;p=7760"},"modified":"2023-04-12T21:54:26","modified_gmt":"2023-04-12T19:54:26","slug":"dromy-draci-krev","status":"publish","type":"product","link":"https:\/\/www.fipwarriors.eu\/en\/product\/dromy-draci-krev\/","title":{"rendered":"Dromes Dragon&#039;s blood"},"content":{"rendered":"<div class=\"styled__CommonMarginWrapper-aohf13-8 styled__MarginWrapper-sc-1eu1dd2-1 TfatZ euWhMt\">\n<div id=\"pd-description-text\" class=\"styled__Description-sc-1eu1dd2-3 eZoNhS\">\n<p>100 % pure liquid latex from the Peruvian tree Croton lechleri.<\/p>\n<p>Sangre de Drago is a 100 % pure liquid latex from the Peruvian tree Croton lechleri, which the natives of Peru have used for centuries in various diseases.<br \/>\nIt is collected at dawn when a tree is injured.<br \/>\nAfter the bark is cut, sap flows out, dark brown to red in color, which the tree excretes in its defense and subsequent healing.<br \/>\nAccording to the color of the latex, it got its name &quot;Sangre de Drago&quot; - Dragon&#039;s blood.<br \/>\nFor centuries, sap has been applied to wounds to stop bleeding, speed healing, close wounds and protect wounds from infections.<br \/>\nThe sap dries very quickly and forms secondary skin.<br \/>\nResearch has been conducted at leading universities around the world since the 1960s.<br \/>\nResearch ranks latex among the most researched plants in Peru due to its ingredients and their effects.<br \/>\nThe spectrum of use of pure sap is very wide, it can be used externally and internally and is intended for both human and veterinary use.<\/p>\n<p>Pharmacological properties of pure latex show activity:<\/p>\n<p>\u00bbAntiviral, antibacterial\u00ab \u00bbanti-inflammatory\u00ab \u00bbanti-diarrheal\u00ab \u00bbimmunomodulatory\u00ab \u00bbcicatric (wound healing)\u00ab<\/p>\n<p><strong>How to use:<\/strong><\/p>\n<p><strong>For a dog weighing 15 kg:<\/strong><br \/>\n4 drops 1 - 3 times a day into the feed ration, water or treat.<\/p>\n<p><strong>For horses weighing 550 - 600 kg:\u00a0<\/strong><br \/>\n50 - 60 drops 1-3 times a day into a feed ration, water or treat.<\/p>\n<p><strong>Oral lavage:<\/strong><br \/>\n30 drops \/ 100 ml of water 2 - 4 times a day.<\/p>\n<p><strong>Side effects and interactions:\u00a0<\/strong><br \/>\nAlways serve during feeding, do not serve on an empty stomach !!! Do not exceed the recommended daily dosage!<br \/>\nEnsure sufficient fresh water while taking the product.<\/p>\n<p><strong>How to use:<\/strong>\u00a0external use: due to its antiviral, antibacterial and hemostatic effects, it is suitable for various types of injuries.<br \/>\nIt very effectively stops bleeding and heals wounds.<br \/>\nIt supports subcutaneous regranulation and collagen production, thus accelerating wound healing and healing, while protecting against infections.<br \/>\nVery good response to fighting the affected area or injury, provides relief after insect bites.<\/p>\n<p><strong>Local application:<\/strong><br \/>\napply on a cotton swab, rub the injured or inflamed area 2-3 times a day.<\/p>\n<\/div>\n<\/div>","protected":false},"excerpt":{"rendered":"<ul>\n<li>[sc name=\"add_immunity\" ]<\/li>\n<li>[sc name=\"buy_cart_only\" ]<a href=\"https:\/\/vitaminy-pro-psy.heureka.cz\/dromy-draci-krev-50-ml\/\" target=\"_blank\" rel=\"noopener noreferrer\">K\u00fapi\u0165<\/a><\/li>\n<\/ul>\n<p>100 % \u010dist\u00fd kapaln\u00fd latex z peru\u00e1nsk\u00e9ho stromu Croton lechleri, pro vnit\u0159n\u00ed i vn\u011bj\u0161\u00ed u\u017eit\u00ed.<\/p>\n","protected":false},"featured_media":7762,"comment_status":"open","ping_status":"closed","template":"","meta":{"_uag_custom_page_level_css":""},"product_brand":[],"product_cat":[195,155],"product_tag":[196,197,198],"class_list":{"0":"post-7760","1":"product","2":"type-product","3":"status-publish","4":"has-post-thumbnail","6":"product_cat-koza","7":"product_cat-vitaminy-imunita-atd","8":"product_tag-cievy","9":"product_tag-imunita","10":"product_tag-poranenia","12":"first","13":"instock","14":"shipping-taxable","15":"product-type-simple"},"featured_image_urls_v2":{"full":["https:\/\/www.fipwarriors.eu\/wp-content\/uploads\/2021\/06\/dromy_draci_krev.jpg",763,763,false],"thumbnail":["https:\/\/www.fipwarriors.eu\/wp-content\/uploads\/2021\/06\/dromy_draci_krev-150x150.jpg",150,150,true],"medium":["https:\/\/www.fipwarriors.eu\/wp-content\/uploads\/2021\/06\/dromy_draci_krev-300x300.jpg",300,300,true],"medium_large":["https:\/\/www.fipwarriors.eu\/wp-content\/uploads\/2021\/06\/dromy_draci_krev.jpg",525,525,false],"large":["https:\/\/www.fipwarriors.eu\/wp-content\/uploads\/2021\/06\/dromy_draci_krev.jpg",525,525,false],"1536x1536":["https:\/\/www.fipwarriors.eu\/wp-content\/uploads\/2021\/06\/dromy_draci_krev.jpg",763,763,false],"2048x2048":["https:\/\/www.fipwarriors.eu\/wp-content\/uploads\/2021\/06\/dromy_draci_krev.jpg",763,763,false],"trp-custom-language-flag":["https:\/\/www.fipwarriors.eu\/wp-content\/uploads\/2021\/06\/dromy_draci_krev-12x12.jpg",12,12,true],"twentyseventeen-featured-image":["https:\/\/www.fipwarriors.eu\/wp-content\/uploads\/2021\/06\/dromy_draci_krev.jpg",763,763,false],"twentyseventeen-thumbnail-avatar":["https:\/\/www.fipwarriors.eu\/wp-content\/uploads\/2021\/06\/dromy_draci_krev-100x100.jpg",100,100,true],"woocommerce_thumbnail":["https:\/\/www.fipwarriors.eu\/wp-content\/uploads\/2021\/06\/dromy_draci_krev-250x250.jpg",250,250,true],"woocommerce_single":["https:\/\/www.fipwarriors.eu\/wp-content\/uploads\/2021\/06\/dromy_draci_krev-350x350.jpg",350,350,true],"woocommerce_gallery_thumbnail":["https:\/\/www.fipwarriors.eu\/wp-content\/uploads\/2021\/06\/dromy_draci_krev-100x100.jpg",100,100,true]},"post_excerpt_stackable_v2":"<ul>\n<li>[sc name=\"add_immunity\" ]<\/li>\n<li>[sc name=\"buy_cart_only\" ]<a href=\"https:\/\/vitaminy-pro-psy.heureka.cz\/dromy-draci-krev-50-ml\/\" target=\"_blank\" rel=\"noopener noreferrer\">K\u00fapi\u0165<\/a><\/li>\n<\/ul>\n<p>100 % \u010dist\u00fd kapaln\u00fd latex z peru\u00e1nsk\u00e9ho stromu Croton lechleri, pro vnit\u0159n\u00ed i vn\u011bj\u0161\u00ed u\u017eit\u00ed.<\/p>\n","category_list_v2":"","author_info_v2":{"name":"","url":""},"comments_num_v2":"0 comments","yoast_head":"<!-- This site is optimized with the Yoast SEO plugin v27.5 - https:\/\/yoast.com\/product\/yoast-seo-wordpress\/ -->\n<title>Dromy Dra\u010d\u00ed krev - FIP Warriors CZ\/SK \u00ae<\/title>\n<meta name=\"robots\" content=\"noindex, follow\" \/>\n<meta property=\"og:locale\" content=\"en_GB\" \/>\n<meta property=\"og:type\" content=\"article\" \/>\n<meta property=\"og:title\" content=\"Dromy Dra\u010d\u00ed krev - FIP Warriors CZ\/SK \u00ae\" \/>\n<meta property=\"og:description\" content=\"K\u00fapi\u0165  100 % \u010dist\u00fd kapaln\u00fd latex z peru\u00e1nsk\u00e9ho stromu Croton lechleri, pro vnit\u0159n\u00ed i vn\u011bj\u0161\u00ed u\u017eit\u00ed.\" \/>\n<meta property=\"og:url\" content=\"https:\/\/www.fipwarriors.eu\/en\/product\/dromy-draci-krev\/\" \/>\n<meta property=\"og:site_name\" content=\"FIP Warriors CZ\/SK \u00ae\" \/>\n<meta property=\"article:publisher\" content=\"https:\/\/www.facebook.com\/groups\/fipczsk\" \/>\n<meta property=\"article:modified_time\" content=\"2023-04-12T19:54:26+00:00\" \/>\n<meta property=\"og:image\" content=\"https:\/\/www.fipwarriors.eu\/wp-content\/uploads\/2021\/06\/dromy_draci_krev.jpg\" \/>\n\t<meta property=\"og:image:width\" content=\"763\" \/>\n\t<meta property=\"og:image:height\" content=\"763\" \/>\n\t<meta property=\"og:image:type\" content=\"image\/jpeg\" \/>\n<meta name=\"twitter:card\" content=\"summary_large_image\" \/>\n<meta name=\"twitter:label1\" content=\"Estimated reading time\" \/>\n\t<meta name=\"twitter:data1\" content=\"1 minute\" \/>\n<script type=\"application\/ld+json\" class=\"yoast-schema-graph\">{\"@context\":\"https:\\\/\\\/schema.org\",\"@graph\":[{\"@type\":\"WebPage\",\"@id\":\"https:\\\/\\\/www.fipwarriors.eu\\\/produkt\\\/dromy-draci-krev\\\/\",\"url\":\"https:\\\/\\\/www.fipwarriors.eu\\\/produkt\\\/dromy-draci-krev\\\/\",\"name\":\"Dromy Dra\u010d\u00ed krev - FIP Warriors CZ\\\/SK \u00ae\",\"isPartOf\":{\"@id\":\"https:\\\/\\\/www.fipwarriors.eu\\\/#website\"},\"primaryImageOfPage\":{\"@id\":\"https:\\\/\\\/www.fipwarriors.eu\\\/produkt\\\/dromy-draci-krev\\\/#primaryimage\"},\"image\":{\"@id\":\"https:\\\/\\\/www.fipwarriors.eu\\\/produkt\\\/dromy-draci-krev\\\/#primaryimage\"},\"thumbnailUrl\":\"https:\\\/\\\/www.fipwarriors.eu\\\/wp-content\\\/uploads\\\/2021\\\/06\\\/dromy_draci_krev.jpg\",\"datePublished\":\"2021-06-16T19:47:39+00:00\",\"dateModified\":\"2023-04-12T19:54:26+00:00\",\"breadcrumb\":{\"@id\":\"https:\\\/\\\/www.fipwarriors.eu\\\/produkt\\\/dromy-draci-krev\\\/#breadcrumb\"},\"inLanguage\":\"en-GB\",\"potentialAction\":[{\"@type\":\"ReadAction\",\"target\":[\"https:\\\/\\\/www.fipwarriors.eu\\\/produkt\\\/dromy-draci-krev\\\/\"]}]},{\"@type\":\"ImageObject\",\"inLanguage\":\"en-GB\",\"@id\":\"https:\\\/\\\/www.fipwarriors.eu\\\/produkt\\\/dromy-draci-krev\\\/#primaryimage\",\"url\":\"https:\\\/\\\/www.fipwarriors.eu\\\/wp-content\\\/uploads\\\/2021\\\/06\\\/dromy_draci_krev.jpg\",\"contentUrl\":\"https:\\\/\\\/www.fipwarriors.eu\\\/wp-content\\\/uploads\\\/2021\\\/06\\\/dromy_draci_krev.jpg\",\"width\":763,\"height\":763},{\"@type\":\"BreadcrumbList\",\"@id\":\"https:\\\/\\\/www.fipwarriors.eu\\\/produkt\\\/dromy-draci-krev\\\/#breadcrumb\",\"itemListElement\":[{\"@type\":\"ListItem\",\"position\":1,\"name\":\"Domovsk\u00e1 str\u00e1nka\",\"item\":\"https:\\\/\\\/www.fipwarriors.eu\\\/\"},{\"@type\":\"ListItem\",\"position\":2,\"name\":\"Obchod\",\"item\":\"https:\\\/\\\/www.fipwarriors.eu\\\/obchod\\\/\"},{\"@type\":\"ListItem\",\"position\":3,\"name\":\"Dromy Dra\u010d\u00ed krev\"}]},{\"@type\":\"WebSite\",\"@id\":\"https:\\\/\\\/www.fipwarriors.eu\\\/#website\",\"url\":\"https:\\\/\\\/www.fipwarriors.eu\\\/\",\"name\":\"FIP Warriors CZ\\\/SK \u00ae\",\"description\":\"Pre v\u0161etk\u00fdch FIP bojovn\u00edkov\",\"publisher\":{\"@id\":\"https:\\\/\\\/www.fipwarriors.eu\\\/#organization\"},\"potentialAction\":[{\"@type\":\"SearchAction\",\"target\":{\"@type\":\"EntryPoint\",\"urlTemplate\":\"https:\\\/\\\/www.fipwarriors.eu\\\/?s={search_term_string}\"},\"query-input\":{\"@type\":\"PropertyValueSpecification\",\"valueRequired\":true,\"valueName\":\"search_term_string\"}}],\"inLanguage\":\"en-GB\"},{\"@type\":\"Organization\",\"@id\":\"https:\\\/\\\/www.fipwarriors.eu\\\/#organization\",\"name\":\"FIP Warriors CZ\\\/SK \u00ae\",\"url\":\"https:\\\/\\\/www.fipwarriors.eu\\\/\",\"logo\":{\"@type\":\"ImageObject\",\"inLanguage\":\"en-GB\",\"@id\":\"https:\\\/\\\/www.fipwarriors.eu\\\/#\\\/schema\\\/logo\\\/image\\\/\",\"url\":\"https:\\\/\\\/www.fipwarriors.eu\\\/wp-content\\\/uploads\\\/2021\\\/12\\\/cropped-fip-warriors-logo.png\",\"contentUrl\":\"https:\\\/\\\/www.fipwarriors.eu\\\/wp-content\\\/uploads\\\/2021\\\/12\\\/cropped-fip-warriors-logo.png\",\"width\":315,\"height\":315,\"caption\":\"FIP Warriors CZ\\\/SK \u00ae\"},\"image\":{\"@id\":\"https:\\\/\\\/www.fipwarriors.eu\\\/#\\\/schema\\\/logo\\\/image\\\/\"},\"sameAs\":[\"https:\\\/\\\/www.facebook.com\\\/groups\\\/fipczsk\"]}]}<\/script>\n<!-- \/ Yoast SEO plugin. -->","yoast_head_json":{"title":"Dromy Dragon&#039;s blood - FIP Warriors CZ\/SK \u00ae","robots":{"index":"noindex","follow":"follow"},"og_locale":"en_GB","og_type":"article","og_title":"Dromy Dra\u010d\u00ed krev - FIP Warriors CZ\/SK \u00ae","og_description":"K\u00fapi\u0165  100 % \u010dist\u00fd kapaln\u00fd latex z peru\u00e1nsk\u00e9ho stromu Croton lechleri, pro vnit\u0159n\u00ed i vn\u011bj\u0161\u00ed u\u017eit\u00ed.","og_url":"https:\/\/www.fipwarriors.eu\/en\/product\/dromy-draci-krev\/","og_site_name":"FIP Warriors CZ\/SK \u00ae","article_publisher":"https:\/\/www.facebook.com\/groups\/fipczsk","article_modified_time":"2023-04-12T19:54:26+00:00","og_image":[{"width":763,"height":763,"url":"https:\/\/www.fipwarriors.eu\/wp-content\/uploads\/2021\/06\/dromy_draci_krev.jpg","type":"image\/jpeg"}],"twitter_card":"summary_large_image","twitter_misc":{"Estimated reading time":"1 minute"},"schema":{"@context":"https:\/\/schema.org","@graph":[{"@type":"WebPage","@id":"https:\/\/www.fipwarriors.eu\/produkt\/dromy-draci-krev\/","url":"https:\/\/www.fipwarriors.eu\/produkt\/dromy-draci-krev\/","name":"Dromy Dragon&#039;s blood - FIP Warriors CZ\/SK \u00ae","isPartOf":{"@id":"https:\/\/www.fipwarriors.eu\/#website"},"primaryImageOfPage":{"@id":"https:\/\/www.fipwarriors.eu\/produkt\/dromy-draci-krev\/#primaryimage"},"image":{"@id":"https:\/\/www.fipwarriors.eu\/produkt\/dromy-draci-krev\/#primaryimage"},"thumbnailUrl":"https:\/\/www.fipwarriors.eu\/wp-content\/uploads\/2021\/06\/dromy_draci_krev.jpg","datePublished":"2021-06-16T19:47:39+00:00","dateModified":"2023-04-12T19:54:26+00:00","breadcrumb":{"@id":"https:\/\/www.fipwarriors.eu\/produkt\/dromy-draci-krev\/#breadcrumb"},"inLanguage":"en-GB","potentialAction":[{"@type":"ReadAction","target":["https:\/\/www.fipwarriors.eu\/produkt\/dromy-draci-krev\/"]}]},{"@type":"ImageObject","inLanguage":"en-GB","@id":"https:\/\/www.fipwarriors.eu\/produkt\/dromy-draci-krev\/#primaryimage","url":"https:\/\/www.fipwarriors.eu\/wp-content\/uploads\/2021\/06\/dromy_draci_krev.jpg","contentUrl":"https:\/\/www.fipwarriors.eu\/wp-content\/uploads\/2021\/06\/dromy_draci_krev.jpg","width":763,"height":763},{"@type":"BreadcrumbList","@id":"https:\/\/www.fipwarriors.eu\/produkt\/dromy-draci-krev\/#breadcrumb","itemListElement":[{"@type":"ListItem","position":1,"name":"Domovsk\u00e1 str\u00e1nka","item":"https:\/\/www.fipwarriors.eu\/"},{"@type":"ListItem","position":2,"name":"Obchod","item":"https:\/\/www.fipwarriors.eu\/obchod\/"},{"@type":"ListItem","position":3,"name":"Dromy Dra\u010d\u00ed krev"}]},{"@type":"WebSite","@id":"https:\/\/www.fipwarriors.eu\/#website","url":"https:\/\/www.fipwarriors.eu\/","name":"FIP Warriors CZ \/ SK \u00ae","description":"For all FIP warriors","publisher":{"@id":"https:\/\/www.fipwarriors.eu\/#organization"},"potentialAction":[{"@type":"SearchAction","target":{"@type":"EntryPoint","urlTemplate":"https:\/\/www.fipwarriors.eu\/?s={search_term_string}"},"query-input":{"@type":"PropertyValueSpecification","valueRequired":true,"valueName":"search_term_string"}}],"inLanguage":"en-GB"},{"@type":"Organization","@id":"https:\/\/www.fipwarriors.eu\/#organization","name":"FIP Warriors CZ \/ SK \u00ae","url":"https:\/\/www.fipwarriors.eu\/","logo":{"@type":"ImageObject","inLanguage":"en-GB","@id":"https:\/\/www.fipwarriors.eu\/#\/schema\/logo\/image\/","url":"https:\/\/www.fipwarriors.eu\/wp-content\/uploads\/2021\/12\/cropped-fip-warriors-logo.png","contentUrl":"https:\/\/www.fipwarriors.eu\/wp-content\/uploads\/2021\/12\/cropped-fip-warriors-logo.png","width":315,"height":315,"caption":"FIP Warriors CZ\/SK \u00ae"},"image":{"@id":"https:\/\/www.fipwarriors.eu\/#\/schema\/logo\/image\/"},"sameAs":["https:\/\/www.facebook.com\/groups\/fipczsk"]}]}},"uagb_featured_image_src":{"full":["https:\/\/www.fipwarriors.eu\/wp-content\/uploads\/2021\/06\/dromy_draci_krev.jpg",763,763,false],"thumbnail":["https:\/\/www.fipwarriors.eu\/wp-content\/uploads\/2021\/06\/dromy_draci_krev-150x150.jpg",150,150,true],"medium":["https:\/\/www.fipwarriors.eu\/wp-content\/uploads\/2021\/06\/dromy_draci_krev-300x300.jpg",300,300,true],"medium_large":["https:\/\/www.fipwarriors.eu\/wp-content\/uploads\/2021\/06\/dromy_draci_krev.jpg",525,525,false],"large":["https:\/\/www.fipwarriors.eu\/wp-content\/uploads\/2021\/06\/dromy_draci_krev.jpg",525,525,false],"1536x1536":["https:\/\/www.fipwarriors.eu\/wp-content\/uploads\/2021\/06\/dromy_draci_krev.jpg",763,763,false],"2048x2048":["https:\/\/www.fipwarriors.eu\/wp-content\/uploads\/2021\/06\/dromy_draci_krev.jpg",763,763,false],"trp-custom-language-flag":["https:\/\/www.fipwarriors.eu\/wp-content\/uploads\/2021\/06\/dromy_draci_krev-12x12.jpg",12,12,true],"twentyseventeen-featured-image":["https:\/\/www.fipwarriors.eu\/wp-content\/uploads\/2021\/06\/dromy_draci_krev.jpg",763,763,false],"twentyseventeen-thumbnail-avatar":["https:\/\/www.fipwarriors.eu\/wp-content\/uploads\/2021\/06\/dromy_draci_krev-100x100.jpg",100,100,true],"woocommerce_thumbnail":["https:\/\/www.fipwarriors.eu\/wp-content\/uploads\/2021\/06\/dromy_draci_krev-250x250.jpg",250,250,true],"woocommerce_single":["https:\/\/www.fipwarriors.eu\/wp-content\/uploads\/2021\/06\/dromy_draci_krev-350x350.jpg",350,350,true],"woocommerce_gallery_thumbnail":["https:\/\/www.fipwarriors.eu\/wp-content\/uploads\/2021\/06\/dromy_draci_krev-100x100.jpg",100,100,true]},"uagb_author_info":{"display_name":"L. M.","author_link":"https:\/\/www.fipwarriors.eu\/en\/author\/"},"uagb_comment_info":0,"uagb_excerpt":"[sc name=\"add_immunity\" ] [sc name=\"buy_cart_only\" ]K\u00fapi\u0165 100 % \u010dist\u00fd kapaln\u00fd latex z peru\u00e1nsk\u00e9ho stromu Croton lechleri, pro vnit\u0159n\u00ed i vn\u011bj\u0161\u00ed u\u017eit\u00ed.","_links":{"self":[{"href":"https:\/\/www.fipwarriors.eu\/en\/wp-json\/wp\/v2\/product\/7760","targetHints":{"allow":["GET"]}}],"collection":[{"href":"https:\/\/www.fipwarriors.eu\/en\/wp-json\/wp\/v2\/product"}],"about":[{"href":"https:\/\/www.fipwarriors.eu\/en\/wp-json\/wp\/v2\/types\/product"}],"replies":[{"embeddable":true,"href":"https:\/\/www.fipwarriors.eu\/en\/wp-json\/wp\/v2\/comments?post=7760"}],"wp:featuredmedia":[{"embeddable":true,"href":"https:\/\/www.fipwarriors.eu\/en\/wp-json\/wp\/v2\/media\/7762"}],"wp:attachment":[{"href":"https:\/\/www.fipwarriors.eu\/en\/wp-json\/wp\/v2\/media?parent=7760"}],"wp:term":[{"taxonomy":"product_brand","embeddable":true,"href":"https:\/\/www.fipwarriors.eu\/en\/wp-json\/wp\/v2\/product_brand?post=7760"},{"taxonomy":"product_cat","embeddable":true,"href":"https:\/\/www.fipwarriors.eu\/en\/wp-json\/wp\/v2\/product_cat?post=7760"},{"taxonomy":"product_tag","embeddable":true,"href":"https:\/\/www.fipwarriors.eu\/en\/wp-json\/wp\/v2\/product_tag?post=7760"}],"curies":[{"name":"wp","href":"https:\/\/api.w.org\/{rel}","templated":true}]}}