{"id":7946,"date":"2021-06-27T22:07:32","date_gmt":"2021-06-27T20:07:32","guid":{"rendered":"https:\/\/www.fipwarriors.eu\/?post_type=product&#038;p=7946"},"modified":"2023-04-12T21:54:26","modified_gmt":"2023-04-12T19:54:26","slug":"betaglukan-sirup","status":"publish","type":"product","link":"https:\/\/www.fipwarriors.eu\/en\/product\/betaglukan-sirup\/","title":{"rendered":"Betaglucan syrup"},"content":{"rendered":"<div class=\"styled__CommonMarginWrapper-aohf13-8 styled__MarginWrapper-sc-1eu1dd2-1 TfatZ euWhMt\">\n<div id=\"pd-description-text\" class=\"styled__Description-sc-1eu1dd2-3 eZoNhS\">\n<p>Nutritional supplement Betaglukan syrup from ProNatures to strengthen the immune system of animals.<\/p>\n<p>The product contains a dose of high quality and highly effective beta glucan to support the immunity and overall health of the animal. It is suitable for recurrent infectious diseases, as a support for wound healing and during periods of increased mental and physical strain on the animal.<\/p>\n<ul>\n<li>Suitable for: dog, cat, horse, cattle, pigs and other animal species<\/li>\n<li>Ingredients: purified water, glucose syrup with fructose, potassium sorbate (preservative), citric acid, 1 ml contains 12 mg of high-purity micronized oyster mushroom beta glucan (the product does not contain any entertainers)<\/li>\n<li>Dosage: Shake before use. Sediment on the bottom of the bottle is not a quality defect. Do not exceed the recommended daily dose, even if the product does not pose a health risk even if the dosage is exceeded. The recommended period of use is 2-3 months. It is advisable to repeat the dosing as needed. Use in infectious diseases, in older animals, during or after weaning, to promote wound healing and enhance vitality. The product helps to shorten the treatment time and convalescence time. It alleviates the course of the disease. An ideal supplement in times of increased mental and physical stress.<\/li>\n<\/ul>\n<p>Administration as prevention 2 ml for every 10 kg of animal weight<\/p>\n<p>Administration during illness and at risk (rain, stress, high physical activity 5) 5 ml for every 10 kg of animal weight<\/p>\n<p>Warning: Store out of reach of children at a temperature of 15-25 \u00b0 C. Be careful not to store in direct sunlight.<\/p>\n<\/div>\n<\/div>","protected":false},"excerpt":{"rendered":"<ul>\n<li>[sc name=\"add_immunity\" ]<\/li>\n<li>[sc name=\"buy_cart_only\" ]<a href=\"https:\/\/enatures.cz\/produkt\/beta-glucan-sirup-200ml-pre-zvierata\/\" target=\"_blank\" rel=\"noopener noreferrer\">K\u00fapi\u0165<\/a><\/li>\n<\/ul>\n<p>V\u00fd\u017eivov\u00fd dopln\u011bk Betaglukan sirup od ProNatures pro pos\u00edlen\u00ed imunitn\u00edho syst\u00e9mu zv\u00ed\u0159at.<\/p>\n","protected":false},"featured_media":7947,"comment_status":"open","ping_status":"closed","template":"","meta":{"_uag_custom_page_level_css":""},"product_brand":[],"product_cat":[155],"product_tag":[],"class_list":{"0":"post-7946","1":"product","2":"type-product","3":"status-publish","4":"has-post-thumbnail","6":"product_cat-vitaminy-imunita-atd","8":"first","9":"instock","10":"shipping-taxable","11":"product-type-simple"},"featured_image_urls_v2":{"full":["https:\/\/www.fipwarriors.eu\/wp-content\/uploads\/2021\/06\/betaglukan-kocka.jpg",1000,1000,false],"thumbnail":["https:\/\/www.fipwarriors.eu\/wp-content\/uploads\/2021\/06\/betaglukan-kocka-150x150.jpg",150,150,true],"medium":["https:\/\/www.fipwarriors.eu\/wp-content\/uploads\/2021\/06\/betaglukan-kocka-300x300.jpg",300,300,true],"medium_large":["https:\/\/www.fipwarriors.eu\/wp-content\/uploads\/2021\/06\/betaglukan-kocka-768x768.jpg",525,525,true],"large":["https:\/\/www.fipwarriors.eu\/wp-content\/uploads\/2021\/06\/betaglukan-kocka.jpg",525,525,false],"1536x1536":["https:\/\/www.fipwarriors.eu\/wp-content\/uploads\/2021\/06\/betaglukan-kocka.jpg",1000,1000,false],"2048x2048":["https:\/\/www.fipwarriors.eu\/wp-content\/uploads\/2021\/06\/betaglukan-kocka.jpg",1000,1000,false],"trp-custom-language-flag":["https:\/\/www.fipwarriors.eu\/wp-content\/uploads\/2021\/06\/betaglukan-kocka-12x12.jpg",12,12,true],"twentyseventeen-featured-image":["https:\/\/www.fipwarriors.eu\/wp-content\/uploads\/2021\/06\/betaglukan-kocka.jpg",1000,1000,false],"twentyseventeen-thumbnail-avatar":["https:\/\/www.fipwarriors.eu\/wp-content\/uploads\/2021\/06\/betaglukan-kocka-100x100.jpg",100,100,true],"woocommerce_thumbnail":["https:\/\/www.fipwarriors.eu\/wp-content\/uploads\/2021\/06\/betaglukan-kocka-250x250.jpg",250,250,true],"woocommerce_single":["https:\/\/www.fipwarriors.eu\/wp-content\/uploads\/2021\/06\/betaglukan-kocka-350x350.jpg",350,350,true],"woocommerce_gallery_thumbnail":["https:\/\/www.fipwarriors.eu\/wp-content\/uploads\/2021\/06\/betaglukan-kocka-100x100.jpg",100,100,true]},"post_excerpt_stackable_v2":"<ul>\n<li>[sc name=\"add_immunity\" ]<\/li>\n<li>[sc name=\"buy_cart_only\" ]<a href=\"https:\/\/enatures.cz\/produkt\/beta-glucan-sirup-200ml-pre-zvierata\/\" target=\"_blank\" rel=\"noopener noreferrer\">K\u00fapi\u0165<\/a><\/li>\n<\/ul>\n<p>V\u00fd\u017eivov\u00fd dopln\u011bk Betaglukan sirup od ProNatures pro pos\u00edlen\u00ed imunitn\u00edho syst\u00e9mu zv\u00ed\u0159at.<\/p>\n","category_list_v2":"","author_info_v2":{"name":"","url":""},"comments_num_v2":"0 comments","yoast_head":"<!-- This site is optimized with the Yoast SEO plugin v27.5 - https:\/\/yoast.com\/product\/yoast-seo-wordpress\/ -->\n<title>Betaglukan sirup - FIP Warriors CZ\/SK \u00ae<\/title>\n<meta name=\"robots\" content=\"noindex, follow\" \/>\n<meta property=\"og:locale\" content=\"en_GB\" \/>\n<meta property=\"og:type\" content=\"article\" \/>\n<meta property=\"og:title\" content=\"Betaglukan sirup - FIP Warriors CZ\/SK \u00ae\" \/>\n<meta property=\"og:description\" content=\"K\u00fapi\u0165  V\u00fd\u017eivov\u00fd dopln\u011bk Betaglukan sirup od ProNatures pro pos\u00edlen\u00ed imunitn\u00edho syst\u00e9mu zv\u00ed\u0159at.\" \/>\n<meta property=\"og:url\" content=\"https:\/\/www.fipwarriors.eu\/en\/product\/betaglukan-sirup\/\" \/>\n<meta property=\"og:site_name\" content=\"FIP Warriors CZ\/SK \u00ae\" \/>\n<meta property=\"article:publisher\" content=\"https:\/\/www.facebook.com\/groups\/fipczsk\" \/>\n<meta property=\"article:modified_time\" content=\"2023-04-12T19:54:26+00:00\" \/>\n<meta property=\"og:image\" content=\"https:\/\/www.fipwarriors.eu\/wp-content\/uploads\/2021\/06\/betaglukan-kocka.jpg\" \/>\n\t<meta property=\"og:image:width\" content=\"1000\" \/>\n\t<meta property=\"og:image:height\" content=\"1000\" \/>\n\t<meta property=\"og:image:type\" content=\"image\/jpeg\" \/>\n<meta name=\"twitter:card\" content=\"summary_large_image\" \/>\n<meta name=\"twitter:label1\" content=\"Estimated reading time\" \/>\n\t<meta name=\"twitter:data1\" content=\"1 minute\" \/>\n<script type=\"application\/ld+json\" class=\"yoast-schema-graph\">{\"@context\":\"https:\\\/\\\/schema.org\",\"@graph\":[{\"@type\":\"WebPage\",\"@id\":\"https:\\\/\\\/www.fipwarriors.eu\\\/produkt\\\/betaglukan-sirup\\\/\",\"url\":\"https:\\\/\\\/www.fipwarriors.eu\\\/produkt\\\/betaglukan-sirup\\\/\",\"name\":\"Betaglukan sirup - FIP Warriors CZ\\\/SK \u00ae\",\"isPartOf\":{\"@id\":\"https:\\\/\\\/www.fipwarriors.eu\\\/#website\"},\"primaryImageOfPage\":{\"@id\":\"https:\\\/\\\/www.fipwarriors.eu\\\/produkt\\\/betaglukan-sirup\\\/#primaryimage\"},\"image\":{\"@id\":\"https:\\\/\\\/www.fipwarriors.eu\\\/produkt\\\/betaglukan-sirup\\\/#primaryimage\"},\"thumbnailUrl\":\"https:\\\/\\\/www.fipwarriors.eu\\\/wp-content\\\/uploads\\\/2021\\\/06\\\/betaglukan-kocka.jpg\",\"datePublished\":\"2021-06-27T20:07:32+00:00\",\"dateModified\":\"2023-04-12T19:54:26+00:00\",\"breadcrumb\":{\"@id\":\"https:\\\/\\\/www.fipwarriors.eu\\\/produkt\\\/betaglukan-sirup\\\/#breadcrumb\"},\"inLanguage\":\"en-GB\",\"potentialAction\":[{\"@type\":\"ReadAction\",\"target\":[\"https:\\\/\\\/www.fipwarriors.eu\\\/produkt\\\/betaglukan-sirup\\\/\"]}]},{\"@type\":\"ImageObject\",\"inLanguage\":\"en-GB\",\"@id\":\"https:\\\/\\\/www.fipwarriors.eu\\\/produkt\\\/betaglukan-sirup\\\/#primaryimage\",\"url\":\"https:\\\/\\\/www.fipwarriors.eu\\\/wp-content\\\/uploads\\\/2021\\\/06\\\/betaglukan-kocka.jpg\",\"contentUrl\":\"https:\\\/\\\/www.fipwarriors.eu\\\/wp-content\\\/uploads\\\/2021\\\/06\\\/betaglukan-kocka.jpg\",\"width\":1000,\"height\":1000},{\"@type\":\"BreadcrumbList\",\"@id\":\"https:\\\/\\\/www.fipwarriors.eu\\\/produkt\\\/betaglukan-sirup\\\/#breadcrumb\",\"itemListElement\":[{\"@type\":\"ListItem\",\"position\":1,\"name\":\"Domovsk\u00e1 str\u00e1nka\",\"item\":\"https:\\\/\\\/www.fipwarriors.eu\\\/\"},{\"@type\":\"ListItem\",\"position\":2,\"name\":\"Obchod\",\"item\":\"https:\\\/\\\/www.fipwarriors.eu\\\/obchod\\\/\"},{\"@type\":\"ListItem\",\"position\":3,\"name\":\"Betaglukan sirup\"}]},{\"@type\":\"WebSite\",\"@id\":\"https:\\\/\\\/www.fipwarriors.eu\\\/#website\",\"url\":\"https:\\\/\\\/www.fipwarriors.eu\\\/\",\"name\":\"FIP Warriors CZ\\\/SK \u00ae\",\"description\":\"Pre v\u0161etk\u00fdch FIP bojovn\u00edkov\",\"publisher\":{\"@id\":\"https:\\\/\\\/www.fipwarriors.eu\\\/#organization\"},\"potentialAction\":[{\"@type\":\"SearchAction\",\"target\":{\"@type\":\"EntryPoint\",\"urlTemplate\":\"https:\\\/\\\/www.fipwarriors.eu\\\/?s={search_term_string}\"},\"query-input\":{\"@type\":\"PropertyValueSpecification\",\"valueRequired\":true,\"valueName\":\"search_term_string\"}}],\"inLanguage\":\"en-GB\"},{\"@type\":\"Organization\",\"@id\":\"https:\\\/\\\/www.fipwarriors.eu\\\/#organization\",\"name\":\"FIP Warriors CZ\\\/SK \u00ae\",\"url\":\"https:\\\/\\\/www.fipwarriors.eu\\\/\",\"logo\":{\"@type\":\"ImageObject\",\"inLanguage\":\"en-GB\",\"@id\":\"https:\\\/\\\/www.fipwarriors.eu\\\/#\\\/schema\\\/logo\\\/image\\\/\",\"url\":\"https:\\\/\\\/www.fipwarriors.eu\\\/wp-content\\\/uploads\\\/2021\\\/12\\\/cropped-fip-warriors-logo.png\",\"contentUrl\":\"https:\\\/\\\/www.fipwarriors.eu\\\/wp-content\\\/uploads\\\/2021\\\/12\\\/cropped-fip-warriors-logo.png\",\"width\":315,\"height\":315,\"caption\":\"FIP Warriors CZ\\\/SK \u00ae\"},\"image\":{\"@id\":\"https:\\\/\\\/www.fipwarriors.eu\\\/#\\\/schema\\\/logo\\\/image\\\/\"},\"sameAs\":[\"https:\\\/\\\/www.facebook.com\\\/groups\\\/fipczsk\"]}]}<\/script>\n<!-- \/ Yoast SEO plugin. -->","yoast_head_json":{"title":"Betaglucan syrup - FIP Warriors CZ\/SK \u00ae","robots":{"index":"noindex","follow":"follow"},"og_locale":"en_GB","og_type":"article","og_title":"Betaglukan sirup - FIP Warriors CZ\/SK \u00ae","og_description":"K\u00fapi\u0165  V\u00fd\u017eivov\u00fd dopln\u011bk Betaglukan sirup od ProNatures pro pos\u00edlen\u00ed imunitn\u00edho syst\u00e9mu zv\u00ed\u0159at.","og_url":"https:\/\/www.fipwarriors.eu\/en\/product\/betaglukan-sirup\/","og_site_name":"FIP Warriors CZ\/SK \u00ae","article_publisher":"https:\/\/www.facebook.com\/groups\/fipczsk","article_modified_time":"2023-04-12T19:54:26+00:00","og_image":[{"width":1000,"height":1000,"url":"https:\/\/www.fipwarriors.eu\/wp-content\/uploads\/2021\/06\/betaglukan-kocka.jpg","type":"image\/jpeg"}],"twitter_card":"summary_large_image","twitter_misc":{"Estimated reading time":"1 minute"},"schema":{"@context":"https:\/\/schema.org","@graph":[{"@type":"WebPage","@id":"https:\/\/www.fipwarriors.eu\/produkt\/betaglukan-sirup\/","url":"https:\/\/www.fipwarriors.eu\/produkt\/betaglukan-sirup\/","name":"Betaglucan syrup - FIP Warriors CZ\/SK \u00ae","isPartOf":{"@id":"https:\/\/www.fipwarriors.eu\/#website"},"primaryImageOfPage":{"@id":"https:\/\/www.fipwarriors.eu\/produkt\/betaglukan-sirup\/#primaryimage"},"image":{"@id":"https:\/\/www.fipwarriors.eu\/produkt\/betaglukan-sirup\/#primaryimage"},"thumbnailUrl":"https:\/\/www.fipwarriors.eu\/wp-content\/uploads\/2021\/06\/betaglukan-kocka.jpg","datePublished":"2021-06-27T20:07:32+00:00","dateModified":"2023-04-12T19:54:26+00:00","breadcrumb":{"@id":"https:\/\/www.fipwarriors.eu\/produkt\/betaglukan-sirup\/#breadcrumb"},"inLanguage":"en-GB","potentialAction":[{"@type":"ReadAction","target":["https:\/\/www.fipwarriors.eu\/produkt\/betaglukan-sirup\/"]}]},{"@type":"ImageObject","inLanguage":"en-GB","@id":"https:\/\/www.fipwarriors.eu\/produkt\/betaglukan-sirup\/#primaryimage","url":"https:\/\/www.fipwarriors.eu\/wp-content\/uploads\/2021\/06\/betaglukan-kocka.jpg","contentUrl":"https:\/\/www.fipwarriors.eu\/wp-content\/uploads\/2021\/06\/betaglukan-kocka.jpg","width":1000,"height":1000},{"@type":"BreadcrumbList","@id":"https:\/\/www.fipwarriors.eu\/produkt\/betaglukan-sirup\/#breadcrumb","itemListElement":[{"@type":"ListItem","position":1,"name":"Domovsk\u00e1 str\u00e1nka","item":"https:\/\/www.fipwarriors.eu\/"},{"@type":"ListItem","position":2,"name":"Obchod","item":"https:\/\/www.fipwarriors.eu\/obchod\/"},{"@type":"ListItem","position":3,"name":"Betaglukan sirup"}]},{"@type":"WebSite","@id":"https:\/\/www.fipwarriors.eu\/#website","url":"https:\/\/www.fipwarriors.eu\/","name":"FIP Warriors CZ \/ SK \u00ae","description":"For all FIP warriors","publisher":{"@id":"https:\/\/www.fipwarriors.eu\/#organization"},"potentialAction":[{"@type":"SearchAction","target":{"@type":"EntryPoint","urlTemplate":"https:\/\/www.fipwarriors.eu\/?s={search_term_string}"},"query-input":{"@type":"PropertyValueSpecification","valueRequired":true,"valueName":"search_term_string"}}],"inLanguage":"en-GB"},{"@type":"Organization","@id":"https:\/\/www.fipwarriors.eu\/#organization","name":"FIP Warriors CZ \/ SK \u00ae","url":"https:\/\/www.fipwarriors.eu\/","logo":{"@type":"ImageObject","inLanguage":"en-GB","@id":"https:\/\/www.fipwarriors.eu\/#\/schema\/logo\/image\/","url":"https:\/\/www.fipwarriors.eu\/wp-content\/uploads\/2021\/12\/cropped-fip-warriors-logo.png","contentUrl":"https:\/\/www.fipwarriors.eu\/wp-content\/uploads\/2021\/12\/cropped-fip-warriors-logo.png","width":315,"height":315,"caption":"FIP Warriors CZ\/SK \u00ae"},"image":{"@id":"https:\/\/www.fipwarriors.eu\/#\/schema\/logo\/image\/"},"sameAs":["https:\/\/www.facebook.com\/groups\/fipczsk"]}]}},"uagb_featured_image_src":{"full":["https:\/\/www.fipwarriors.eu\/wp-content\/uploads\/2021\/06\/betaglukan-kocka.jpg",1000,1000,false],"thumbnail":["https:\/\/www.fipwarriors.eu\/wp-content\/uploads\/2021\/06\/betaglukan-kocka-150x150.jpg",150,150,true],"medium":["https:\/\/www.fipwarriors.eu\/wp-content\/uploads\/2021\/06\/betaglukan-kocka-300x300.jpg",300,300,true],"medium_large":["https:\/\/www.fipwarriors.eu\/wp-content\/uploads\/2021\/06\/betaglukan-kocka-768x768.jpg",525,525,true],"large":["https:\/\/www.fipwarriors.eu\/wp-content\/uploads\/2021\/06\/betaglukan-kocka.jpg",525,525,false],"1536x1536":["https:\/\/www.fipwarriors.eu\/wp-content\/uploads\/2021\/06\/betaglukan-kocka.jpg",1000,1000,false],"2048x2048":["https:\/\/www.fipwarriors.eu\/wp-content\/uploads\/2021\/06\/betaglukan-kocka.jpg",1000,1000,false],"trp-custom-language-flag":["https:\/\/www.fipwarriors.eu\/wp-content\/uploads\/2021\/06\/betaglukan-kocka-12x12.jpg",12,12,true],"twentyseventeen-featured-image":["https:\/\/www.fipwarriors.eu\/wp-content\/uploads\/2021\/06\/betaglukan-kocka.jpg",1000,1000,false],"twentyseventeen-thumbnail-avatar":["https:\/\/www.fipwarriors.eu\/wp-content\/uploads\/2021\/06\/betaglukan-kocka-100x100.jpg",100,100,true],"woocommerce_thumbnail":["https:\/\/www.fipwarriors.eu\/wp-content\/uploads\/2021\/06\/betaglukan-kocka-250x250.jpg",250,250,true],"woocommerce_single":["https:\/\/www.fipwarriors.eu\/wp-content\/uploads\/2021\/06\/betaglukan-kocka-350x350.jpg",350,350,true],"woocommerce_gallery_thumbnail":["https:\/\/www.fipwarriors.eu\/wp-content\/uploads\/2021\/06\/betaglukan-kocka-100x100.jpg",100,100,true]},"uagb_author_info":{"display_name":"L. M.","author_link":"https:\/\/www.fipwarriors.eu\/en\/author\/"},"uagb_comment_info":0,"uagb_excerpt":"[sc name=\"add_immunity\" ] [sc name=\"buy_cart_only\" ]K\u00fapi\u0165 V\u00fd\u017eivov\u00fd dopln\u011bk Betaglukan sirup od ProNatures pro pos\u00edlen\u00ed imunitn\u00edho syst\u00e9mu zv\u00ed\u0159at.","_links":{"self":[{"href":"https:\/\/www.fipwarriors.eu\/en\/wp-json\/wp\/v2\/product\/7946","targetHints":{"allow":["GET"]}}],"collection":[{"href":"https:\/\/www.fipwarriors.eu\/en\/wp-json\/wp\/v2\/product"}],"about":[{"href":"https:\/\/www.fipwarriors.eu\/en\/wp-json\/wp\/v2\/types\/product"}],"replies":[{"embeddable":true,"href":"https:\/\/www.fipwarriors.eu\/en\/wp-json\/wp\/v2\/comments?post=7946"}],"wp:featuredmedia":[{"embeddable":true,"href":"https:\/\/www.fipwarriors.eu\/en\/wp-json\/wp\/v2\/media\/7947"}],"wp:attachment":[{"href":"https:\/\/www.fipwarriors.eu\/en\/wp-json\/wp\/v2\/media?parent=7946"}],"wp:term":[{"taxonomy":"product_brand","embeddable":true,"href":"https:\/\/www.fipwarriors.eu\/en\/wp-json\/wp\/v2\/product_brand?post=7946"},{"taxonomy":"product_cat","embeddable":true,"href":"https:\/\/www.fipwarriors.eu\/en\/wp-json\/wp\/v2\/product_cat?post=7946"},{"taxonomy":"product_tag","embeddable":true,"href":"https:\/\/www.fipwarriors.eu\/en\/wp-json\/wp\/v2\/product_tag?post=7946"}],"curies":[{"name":"wp","href":"https:\/\/api.w.org\/{rel}","templated":true}]}}